{"id":18105,"date":"2024-10-24T10:16:50","date_gmt":"2024-10-24T08:16:50","guid":{"rendered":"http:\/\/billigtrikots.com\/?post_type=product&#038;p=18105"},"modified":"2024-11-20T15:33:36","modified_gmt":"2024-11-20T14:33:36","slug":"kinder-set-england-euro-2024-heimtrikot-em-24-25-harry-kane-9","status":"publish","type":"product","link":"https:\/\/www.billigtrikotde.com\/fr\/kinder-set-england-euro-2024-heimtrikot-em-24-25-harry-kane-9\/","title":{"rendered":"Harry Kane Maillot Enfants Set Angleterre EURO 2024 Maillot domicile EM 24-25 Harry Kane Maillot 9"},"content":{"rendered":"<p>Le maillot de l'Angleterre pour l'Euro 2024 repr\u00e9sente un changement important par rapport aux pr\u00e9c\u00e9dents maillots de l'Angleterre \u00e0 domicile. Le maillot de football Angleterre 2024 combine le blanc classique du pays avec un bleu marine fonc\u00e9 et des d\u00e9tails marron\/rouge clair.We utilise un col sp\u00e9cialement con\u00e7u, qui est une combinaison d'un col V classique et d'un col polo - c'est un \"faux col V\". Les poignets du maillot Angleterre 2024 domicile pr\u00e9sentent de simples d\u00e9tails de rayures bleu marine\/rouge clair\/marron.<\/p>","protected":false},"excerpt":{"rendered":"<p>Das England Euro 2024 Trikot ist eine starke Ver\u00e4nderung gegen\u00fcber den bisherigen England Heimtrikots. Das England 2024 Fu\u00dfballtrikot kombiniert das klassische Wei\u00df des Landes mit einem dunklen Marineblau und kastanienbraunen\/hellroten Details.We verwendet einen speziell konstruierten Kragen, der eine Kombination aus einem klassischen V-Kragen und einem Polokragen ist \u2013 es ist ein \u201efalscher V-Polokragen\u201c. Die \u00c4rmelb\u00fcndchen [&hellip;]<\/p>","protected":false},"featured_media":18154,"comment_status":"open","ping_status":"closed","template":"","meta":[],"product_brand":[],"product_cat":[1096,1072],"product_tag":[20,1076,1077,1097,21,22,23,24],"class_list":{"0":"post-18105","1":"product","2":"type-product","3":"status-publish","4":"has-post-thumbnail","6":"product_cat-em-2024-england","7":"product_cat-em-2024-trikots","8":"product_tag-coole-fussballtrikots","9":"product_tag-em-2024-trikot","10":"product_tag-em-2024-trikot-herren","11":"product_tag-england-trikot-em-2024","12":"product_tag-fussballtrikot-fuer-herren","13":"product_tag-fussballtrikot-guenstig-kaufen","14":"product_tag-fussballtrikot-kurzarm","15":"product_tag-guenstiges-fussballtrikot","17":"first","18":"instock","19":"shipping-taxable","20":"purchasable","21":"product-type-variable"},"_links":{"self":[{"href":"https:\/\/www.billigtrikotde.com\/fr\/wp-json\/wp\/v2\/product\/18105","targetHints":{"allow":["GET"]}}],"collection":[{"href":"https:\/\/www.billigtrikotde.com\/fr\/wp-json\/wp\/v2\/product"}],"about":[{"href":"https:\/\/www.billigtrikotde.com\/fr\/wp-json\/wp\/v2\/types\/product"}],"replies":[{"embeddable":true,"href":"https:\/\/www.billigtrikotde.com\/fr\/wp-json\/wp\/v2\/comments?post=18105"}],"wp:featuredmedia":[{"embeddable":true,"href":"https:\/\/www.billigtrikotde.com\/fr\/wp-json\/wp\/v2\/media\/18154"}],"wp:attachment":[{"href":"https:\/\/www.billigtrikotde.com\/fr\/wp-json\/wp\/v2\/media?parent=18105"}],"wp:term":[{"taxonomy":"product_brand","embeddable":true,"href":"https:\/\/www.billigtrikotde.com\/fr\/wp-json\/wp\/v2\/product_brand?post=18105"},{"taxonomy":"product_cat","embeddable":true,"href":"https:\/\/www.billigtrikotde.com\/fr\/wp-json\/wp\/v2\/product_cat?post=18105"},{"taxonomy":"product_tag","embeddable":true,"href":"https:\/\/www.billigtrikotde.com\/fr\/wp-json\/wp\/v2\/product_tag?post=18105"}],"curies":[{"name":"wp","href":"https:\/\/api.w.org\/{rel}","templated":true}]}}