{"id":18094,"date":"2024-10-24T10:16:14","date_gmt":"2024-10-24T08:16:14","guid":{"rendered":"http:\/\/billigtrikots.com\/?post_type=product&#038;p=18094"},"modified":"2024-10-24T10:18:57","modified_gmt":"2024-10-24T08:18:57","slug":"frauen-portugal-euro-2024-heimtrikot-em-24-25-rot-kurzarm-kaufen","status":"publish","type":"product","link":"https:\/\/www.billigtrikotde.com\/fr\/frauen-portugal-euro-2024-heimtrikot-em-24-25-rot-kurzarm-kaufen\/","title":{"rendered":"Femmes Portugal EURO 2024 Maillot domicile EM 24-25 Rouge Manches Courtes Acheter"},"content":{"rendered":"<p>Le maillot du Portugal pour l'Euro 2024 reprend la couleur rouge classique du pays, mais en l'associant \u00e0 d'autres couleurs que celles utilis\u00e9es ces derni\u00e8res ann\u00e9es. Il est principalement rouge, combin\u00e9 avec des applications vertes et noires, auxquelles s'ajoute un beige clair pour le sowoosh, ainsi que les noms et num\u00e9ros. Officiellement, les couleurs sont \"University Red\/Pine Green\/Sail\". Le maillot Portugal 2024 n'utilise pas de design graphique, mais laisse les couleurs au premier plan. L'int\u00e9rieur du col est orn\u00e9 d'une inscription sp\u00e9ciale \"Portugal\".<\/p>","protected":false},"excerpt":{"rendered":"<p>Das Portugal Euro 2024 Trikot zeigt die klassische rote Farbe des Landes, aber kombiniert mit anderen Farben als in den letzten Jahren. Es ist haupts\u00e4chlich rot, kombiniert mit gr\u00fcnen und schwarzen Applikationen, dazu kommt ein helles Beige f\u00fcr den Sowoosh, sowie die Namen und Nummern. Offiziell lauten die Farben \u201eUniversity Red\/Pine Green\/Sail\u201c.Verwendet f\u00fcr das Trikot [&hellip;]<\/p>","protected":false},"featured_media":18134,"comment_status":"open","ping_status":"closed","template":"","meta":[],"product_brand":[],"product_cat":[1094,1072],"product_tag":[20,1076,1077,21,22,23,24,1095],"class_list":{"0":"post-18094","1":"product","2":"type-product","3":"status-publish","4":"has-post-thumbnail","6":"product_cat-em-2024-portugal","7":"product_cat-em-2024-trikots","8":"product_tag-coole-fussballtrikots","9":"product_tag-em-2024-trikot","10":"product_tag-em-2024-trikot-herren","11":"product_tag-fussballtrikot-fuer-herren","12":"product_tag-fussballtrikot-guenstig-kaufen","13":"product_tag-fussballtrikot-kurzarm","14":"product_tag-guenstiges-fussballtrikot","15":"product_tag-portugal-trikot-em-2024","17":"first","18":"instock","19":"shipping-taxable","20":"purchasable","21":"product-type-variable"},"_links":{"self":[{"href":"https:\/\/www.billigtrikotde.com\/fr\/wp-json\/wp\/v2\/product\/18094","targetHints":{"allow":["GET"]}}],"collection":[{"href":"https:\/\/www.billigtrikotde.com\/fr\/wp-json\/wp\/v2\/product"}],"about":[{"href":"https:\/\/www.billigtrikotde.com\/fr\/wp-json\/wp\/v2\/types\/product"}],"replies":[{"embeddable":true,"href":"https:\/\/www.billigtrikotde.com\/fr\/wp-json\/wp\/v2\/comments?post=18094"}],"wp:featuredmedia":[{"embeddable":true,"href":"https:\/\/www.billigtrikotde.com\/fr\/wp-json\/wp\/v2\/media\/18134"}],"wp:attachment":[{"href":"https:\/\/www.billigtrikotde.com\/fr\/wp-json\/wp\/v2\/media?parent=18094"}],"wp:term":[{"taxonomy":"product_brand","embeddable":true,"href":"https:\/\/www.billigtrikotde.com\/fr\/wp-json\/wp\/v2\/product_brand?post=18094"},{"taxonomy":"product_cat","embeddable":true,"href":"https:\/\/www.billigtrikotde.com\/fr\/wp-json\/wp\/v2\/product_cat?post=18094"},{"taxonomy":"product_tag","embeddable":true,"href":"https:\/\/www.billigtrikotde.com\/fr\/wp-json\/wp\/v2\/product_tag?post=18094"}],"curies":[{"name":"wp","href":"https:\/\/api.w.org\/{rel}","templated":true}]}}