{"id":1806,"date":"2024-10-23T13:46:45","date_gmt":"2024-10-23T11:46:45","guid":{"rendered":"http:\/\/billigtrikots.com\/?post_type=product&#038;p=1806"},"modified":"2024-10-23T13:48:16","modified_gmt":"2024-10-23T11:48:16","slug":"bvb-borussia-dortmund-auswaertstrikot-2022-asphalt-schwarz","status":"publish","type":"product","link":"https:\/\/www.billigtrikotde.com\/fr\/bvb-borussia-dortmund-auswaertstrikot-2022-asphalt-schwarz\/","title":{"rendered":"BVB Borussia Dortmund Maillot Ext\u00e9rieur 2022 Asphalte\/Noir"},"content":{"rendered":"<p>Montrez au monde pour quelle \u00e9quipe vous applaudissez avec ce maillot ext\u00e9rieur officiel Herren du Borussia Dortmund 21\/22. Avec le logo embl\u00e9matique BVB 09 sur la poitrine et le m\u00eame Logo Cat PUMA embl\u00e9matique, ce maillot est aussi agr\u00e9able \u00e0 porter qu'il en a l'air. Il est compos\u00e9 de polyester recycl\u00e9 \u00e0 100 % et pr\u00e9sente une encolure en V avec une construction c\u00f4tel\u00e9e dans le dos et un mat\u00e9riau Shell \u00e0 l'avant, manches raglan avec inserts en mesh sur les \u00e9paules et poignets marqu\u00e9s par des coloris contrastants avec des coutures coll\u00e9es sur les deux manches.<\/p>\n<p>Conseils pour l'impression : Si le nom et le num\u00e9ro figurant sur l'image correspondent exactement \u00e0 ce que vous souhaitez, vous ne devez pas les saisir \u00e0 nouveau. Si ce n'est pas le cas, vous devez saisir le nom et le num\u00e9ro que vous souhaitez.<\/p>\n<p>Conseils pour le lavage : Il est recommand\u00e9 de laver les maillots de football \u00e0 la main. Si vous souhaitez utiliser la machine \u00e0 laver, pensez \u00e0 retourner les maillots de football avant de les laver. Remplissez la machine avec de l'eau froide et utilisez un cycle de lavage d\u00e9licat pour mieux prot\u00e9ger les couleurs.<\/p>","protected":false},"excerpt":{"rendered":"<p>Zeige der Welt, f\u00fcr welche Mannschaft du jubelst mit diesem offiziellen BVB Borussia Dortmund Herren Ausw\u00e4rtstrikot 21\/22. Mit dem kultigen BVB 09 Logo auf der Brust und dem ebenso kultigen PUMA Cat Logo f\u00fchlt sich dieses Trikot genauso gut an, wie es aussieht. Es besteht aus 100 % recyceltem Polyester und hat einen V-Ausschnitt mit [&hellip;]<\/p>","protected":false},"featured_media":1838,"comment_status":"open","ping_status":"closed","template":"","meta":[],"product_brand":[],"product_cat":[63],"product_tag":[20,68,65,66,67,21,22,23,24],"class_list":{"0":"post-1806","1":"product","2":"type-product","3":"status-publish","4":"has-post-thumbnail","6":"product_cat-borussia-dortmund","7":"product_tag-coole-fussballtrikots","8":"product_tag-borussia-dortmund-auswaertstrikot","9":"product_tag-borussia-dortmund-trikots","10":"product_tag-bvb-trikots","11":"product_tag-fussball-trikotsatz","12":"product_tag-fussballtrikot-fuer-herren","13":"product_tag-fussballtrikot-guenstig-kaufen","14":"product_tag-fussballtrikot-kurzarm","15":"product_tag-guenstiges-fussballtrikot","17":"first","18":"instock","19":"shipping-taxable","20":"purchasable","21":"product-type-variable"},"_links":{"self":[{"href":"https:\/\/www.billigtrikotde.com\/fr\/wp-json\/wp\/v2\/product\/1806","targetHints":{"allow":["GET"]}}],"collection":[{"href":"https:\/\/www.billigtrikotde.com\/fr\/wp-json\/wp\/v2\/product"}],"about":[{"href":"https:\/\/www.billigtrikotde.com\/fr\/wp-json\/wp\/v2\/types\/product"}],"replies":[{"embeddable":true,"href":"https:\/\/www.billigtrikotde.com\/fr\/wp-json\/wp\/v2\/comments?post=1806"}],"wp:featuredmedia":[{"embeddable":true,"href":"https:\/\/www.billigtrikotde.com\/fr\/wp-json\/wp\/v2\/media\/1838"}],"wp:attachment":[{"href":"https:\/\/www.billigtrikotde.com\/fr\/wp-json\/wp\/v2\/media?parent=1806"}],"wp:term":[{"taxonomy":"product_brand","embeddable":true,"href":"https:\/\/www.billigtrikotde.com\/fr\/wp-json\/wp\/v2\/product_brand?post=1806"},{"taxonomy":"product_cat","embeddable":true,"href":"https:\/\/www.billigtrikotde.com\/fr\/wp-json\/wp\/v2\/product_cat?post=1806"},{"taxonomy":"product_tag","embeddable":true,"href":"https:\/\/www.billigtrikotde.com\/fr\/wp-json\/wp\/v2\/product_tag?post=1806"}],"curies":[{"name":"wp","href":"https:\/\/api.w.org\/{rel}","templated":true}]}}