{"id":17981,"date":"2024-10-24T10:10:23","date_gmt":"2024-10-24T08:10:23","guid":{"rendered":"http:\/\/billigtrikots.com\/?post_type=product&#038;p=17981"},"modified":"2024-10-24T10:12:38","modified_gmt":"2024-10-24T08:12:38","slug":"italien-euro-2024-auswaertstrikot-em-24-weiss-kurzarm-nicolo-barella-18","status":"publish","type":"product","link":"https:\/\/www.billigtrikotde.com\/fr\/italien-euro-2024-auswaertstrikot-em-24-weiss-kurzarm-nicolo-barella-18\/","title":{"rendered":"Italie Euro 2024 Maillot Ext\u00e9rieur EM 24 blanc manches courtes Nicolo Barella 18"},"content":{"rendered":"<p>Le maillot ext\u00e9rieur Italien 2024 combine une couleur de fond blanche avec des logos bleus. Ce qui distingue le maillot ext\u00e9rieur Italien 2024, ce sont les panneaux des deux c\u00f4t\u00e9s. Le maillot ext\u00e9rieur Italien 2024 s'inspire du maillot du Mondial de l'unit\u00e9 d'\u00e9quipe 2006 et pr\u00e9sente un design de panneaux tricolore qui repr\u00e9sente le drapeau italien \u2013 vert, blanc et rouge. Mis \u00e0 part la bande lat\u00e9rale, le maillot ext\u00e9rieur Italien 2024 est moderne. Le mat\u00e9riau du maillot int\u00e8gre une technique de ventilation en forme de la lettre \u00ab I \u00bb de l'Italie. Cela existe probablement uniquement avec le mat\u00e9riau Heat.Rdy de haute qualit\u00e9.<\/p>\n<p>Conseils pour l'impression : Si le nom et le num\u00e9ro figurant sur l'image correspondent exactement \u00e0 ce que vous souhaitez, vous ne devez pas les saisir \u00e0 nouveau. Si ce n'est pas le cas, vous devez saisir le nom et le num\u00e9ro que vous souhaitez.<\/p>\n<p>Conseils pour le lavage : Il est recommand\u00e9 de laver les maillots de football \u00e0 la main. Si vous souhaitez utiliser la machine \u00e0 laver, pensez \u00e0 retourner les maillots de football avant de les laver. Remplissez la machine avec de l'eau froide et utilisez un cycle de lavage d\u00e9licat pour mieux prot\u00e9ger les couleurs.<\/p>","protected":false},"excerpt":{"rendered":"<p>Das Italien 2024 Ausw\u00e4rtstrikot kombiniert eine wei\u00dfe Grundfarbe mit blauen Logos. Was das Italien 2024 Ausw\u00e4rtstrikot auszeichnet, sind die Paneele auf beiden Seiten.Das Italien 2024 Ausw\u00e4rtstrikot ist vom Teamgeist WM-Trikot 2006 inspiriert und hat ein dreifarbiges Panel-Design, das die italienische Flagge darstellt &#8211; gr\u00fcn, wei\u00df und rot.Abgesehen von dem Seitenstreifen ist das Italien 2024 Ausw\u00e4rtstrikot [&hellip;]<\/p>","protected":false},"featured_media":18023,"comment_status":"open","ping_status":"closed","template":"","meta":[],"product_brand":[],"product_cat":[1081,1072],"product_tag":[20,1076,1077,22,426,24,1082],"class_list":{"0":"post-17981","1":"product","2":"type-product","3":"status-publish","4":"has-post-thumbnail","6":"product_cat-em-2024-italien","7":"product_cat-em-2024-trikots","8":"product_tag-coole-fussballtrikots","9":"product_tag-em-2024-trikot","10":"product_tag-em-2024-trikot-herren","11":"product_tag-fussballtrikot-guenstig-kaufen","12":"product_tag-fussballtrikots-kurzarm","13":"product_tag-guenstiges-fussballtrikot","14":"product_tag-italien-trikot-em-2024","16":"first","17":"instock","18":"shipping-taxable","19":"purchasable","20":"product-type-variable"},"_links":{"self":[{"href":"https:\/\/www.billigtrikotde.com\/fr\/wp-json\/wp\/v2\/product\/17981","targetHints":{"allow":["GET"]}}],"collection":[{"href":"https:\/\/www.billigtrikotde.com\/fr\/wp-json\/wp\/v2\/product"}],"about":[{"href":"https:\/\/www.billigtrikotde.com\/fr\/wp-json\/wp\/v2\/types\/product"}],"replies":[{"embeddable":true,"href":"https:\/\/www.billigtrikotde.com\/fr\/wp-json\/wp\/v2\/comments?post=17981"}],"wp:featuredmedia":[{"embeddable":true,"href":"https:\/\/www.billigtrikotde.com\/fr\/wp-json\/wp\/v2\/media\/18023"}],"wp:attachment":[{"href":"https:\/\/www.billigtrikotde.com\/fr\/wp-json\/wp\/v2\/media?parent=17981"}],"wp:term":[{"taxonomy":"product_brand","embeddable":true,"href":"https:\/\/www.billigtrikotde.com\/fr\/wp-json\/wp\/v2\/product_brand?post=17981"},{"taxonomy":"product_cat","embeddable":true,"href":"https:\/\/www.billigtrikotde.com\/fr\/wp-json\/wp\/v2\/product_cat?post=17981"},{"taxonomy":"product_tag","embeddable":true,"href":"https:\/\/www.billigtrikotde.com\/fr\/wp-json\/wp\/v2\/product_tag?post=17981"}],"curies":[{"name":"wp","href":"https:\/\/api.w.org\/{rel}","templated":true}]}}