{"id":17968,"date":"2024-10-24T10:09:44","date_gmt":"2024-10-24T08:09:44","guid":{"rendered":"http:\/\/billigtrikots.com\/?post_type=product&#038;p=17968"},"modified":"2024-10-24T10:12:06","modified_gmt":"2024-10-24T08:12:06","slug":"fussball-trikot-spanien-euro-2024-heimtrikot-em-24-rot-mit-aufdruck-pedri-26","status":"publish","type":"product","link":"https:\/\/www.billigtrikotde.com\/fr\/fussball-trikot-spanien-euro-2024-heimtrikot-em-24-rot-mit-aufdruck-pedri-26\/","title":{"rendered":"Maillot de foot Espagne Euro 2024 Maillot domicile EM 24 Rouge avec impression Pedri 26"},"content":{"rendered":"<p>Le maillot Espagne 2024 a un look accrocheur qui fait ressortir le mod\u00e8le 2024. Il combine un rouge intense avec un jaune riche pour tous les logos et les applications.Il est tr\u00e8s discret, mais le maillot 2024 de l'Espagne a un motif de vagues\/sable qui est int\u00e9gr\u00e9 dans le design.<\/p>\n<p>Conseils pour l'impression : Si le nom et le num\u00e9ro figurant sur l'image correspondent exactement \u00e0 ce que vous souhaitez, vous ne devez pas les saisir \u00e0 nouveau. Si ce n'est pas le cas, vous devez saisir le nom et le num\u00e9ro que vous souhaitez.<\/p>\n<p>Conseils pour le lavage : Il est recommand\u00e9 de laver les maillots de football \u00e0 la main. Si vous souhaitez utiliser la machine \u00e0 laver, pensez \u00e0 retourner les maillots de football avant de les laver. Remplissez la machine avec de l'eau froide et utilisez un cycle de lavage d\u00e9licat pour mieux prot\u00e9ger les couleurs.<\/p>","protected":false},"excerpt":{"rendered":"<p>Le maillot Espagne 2024 a un look saisissant qui fait ressortir le mod\u00e8le 2024. Il associe un rouge profond \u00e0 un jaune vivant pour tous les logos et les applications. Il est tr\u00e8s discret, mais le maillot 2024 d'Espagne pr\u00e9sente un motif de vagues\/sable int\u00e9gr\u00e9 au design. Conseils d'impression: Lorsque le nom et le num\u00e9ro [\u2026]<\/p>","protected":false},"featured_media":18004,"comment_status":"open","ping_status":"closed","template":"","meta":[],"product_brand":[],"product_cat":[1079,1072],"product_tag":[20,1076,1077,22,426,24,1080],"class_list":{"0":"post-17968","1":"product","2":"type-product","3":"status-publish","4":"has-post-thumbnail","6":"product_cat-em-2024-spanien","7":"product_cat-em-2024-trikots","8":"product_tag-coole-fussballtrikots","9":"product_tag-em-2024-trikot","10":"product_tag-em-2024-trikot-herren","11":"product_tag-fussballtrikot-guenstig-kaufen","12":"product_tag-fussballtrikots-kurzarm","13":"product_tag-guenstiges-fussballtrikot","14":"product_tag-spanien-trikot-em-2024","16":"first","17":"instock","18":"shipping-taxable","19":"purchasable","20":"product-type-variable"},"_links":{"self":[{"href":"https:\/\/www.billigtrikotde.com\/fr\/wp-json\/wp\/v2\/product\/17968","targetHints":{"allow":["GET"]}}],"collection":[{"href":"https:\/\/www.billigtrikotde.com\/fr\/wp-json\/wp\/v2\/product"}],"about":[{"href":"https:\/\/www.billigtrikotde.com\/fr\/wp-json\/wp\/v2\/types\/product"}],"replies":[{"embeddable":true,"href":"https:\/\/www.billigtrikotde.com\/fr\/wp-json\/wp\/v2\/comments?post=17968"}],"wp:featuredmedia":[{"embeddable":true,"href":"https:\/\/www.billigtrikotde.com\/fr\/wp-json\/wp\/v2\/media\/18004"}],"wp:attachment":[{"href":"https:\/\/www.billigtrikotde.com\/fr\/wp-json\/wp\/v2\/media?parent=17968"}],"wp:term":[{"taxonomy":"product_brand","embeddable":true,"href":"https:\/\/www.billigtrikotde.com\/fr\/wp-json\/wp\/v2\/product_brand?post=17968"},{"taxonomy":"product_cat","embeddable":true,"href":"https:\/\/www.billigtrikotde.com\/fr\/wp-json\/wp\/v2\/product_cat?post=17968"},{"taxonomy":"product_tag","embeddable":true,"href":"https:\/\/www.billigtrikotde.com\/fr\/wp-json\/wp\/v2\/product_tag?post=17968"}],"curies":[{"name":"wp","href":"https:\/\/api.w.org\/{rel}","templated":true}]}}