{"id":17931,"date":"2024-10-24T10:07:33","date_gmt":"2024-10-24T08:07:33","guid":{"rendered":"http:\/\/billigtrikots.com\/?post_type=product&#038;p=17931"},"modified":"2024-10-24T10:10:16","modified_gmt":"2024-10-24T08:10:16","slug":"spanien-trikot-euro-2024-auswaertstrikot-em-24-hellgelben-kurzarm-alejandro-balde-3","status":"publish","type":"product","link":"https:\/\/www.billigtrikotde.com\/fr\/spanien-trikot-euro-2024-auswaertstrikot-em-24-hellgelben-kurzarm-alejandro-balde-3\/","title":{"rendered":"Espagne Maillot ext\u00e9rieur Euro 2024 Maillot jaune clair 24 manches courtes Alejandro Balde 3"},"content":{"rendered":"<p>Le maillot ext\u00e9rieur Espagne 2024 a une combinaison de couleurs fra\u00eeche et frappante. Il est principalement d'un jaune n\u00e9on p\u00e2le, peut-\u00eatre inspir\u00e9 par les dunes de sable du pays. Le nom officiel de la couleur du maillot ext\u00e9rieur Espagne 2024 est \u00ab Pulse Yellow \u00bb. Une caract\u00e9ristique unique du maillot ext\u00e9rieur Espagne Euro 2024 sont les panneaux \u2013 les panneaux bleu clair sont orn\u00e9s d'un motif de dunes de sable.<\/p>\n<p>Conseils pour l'impression : Si le nom et le num\u00e9ro figurant sur l'image correspondent exactement \u00e0 ce que vous souhaitez, vous ne devez pas les saisir \u00e0 nouveau. Si ce n'est pas le cas, vous devez saisir le nom et le num\u00e9ro que vous souhaitez.<\/p>\n<p>Conseils pour le lavage : Il est recommand\u00e9 de laver les maillots de football \u00e0 la main. Si vous souhaitez utiliser la machine \u00e0 laver, pensez \u00e0 retourner les maillots de football avant de les laver. Remplissez la machine avec de l'eau froide et utilisez un cycle de lavage d\u00e9licat pour mieux prot\u00e9ger les couleurs.<\/p>","protected":false},"excerpt":{"rendered":"<p>Le maillot ext\u00e9rieur Espagne 2024 a une combinaison de couleurs fra\u00eeche et frappante. Il est principalement d'un jaune n\u00e9on p\u00e2le, peut-\u00eatre inspir\u00e9 par les dunes de sable du pays. Le nom officiel de la couleur du maillot ext\u00e9rieur Espagne 2024 est \u00ab Pulse Yellow \u00bb. Une caract\u00e9ristique unique du maillot ext\u00e9rieur Espagne Euro 2024 sont les panneaux \u2013 les panneaux bleu clair sont orn\u00e9s d'un motif de dunes de sable.<\/p>","protected":false},"featured_media":17975,"comment_status":"open","ping_status":"closed","template":"","meta":[],"product_brand":[],"product_cat":[1079,1072],"product_tag":[20,1076,1077,22,426,24,1080],"class_list":{"0":"post-17931","1":"product","2":"type-product","3":"status-publish","4":"has-post-thumbnail","6":"product_cat-em-2024-spanien","7":"product_cat-em-2024-trikots","8":"product_tag-coole-fussballtrikots","9":"product_tag-em-2024-trikot","10":"product_tag-em-2024-trikot-herren","11":"product_tag-fussballtrikot-guenstig-kaufen","12":"product_tag-fussballtrikots-kurzarm","13":"product_tag-guenstiges-fussballtrikot","14":"product_tag-spanien-trikot-em-2024","16":"first","17":"instock","18":"shipping-taxable","19":"purchasable","20":"product-type-variable"},"_links":{"self":[{"href":"https:\/\/www.billigtrikotde.com\/fr\/wp-json\/wp\/v2\/product\/17931","targetHints":{"allow":["GET"]}}],"collection":[{"href":"https:\/\/www.billigtrikotde.com\/fr\/wp-json\/wp\/v2\/product"}],"about":[{"href":"https:\/\/www.billigtrikotde.com\/fr\/wp-json\/wp\/v2\/types\/product"}],"replies":[{"embeddable":true,"href":"https:\/\/www.billigtrikotde.com\/fr\/wp-json\/wp\/v2\/comments?post=17931"}],"wp:featuredmedia":[{"embeddable":true,"href":"https:\/\/www.billigtrikotde.com\/fr\/wp-json\/wp\/v2\/media\/17975"}],"wp:attachment":[{"href":"https:\/\/www.billigtrikotde.com\/fr\/wp-json\/wp\/v2\/media?parent=17931"}],"wp:term":[{"taxonomy":"product_brand","embeddable":true,"href":"https:\/\/www.billigtrikotde.com\/fr\/wp-json\/wp\/v2\/product_brand?post=17931"},{"taxonomy":"product_cat","embeddable":true,"href":"https:\/\/www.billigtrikotde.com\/fr\/wp-json\/wp\/v2\/product_cat?post=17931"},{"taxonomy":"product_tag","embeddable":true,"href":"https:\/\/www.billigtrikotde.com\/fr\/wp-json\/wp\/v2\/product_tag?post=17931"}],"curies":[{"name":"wp","href":"https:\/\/api.w.org\/{rel}","templated":true}]}}