{"id":17916,"date":"2024-10-24T10:06:52","date_gmt":"2024-10-24T08:06:52","guid":{"rendered":"http:\/\/billigtrikots.com\/?post_type=product&#038;p=17916"},"modified":"2024-10-24T10:09:04","modified_gmt":"2024-10-24T08:09:04","slug":"deutschland-trikot-kinder-dfb-em-2024-heimtrikot-euro-24-weiss-fuer-jungs-kai-havertz-7","status":"publish","type":"product","link":"https:\/\/www.billigtrikotde.com\/fr\/deutschland-trikot-kinder-dfb-em-2024-heimtrikot-euro-24-weiss-fuer-jungs-kai-havertz-7\/","title":{"rendered":"Allemagne Maillot Enfants DFB Euro 2024 Maillot domicile Euro 24 blanc pour gar\u00e7ons Kai Havertz 7"},"content":{"rendered":"<p>Les premi\u00e8res fuites de maillots montrent \u00e0 nouveau le maillot de l'EURO 2024 de l'Allemagne dans les couleurs traditionnelles blanc et noir, avec un short blanc et des chaussettes blanches. Pour les maillots de l'Allemagne, des designs uniques sont toujours cr\u00e9\u00e9s, cette fois en s'inspirant des maillots de la DFB de la Coupe du Monde 1994 avec les losanges en noir, rouge et or. Le maillot domicile de l'Euro 2024 de l'Allemagne comporte un petit d\u00e9tail cach\u00e9 sympathique. Sur l'int\u00e9rieur du col se trouve le motif du drapeau, \u00e9galement visible sur les manches. Le maillot de l'Allemagne 2024 a un design moderne et remarquable. Il est principalement blanc, ce qui est encore plus int\u00e9ressant. Les manches pr\u00e9sentent un d\u00e9grad\u00e9 tricolore du drapeau allemand, avec trois bandes blanches par-dessus et un effet inspir\u00e9 de la Coupe du Monde 1994. Cela cr\u00e9e un look spectaculaire. Sur le devant du maillot domicile de l'Euro 2024 de l'Allemagne, il y a un motif constitu\u00e9 du logo de la DFB. Ce motif est \u00e9galement inspir\u00e9 du maillot de la Coupe du Monde 1994.<\/p>\n<p>Conseils pour l'impression : Si le nom et le num\u00e9ro figurant sur l'image correspondent exactement \u00e0 ce que vous souhaitez, vous ne devez pas les saisir \u00e0 nouveau. Si ce n'est pas le cas, vous devez saisir le nom et le num\u00e9ro que vous souhaitez.<\/p>\n<p>Conseils pour le lavage : Il est recommand\u00e9 de laver les maillots de football \u00e0 la main. Si vous souhaitez utiliser la machine \u00e0 laver, pensez \u00e0 retourner les maillots de football avant de les laver. Remplissez la machine avec de l'eau froide et utilisez un cycle de lavage d\u00e9licat pour mieux prot\u00e9ger les couleurs.<\/p>","protected":false},"excerpt":{"rendered":"<p>Die ersten Trikot Leaks zeigen das Deutschland EM Trikot 2024 wieder in traditionellen Farben Wei\u00df und Schwarz, mit wei\u00dfer Hose und Stutzen. F\u00fcr die Deutschland Trikots werden immer einzigartige Designs entworfen, dieses Mal orientiert sich man an den DFB Trikots der WM 1994 mit den Rauten in schwarz-rot-gold.Die Deutschland Euro 2024 Heimtrikots kommt mit einem [&hellip;]<\/p>","protected":false},"featured_media":17955,"comment_status":"open","ping_status":"closed","template":"","meta":[],"product_brand":[],"product_cat":[1073,1072],"product_tag":[20,1074,1075,1076,1078,22,396,24],"class_list":{"0":"post-17916","1":"product","2":"type-product","3":"status-publish","4":"has-post-thumbnail","6":"product_cat-em-2024-deutschland","7":"product_cat-em-2024-trikots","8":"product_tag-coole-fussballtrikots","9":"product_tag-deutschland-trikot-em-2024","10":"product_tag-dfb-em-trikots-2024","11":"product_tag-em-2024-trikot","12":"product_tag-em-2024-trikot-kinder","13":"product_tag-fussballtrikot-guenstig-kaufen","14":"product_tag-fussballtrikots-langarm","15":"product_tag-guenstiges-fussballtrikot","17":"first","18":"instock","19":"shipping-taxable","20":"purchasable","21":"product-type-variable"},"_links":{"self":[{"href":"https:\/\/www.billigtrikotde.com\/fr\/wp-json\/wp\/v2\/product\/17916","targetHints":{"allow":["GET"]}}],"collection":[{"href":"https:\/\/www.billigtrikotde.com\/fr\/wp-json\/wp\/v2\/product"}],"about":[{"href":"https:\/\/www.billigtrikotde.com\/fr\/wp-json\/wp\/v2\/types\/product"}],"replies":[{"embeddable":true,"href":"https:\/\/www.billigtrikotde.com\/fr\/wp-json\/wp\/v2\/comments?post=17916"}],"wp:featuredmedia":[{"embeddable":true,"href":"https:\/\/www.billigtrikotde.com\/fr\/wp-json\/wp\/v2\/media\/17955"}],"wp:attachment":[{"href":"https:\/\/www.billigtrikotde.com\/fr\/wp-json\/wp\/v2\/media?parent=17916"}],"wp:term":[{"taxonomy":"product_brand","embeddable":true,"href":"https:\/\/www.billigtrikotde.com\/fr\/wp-json\/wp\/v2\/product_brand?post=17916"},{"taxonomy":"product_cat","embeddable":true,"href":"https:\/\/www.billigtrikotde.com\/fr\/wp-json\/wp\/v2\/product_cat?post=17916"},{"taxonomy":"product_tag","embeddable":true,"href":"https:\/\/www.billigtrikotde.com\/fr\/wp-json\/wp\/v2\/product_tag?post=17916"}],"curies":[{"name":"wp","href":"https:\/\/api.w.org\/{rel}","templated":true}]}}