{"id":17870,"date":"2024-10-24T10:04:10","date_gmt":"2024-10-24T08:04:10","guid":{"rendered":"http:\/\/billigtrikots.com\/?post_type=product&#038;p=17870"},"modified":"2024-10-24T10:06:46","modified_gmt":"2024-10-24T08:06:46","slug":"frauen-fussballtrikots-dfb-deutschland-em-2024-heimtrikot-euro-24-weiss-kurzarm","status":"publish","type":"product","link":"https:\/\/www.billigtrikotde.com\/fr\/frauen-fussballtrikots-dfb-deutschland-em-2024-heimtrikot-euro-24-weiss-kurzarm\/","title":{"rendered":"Femmes Maillots de football DFB Allemagne Euro 2024 \u00e0 domicile Euro 24 blanc manches courtes"},"content":{"rendered":"<p>Les maillots domicile de l'Euro 2024 de l'Allemagne arrivent avec un joli petit d\u00e9tail cach\u00e9. Sur l'int\u00e9rieur du col se trouve le motif du drapeau, qui est \u00e9galement visible sur les manches. Le maillot de l'Allemagne 2024 a un design moderne et remarquable. Il est bien s\u00fbr principalement blanc, ce qui est encore plus int\u00e9ressant. Les manches ont le d\u00e9grad\u00e9 tricolore du drapeau allemand, avec des bandes blanches dessus et un effet inspir\u00e9 de la Coupe du Monde 1994. Cela cr\u00e9e un look spectaculaire. Sur le devant du maillot domicile de l'Euro 2024 de l'Allemagne, se trouve un motif compos\u00e9 du logo DFB. Ce motif est \u00e9galement inspir\u00e9 du maillot de la Coupe du Monde 1994.<\/p>\n<p>Conseils pour l'impression : Si le nom et le num\u00e9ro figurant sur l'image correspondent exactement \u00e0 ce que vous souhaitez, vous ne devez pas les saisir \u00e0 nouveau. Si ce n'est pas le cas, vous devez saisir le nom et le num\u00e9ro que vous souhaitez.<\/p>\n<p>Conseils pour le lavage : Il est recommand\u00e9 de laver les maillots de football \u00e0 la main. Si vous souhaitez utiliser la machine \u00e0 laver, pensez \u00e0 retourner les maillots de football avant de les laver. Remplissez la machine avec de l'eau froide et utilisez un cycle de lavage d\u00e9licat pour mieux prot\u00e9ger les couleurs.<\/p>","protected":false},"excerpt":{"rendered":"<p>Die Deutschland Euro 2024 Heimtrikots kommt mit einem netten, kleinen, versteckten Detail. Auf der Innenseite des Kragens befindet sich das Flaggenmotiv, das auch auf den \u00c4rmeln zu sehen ist.Das Deutschland 2024 Trikot hat ein modernes und herausragendes Design. Es ist nat\u00fcrlich haupts\u00e4chlich wei\u00df,was noch interessanter ist.Die \u00c4rmel haben den dreifarbigen Farbverlauf der deutschen Flagge, mit [&hellip;]<\/p>","protected":false},"featured_media":17912,"comment_status":"open","ping_status":"closed","template":"","meta":[],"product_brand":[],"product_cat":[1073,1072],"product_tag":[20,1074,1075,1076,1077,21,22,23,24],"class_list":{"0":"post-17870","1":"product","2":"type-product","3":"status-publish","4":"has-post-thumbnail","6":"product_cat-em-2024-deutschland","7":"product_cat-em-2024-trikots","8":"product_tag-coole-fussballtrikots","9":"product_tag-deutschland-trikot-em-2024","10":"product_tag-dfb-em-trikots-2024","11":"product_tag-em-2024-trikot","12":"product_tag-em-2024-trikot-herren","13":"product_tag-fussballtrikot-fuer-herren","14":"product_tag-fussballtrikot-guenstig-kaufen","15":"product_tag-fussballtrikot-kurzarm","16":"product_tag-guenstiges-fussballtrikot","18":"first","19":"instock","20":"shipping-taxable","21":"purchasable","22":"product-type-variable"},"_links":{"self":[{"href":"https:\/\/www.billigtrikotde.com\/fr\/wp-json\/wp\/v2\/product\/17870","targetHints":{"allow":["GET"]}}],"collection":[{"href":"https:\/\/www.billigtrikotde.com\/fr\/wp-json\/wp\/v2\/product"}],"about":[{"href":"https:\/\/www.billigtrikotde.com\/fr\/wp-json\/wp\/v2\/types\/product"}],"replies":[{"embeddable":true,"href":"https:\/\/www.billigtrikotde.com\/fr\/wp-json\/wp\/v2\/comments?post=17870"}],"wp:featuredmedia":[{"embeddable":true,"href":"https:\/\/www.billigtrikotde.com\/fr\/wp-json\/wp\/v2\/media\/17912"}],"wp:attachment":[{"href":"https:\/\/www.billigtrikotde.com\/fr\/wp-json\/wp\/v2\/media?parent=17870"}],"wp:term":[{"taxonomy":"product_brand","embeddable":true,"href":"https:\/\/www.billigtrikotde.com\/fr\/wp-json\/wp\/v2\/product_brand?post=17870"},{"taxonomy":"product_cat","embeddable":true,"href":"https:\/\/www.billigtrikotde.com\/fr\/wp-json\/wp\/v2\/product_cat?post=17870"},{"taxonomy":"product_tag","embeddable":true,"href":"https:\/\/www.billigtrikotde.com\/fr\/wp-json\/wp\/v2\/product_tag?post=17870"}],"curies":[{"name":"wp","href":"https:\/\/api.w.org\/{rel}","templated":true}]}}