{"id":17825,"date":"2024-10-24T10:01:58","date_gmt":"2024-10-24T08:01:58","guid":{"rendered":"http:\/\/billigtrikots.com\/?post_type=product&#038;p=17825"},"modified":"2024-10-24T10:04:32","modified_gmt":"2024-10-24T08:04:32","slug":"herren-dfb-deutschland-em-2024-auswaertstrikot-euro-24-joshua-kimmich-6","status":"publish","type":"product","link":"https:\/\/www.billigtrikotde.com\/fr\/herren-dfb-deutschland-em-2024-auswaertstrikot-euro-24-joshua-kimmich-6\/","title":{"rendered":"Hommes DFB Allemagne Euro 2024 Maillot Ext\u00e9rieur Euro 24 Joshua Kimmich 6"},"content":{"rendered":"<p>Nous pouvons publier les maillots ext\u00e9rieurs de l'Euro 2024 de la France, ce qui confirme notre fuite. Il pr\u00e9sente quelques similitudes avec le troisi\u00e8me maillot de l'AC Milan 23-24. Le maillot ext\u00e9rieur de l'Euro 2024 de la DFB a une combinaison de couleurs audacieuse et nouvelle pour l'\u00e9quipe nationale fran\u00e7aise. Le maillot ext\u00e9rieur de la DFB 2024 combine du rose et du violet.<\/p>\n<p>Conseils pour l'impression : Si le nom et le num\u00e9ro figurant sur l'image correspondent exactement \u00e0 ce que vous souhaitez, vous ne devez pas les saisir \u00e0 nouveau. Si ce n'est pas le cas, vous devez saisir le nom et le num\u00e9ro que vous souhaitez.<\/p>\n<p>Conseils pour le lavage : Il est recommand\u00e9 de laver les maillots de football \u00e0 la main. Si vous souhaitez utiliser la machine \u00e0 laver, pensez \u00e0 retourner les maillots de football avant de les laver. Remplissez la machine avec de l'eau froide et utilisez un cycle de lavage d\u00e9licat pour mieux prot\u00e9ger les couleurs.<\/p>","protected":false},"excerpt":{"rendered":"<p>Wir k\u00f6nnen Deutschland Euro 2024 Ausw\u00e4rtstrikots ver\u00f6ffentlichen, die unseren Leak best\u00e4tigen.Es hat einige \u00c4hnlichkeiten mit dem dritten Trikot des AC Mailand 23-24.Das DFB Euro 2024 Ausw\u00e4rtstrikot hat eine mutige und neue Farbkombination f\u00fcr die deutsche Nationalmannschaft. Das DFB 2024 Ausw\u00e4rtstrikot kombiniert Pink und Lila. Tipps zum Drucken: Wenn der Name und die Nummer auf dem [&hellip;]<\/p>","protected":false},"featured_media":17871,"comment_status":"open","ping_status":"closed","template":"","meta":[],"product_brand":[],"product_cat":[1073,1072],"product_tag":[20,1074,1075,1076,1077,21,22,23,24],"class_list":{"0":"post-17825","1":"product","2":"type-product","3":"status-publish","4":"has-post-thumbnail","6":"product_cat-em-2024-deutschland","7":"product_cat-em-2024-trikots","8":"product_tag-coole-fussballtrikots","9":"product_tag-deutschland-trikot-em-2024","10":"product_tag-dfb-em-trikots-2024","11":"product_tag-em-2024-trikot","12":"product_tag-em-2024-trikot-herren","13":"product_tag-fussballtrikot-fuer-herren","14":"product_tag-fussballtrikot-guenstig-kaufen","15":"product_tag-fussballtrikot-kurzarm","16":"product_tag-guenstiges-fussballtrikot","18":"first","19":"instock","20":"shipping-taxable","21":"purchasable","22":"product-type-variable"},"_links":{"self":[{"href":"https:\/\/www.billigtrikotde.com\/fr\/wp-json\/wp\/v2\/product\/17825","targetHints":{"allow":["GET"]}}],"collection":[{"href":"https:\/\/www.billigtrikotde.com\/fr\/wp-json\/wp\/v2\/product"}],"about":[{"href":"https:\/\/www.billigtrikotde.com\/fr\/wp-json\/wp\/v2\/types\/product"}],"replies":[{"embeddable":true,"href":"https:\/\/www.billigtrikotde.com\/fr\/wp-json\/wp\/v2\/comments?post=17825"}],"wp:featuredmedia":[{"embeddable":true,"href":"https:\/\/www.billigtrikotde.com\/fr\/wp-json\/wp\/v2\/media\/17871"}],"wp:attachment":[{"href":"https:\/\/www.billigtrikotde.com\/fr\/wp-json\/wp\/v2\/media?parent=17825"}],"wp:term":[{"taxonomy":"product_brand","embeddable":true,"href":"https:\/\/www.billigtrikotde.com\/fr\/wp-json\/wp\/v2\/product_brand?post=17825"},{"taxonomy":"product_cat","embeddable":true,"href":"https:\/\/www.billigtrikotde.com\/fr\/wp-json\/wp\/v2\/product_cat?post=17825"},{"taxonomy":"product_tag","embeddable":true,"href":"https:\/\/www.billigtrikotde.com\/fr\/wp-json\/wp\/v2\/product_tag?post=17825"}],"curies":[{"name":"wp","href":"https:\/\/api.w.org\/{rel}","templated":true}]}}