{"id":178,"date":"2024-10-23T12:08:28","date_gmt":"2024-10-23T10:08:28","guid":{"rendered":"http:\/\/billigtrikots.com\/?post_type=product&#038;p=178"},"modified":"2024-10-23T12:10:33","modified_gmt":"2024-10-23T10:10:33","slug":"herren-fc-barcelona-2021-22-heimtrikot-blau-rot-mit-aufdruck-braithwaite-19","status":"publish","type":"product","link":"https:\/\/www.billigtrikotde.com\/fr\/herren-fc-barcelona-2021-22-heimtrikot-blau-rot-mit-aufdruck-braithwaite-19\/","title":{"rendered":"Hommes FC Barcelone 2021\/22 Maillot domicile bleu\/rouge avec impression Braithwaite 19"},"content":{"rendered":"<p>Soutenez votre club lors de la saison 2021\/2022 et montrez votre fiert\u00e9 avec le maillot domicile officiel de r\u00e9plique du FC Barcelone. Le design authentique du maillot domicile pour hommes est bas\u00e9 sur les maillots de jeu des professionnels. Le mat\u00e9riau fonctionnel recycl\u00e9 \u00e0 100 % avec la technologie Nike Dri-FIT est particuli\u00e8rement respirant et procure une sensation de fra\u00eecheur. Des d\u00e9tails authentiques de l'\u00e9quipe tels que le blason du club sur la poitrine renforcent votre enthousiasme pour le Bar\u00e7a, que ce soit sur le terrain ou dans la rue.<\/p>\n<p>Conseils pour l'impression : Si le nom et le num\u00e9ro figurant sur l'image correspondent exactement \u00e0 ce que vous souhaitez, vous ne devez pas les saisir \u00e0 nouveau. Si ce n'est pas le cas, vous devez saisir le nom et le num\u00e9ro que vous souhaitez.<\/p>\n<p>Conseils pour le lavage : Il est recommand\u00e9 de laver les maillots de football \u00e0 la main. Si vous souhaitez utiliser la machine \u00e0 laver, pensez \u00e0 retourner les maillots de football avant de les laver. Remplissez la machine avec de l'eau froide et utilisez un cycle de lavage d\u00e9licat pour mieux prot\u00e9ger les couleurs.<\/p>","protected":false},"excerpt":{"rendered":"<p>Unterst\u00fctze deinen Verein in der Saison 2021\/2022 und zeige deinen Stolz im offiziellen FC Barcelona Replica Heimtrikot. Das authentische Design des Home Jerseys f\u00fcr Herren basiert auf den Spieltrikots der Profis. Das zu 100 % recycelte Funktionsmaterial mit Nike Dri-FIT-Technologie ist besonders atmungsaktiv und sorgt f\u00fcr ein k\u00fchles Tragegef\u00fchl. Authentische Teamdetails wie das Vereinswappen auf [&hellip;]<\/p>","protected":false},"featured_media":214,"comment_status":"open","ping_status":"closed","template":"","meta":[],"product_brand":[],"product_cat":[31],"product_tag":[32,20,33,21,22,23,24],"class_list":{"0":"post-178","1":"product","2":"type-product","3":"status-publish","4":"has-post-thumbnail","6":"product_cat-fc-barcelona","7":"product_tag-barcelona-heimtrikot","8":"product_tag-coole-fussballtrikots","9":"product_tag-fc-barcelona-trikots","10":"product_tag-fussballtrikot-fuer-herren","11":"product_tag-fussballtrikot-guenstig-kaufen","12":"product_tag-fussballtrikot-kurzarm","13":"product_tag-guenstiges-fussballtrikot","15":"first","16":"instock","17":"shipping-taxable","18":"purchasable","19":"product-type-variable"},"_links":{"self":[{"href":"https:\/\/www.billigtrikotde.com\/fr\/wp-json\/wp\/v2\/product\/178","targetHints":{"allow":["GET"]}}],"collection":[{"href":"https:\/\/www.billigtrikotde.com\/fr\/wp-json\/wp\/v2\/product"}],"about":[{"href":"https:\/\/www.billigtrikotde.com\/fr\/wp-json\/wp\/v2\/types\/product"}],"replies":[{"embeddable":true,"href":"https:\/\/www.billigtrikotde.com\/fr\/wp-json\/wp\/v2\/comments?post=178"}],"wp:featuredmedia":[{"embeddable":true,"href":"https:\/\/www.billigtrikotde.com\/fr\/wp-json\/wp\/v2\/media\/214"}],"wp:attachment":[{"href":"https:\/\/www.billigtrikotde.com\/fr\/wp-json\/wp\/v2\/media?parent=178"}],"wp:term":[{"taxonomy":"product_brand","embeddable":true,"href":"https:\/\/www.billigtrikotde.com\/fr\/wp-json\/wp\/v2\/product_brand?post=178"},{"taxonomy":"product_cat","embeddable":true,"href":"https:\/\/www.billigtrikotde.com\/fr\/wp-json\/wp\/v2\/product_cat?post=178"},{"taxonomy":"product_tag","embeddable":true,"href":"https:\/\/www.billigtrikotde.com\/fr\/wp-json\/wp\/v2\/product_tag?post=178"}],"curies":[{"name":"wp","href":"https:\/\/api.w.org\/{rel}","templated":true}]}}