{"id":1725,"date":"2024-10-23T13:42:51","date_gmt":"2024-10-23T11:42:51","guid":{"rendered":"http:\/\/billigtrikots.com\/?post_type=product&#038;p=1725"},"modified":"2024-10-23T13:44:55","modified_gmt":"2024-10-23T11:44:55","slug":"herren-bvb-borussia-dortmund-2022-cup-shirt-gelb-schwarz-mit-aufdruck-brandt-19","status":"publish","type":"product","link":"https:\/\/www.billigtrikotde.com\/fr\/herren-bvb-borussia-dortmund-2022-cup-shirt-gelb-schwarz-mit-aufdruck-brandt-19\/","title":{"rendered":"Hommes BVB Borussia Dortmund 2022 CUP Shirt jaune\/noir avec impression Brandt 19"},"content":{"rendered":"<p>Dans ce maillot de coupe Borussia Dortmund 2021\/22 pour hommes de PUMA, tu peux \u00e0 nouveau mettre les gar\u00e7ons sur la voie cette ann\u00e9e. Dans une teinte jaune avec des d\u00e9tails noirs, ce haut de coupe standard est con\u00e7u \u00e0 partir du textile poly dryCELL embl\u00e9matique pour un confort ultra-cool lorsque le match s'intensifie. Il poss\u00e8de une encolure ronde, des manches courtes et des finitions c\u00f4tel\u00e9es pour un look classique. Rehauss\u00e9 par les marques BVB et PUMA Cat contrast\u00e9es sur la poitrine. Lavable en machine.<\/p>\n<p>Conseils pour l'impression : Si le nom et le num\u00e9ro figurant sur l'image correspondent exactement \u00e0 ce que vous souhaitez, vous ne devez pas les saisir \u00e0 nouveau. Si ce n'est pas le cas, vous devez saisir le nom et le num\u00e9ro que vous souhaitez.<\/p>\n<p>Conseils pour le lavage : Il est recommand\u00e9 de laver les maillots de football \u00e0 la main. Si vous souhaitez utiliser la machine \u00e0 laver, pensez \u00e0 retourner les maillots de football avant de les laver. Remplissez la machine avec de l'eau froide et utilisez un cycle de lavage d\u00e9licat pour mieux prot\u00e9ger les couleurs.<\/p>","protected":false},"excerpt":{"rendered":"<p>In diesem Borussia Dortmund 2021\/22 Pokaltrikot f\u00fcr Herren von PUMA kannst du die Jungs in diesem Jahr wieder auf den Weg bringen. In einer gelben Farbgebung mit schwarzen Details ist dieses Standard-Fit-Oberteil aus dem charakteristischen dryCELL-Polygewebe f\u00fcr ultra-coolen Komfort geschnitten, wenn das Spiel angespannt wird. Es hat einen Rundhalsausschnitt, kurze \u00c4rmel und gerippte Abschl\u00fcsse f\u00fcr [&hellip;]<\/p>","protected":false},"featured_media":1762,"comment_status":"open","ping_status":"closed","template":"","meta":[],"product_brand":[],"product_cat":[63],"product_tag":[20,64,65,66,67,21,22,23,24],"class_list":{"0":"post-1725","1":"product","2":"type-product","3":"status-publish","4":"has-post-thumbnail","6":"product_cat-borussia-dortmund","7":"product_tag-coole-fussballtrikots","8":"product_tag-borussia-dortmund-cup-shirt","9":"product_tag-borussia-dortmund-trikots","10":"product_tag-bvb-trikots","11":"product_tag-fussball-trikotsatz","12":"product_tag-fussballtrikot-fuer-herren","13":"product_tag-fussballtrikot-guenstig-kaufen","14":"product_tag-fussballtrikot-kurzarm","15":"product_tag-guenstiges-fussballtrikot","17":"first","18":"instock","19":"shipping-taxable","20":"purchasable","21":"product-type-variable"},"_links":{"self":[{"href":"https:\/\/www.billigtrikotde.com\/fr\/wp-json\/wp\/v2\/product\/1725","targetHints":{"allow":["GET"]}}],"collection":[{"href":"https:\/\/www.billigtrikotde.com\/fr\/wp-json\/wp\/v2\/product"}],"about":[{"href":"https:\/\/www.billigtrikotde.com\/fr\/wp-json\/wp\/v2\/types\/product"}],"replies":[{"embeddable":true,"href":"https:\/\/www.billigtrikotde.com\/fr\/wp-json\/wp\/v2\/comments?post=1725"}],"wp:featuredmedia":[{"embeddable":true,"href":"https:\/\/www.billigtrikotde.com\/fr\/wp-json\/wp\/v2\/media\/1762"}],"wp:attachment":[{"href":"https:\/\/www.billigtrikotde.com\/fr\/wp-json\/wp\/v2\/media?parent=1725"}],"wp:term":[{"taxonomy":"product_brand","embeddable":true,"href":"https:\/\/www.billigtrikotde.com\/fr\/wp-json\/wp\/v2\/product_brand?post=1725"},{"taxonomy":"product_cat","embeddable":true,"href":"https:\/\/www.billigtrikotde.com\/fr\/wp-json\/wp\/v2\/product_cat?post=1725"},{"taxonomy":"product_tag","embeddable":true,"href":"https:\/\/www.billigtrikotde.com\/fr\/wp-json\/wp\/v2\/product_tag?post=1725"}],"curies":[{"name":"wp","href":"https:\/\/api.w.org\/{rel}","templated":true}]}}