{"id":17185,"date":"2024-10-24T09:27:11","date_gmt":"2024-10-24T07:27:11","guid":{"rendered":"http:\/\/billigtrikots.com\/?post_type=product&#038;p=17185"},"modified":"2025-10-16T16:02:11","modified_gmt":"2025-10-16T14:02:11","slug":"guenstige-fussballtrikots-herren-real-madrid-2023-24-drittes-trikot-joselu-14","status":"publish","type":"product","link":"https:\/\/www.billigtrikotde.com\/fr\/guenstige-fussballtrikots-herren-real-madrid-2023-24-drittes-trikot-joselu-14\/","title":{"rendered":"Maillots de foot pas cher Hommes Real Madrid 2023-24 Troisi\u00e8me Maillot Joselu 14"},"content":{"rendered":"<p>Le troisi\u00e8me maillot de Real 2023-2024 combine une couleur de base noire avec un jaune dor\u00e9 comme deuxi\u00e8me couleur. C'est le m\u00eame jaune Prevolved utilis\u00e9 pour les maillots domicile et ext\u00e9rieur de Real Madrid 2023-2024. La troisi\u00e8me couleur du maillot Madrid 2023-2024 est \u00ab Carbon \u00bb \u2013 comme pr\u00e9vu, elle est utilis\u00e9e pour les trois bandes.<\/p>\n<p>La nouveaut\u00e9 du maillot de football Real Madrid 2023-2024 est \u00e9galement qu'il y aura une \u00e9dition sp\u00e9ciale \u00ab Lifestyler \u00bb. La version Lifestyler du troisi\u00e8me maillot Real Madrid 2023-24 est sans logo de sponsor, avec un logo diff\u00e9rent, un tissu et une coupe diff\u00e9rents.<\/p>\n<p>Conseils pour l'impression : Si le nom et le num\u00e9ro figurant sur l'image correspondent exactement \u00e0 ce que vous souhaitez, vous ne devez pas les saisir \u00e0 nouveau. Si ce n'est pas le cas, vous devez saisir le nom et le num\u00e9ro que vous souhaitez.<\/p>\n<p>Conseils pour le lavage : Il est recommand\u00e9 de laver les maillots de football \u00e0 la main. Si vous souhaitez utiliser la machine \u00e0 laver, pensez \u00e0 retourner les maillots de football avant de les laver. Remplissez la machine avec de l'eau froide et utilisez un cycle de lavage d\u00e9licat pour mieux prot\u00e9ger les couleurs.<\/p>","protected":false},"excerpt":{"rendered":"<p>Le troisi\u00e8me maillot de Real 2023-2024 combine une couleur de base noire avec un jaune dor\u00e9 comme deuxi\u00e8me couleur. C'est le m\u00eame jaune Prevolved utilis\u00e9 pour les maillots domicile et ext\u00e9rieur de Real Madrid 2023-2024. La troisi\u00e8me couleur du maillot Madrid 2023-2024 est \u00ab Carbon \u00bb \u2013 comme pr\u00e9vu, elle est utilis\u00e9e pour les trois bandes.<\/p>","protected":false},"featured_media":17228,"comment_status":"open","ping_status":"closed","template":"","meta":[],"product_brand":[],"product_cat":[45],"product_tag":[574,21,23,228,24,489,490,979,47],"class_list":{"0":"post-17185","1":"product","2":"type-product","3":"status-publish","4":"has-post-thumbnail","6":"product_cat-real-madrid","7":"product_tag-fussballtrikot-deutschland","8":"product_tag-fussballtrikot-fuer-herren","9":"product_tag-fussballtrikot-kurzarm","10":"product_tag-guenstige-fussballtrikot","11":"product_tag-guenstiges-fussballtrikot","12":"product_tag-real-madrid-fussballtrikot","13":"product_tag-real-madrid-trikot","14":"product_tag-real-madrid-trikot-2024","15":"product_tag-real-madrid-trikots","17":"first","18":"instock","19":"shipping-taxable","20":"purchasable","21":"product-type-variable"},"_links":{"self":[{"href":"https:\/\/www.billigtrikotde.com\/fr\/wp-json\/wp\/v2\/product\/17185","targetHints":{"allow":["GET"]}}],"collection":[{"href":"https:\/\/www.billigtrikotde.com\/fr\/wp-json\/wp\/v2\/product"}],"about":[{"href":"https:\/\/www.billigtrikotde.com\/fr\/wp-json\/wp\/v2\/types\/product"}],"replies":[{"embeddable":true,"href":"https:\/\/www.billigtrikotde.com\/fr\/wp-json\/wp\/v2\/comments?post=17185"}],"wp:featuredmedia":[{"embeddable":true,"href":"https:\/\/www.billigtrikotde.com\/fr\/wp-json\/wp\/v2\/media\/17228"}],"wp:attachment":[{"href":"https:\/\/www.billigtrikotde.com\/fr\/wp-json\/wp\/v2\/media?parent=17185"}],"wp:term":[{"taxonomy":"product_brand","embeddable":true,"href":"https:\/\/www.billigtrikotde.com\/fr\/wp-json\/wp\/v2\/product_brand?post=17185"},{"taxonomy":"product_cat","embeddable":true,"href":"https:\/\/www.billigtrikotde.com\/fr\/wp-json\/wp\/v2\/product_cat?post=17185"},{"taxonomy":"product_tag","embeddable":true,"href":"https:\/\/www.billigtrikotde.com\/fr\/wp-json\/wp\/v2\/product_tag?post=17185"}],"curies":[{"name":"wp","href":"https:\/\/api.w.org\/{rel}","templated":true}]}}