{"id":17092,"date":"2024-10-24T09:21:31","date_gmt":"2024-10-24T07:21:31","guid":{"rendered":"http:\/\/billigtrikots.com\/?post_type=product&#038;p=17092"},"modified":"2025-06-09T04:41:41","modified_gmt":"2025-06-09T02:41:41","slug":"guenstige-fussballtrikots-arsenal-2023-24-auswaertstrikot-gruen-gelbe-jurrien-timber-12","status":"publish","type":"product","link":"https:\/\/www.billigtrikotde.com\/fr\/guenstige-fussballtrikots-arsenal-2023-24-auswaertstrikot-gruen-gelbe-jurrien-timber-12\/","title":{"rendered":"Maillot de foot pas cher Arsenal 2023-24 maillot ext\u00e9rieur vert et jaune Jurrien Timber 12"},"content":{"rendered":"<p>Le maillot ext\u00e9rieur 23-24 d'Arsenal FC a un look clair et moderne. Il combine une couleur de base jaune-vert fluo avec du noir\/bleu clair pour les logos et les applications. Ce qui rend le maillot ext\u00e9rieur 23-24 d'Arsenal si sp\u00e9cial, ce ne sont pas seulement les couleurs, mais aussi le design. Le maillot ext\u00e9rieur 23-24 d'Arsenal pr\u00e9sente un design unique avec des lignes noires \u00e9paisses sur tout le maillot.Ce maillot remarquable est orn\u00e9 de lignes noires fluides inspir\u00e9es de la carte d'Islington. Le design entrelac\u00e9 symbolise les voyages que font les supporters lorsqu'ils quittent leur district d'origine pour aller soutenir l'\u00e9quipe \u00e0 l'ext\u00e9rieur.<\/p>\n<p>Conseils pour l'impression : Si le nom et le num\u00e9ro figurant sur l'image correspondent exactement \u00e0 ce que vous souhaitez, vous ne devez pas les saisir \u00e0 nouveau. Si ce n'est pas le cas, vous devez saisir le nom et le num\u00e9ro que vous souhaitez.<\/p>\n<p>Conseils pour le lavage : Il est recommand\u00e9 de laver les maillots de football \u00e0 la main. Si vous souhaitez utiliser la machine \u00e0 laver, pensez \u00e0 retourner les maillots de football avant de les laver. Remplissez la machine avec de l'eau froide et utilisez un cycle de lavage d\u00e9licat pour mieux prot\u00e9ger les couleurs.<\/p>","protected":false},"excerpt":{"rendered":"<p>Das Arsenal FC 23-24 Ausw\u00e4rtstrikot hat einen hellen und modernen Look. Es kombiniert eine fluo-gr\u00fcn-gelbe Grundfarbe mit Schwarz\/Hellblau f\u00fcr Logos und Applikationen.Was das Arsenal 23-24 Ausw\u00e4rtstrikot so besonders macht, sind nicht nur die Farben, sondern auch das Design. Das Arsenal 23-24 Ausw\u00e4rtstrikot hat ein einzigartiges Design mit dicken, schwarzen Linien auf dem ganzen Trikot.Das auff\u00e4llige [&hellip;]<\/p>","protected":false},"featured_media":17132,"comment_status":"open","ping_status":"closed","template":"","meta":[],"product_brand":[],"product_cat":[55],"product_tag":[584,907,609,610,1007,21,23,24,585,1006],"class_list":{"0":"post-17092","1":"product","2":"type-product","3":"status-publish","4":"has-post-thumbnail","6":"product_cat-arsenal","7":"product_tag-arsenal-2023-24-trikot","8":"product_tag-arsenal-23-24-drittes-trikot","9":"product_tag-arsenal-fussballtrikot","10":"product_tag-arsenal-trikot","11":"product_tag-arsenal-trikot-2024","12":"product_tag-fussballtrikot-fuer-herren","13":"product_tag-fussballtrikot-kurzarm","14":"product_tag-guenstiges-fussballtrikot","15":"product_tag-herren-fussballtrikot","16":"product_tag-trikot-24-25","18":"first","19":"instock","20":"shipping-taxable","21":"purchasable","22":"product-type-variable"},"_links":{"self":[{"href":"https:\/\/www.billigtrikotde.com\/fr\/wp-json\/wp\/v2\/product\/17092","targetHints":{"allow":["GET"]}}],"collection":[{"href":"https:\/\/www.billigtrikotde.com\/fr\/wp-json\/wp\/v2\/product"}],"about":[{"href":"https:\/\/www.billigtrikotde.com\/fr\/wp-json\/wp\/v2\/types\/product"}],"replies":[{"embeddable":true,"href":"https:\/\/www.billigtrikotde.com\/fr\/wp-json\/wp\/v2\/comments?post=17092"}],"wp:featuredmedia":[{"embeddable":true,"href":"https:\/\/www.billigtrikotde.com\/fr\/wp-json\/wp\/v2\/media\/17132"}],"wp:attachment":[{"href":"https:\/\/www.billigtrikotde.com\/fr\/wp-json\/wp\/v2\/media?parent=17092"}],"wp:term":[{"taxonomy":"product_brand","embeddable":true,"href":"https:\/\/www.billigtrikotde.com\/fr\/wp-json\/wp\/v2\/product_brand?post=17092"},{"taxonomy":"product_cat","embeddable":true,"href":"https:\/\/www.billigtrikotde.com\/fr\/wp-json\/wp\/v2\/product_cat?post=17092"},{"taxonomy":"product_tag","embeddable":true,"href":"https:\/\/www.billigtrikotde.com\/fr\/wp-json\/wp\/v2\/product_tag?post=17092"}],"curies":[{"name":"wp","href":"https:\/\/api.w.org\/{rel}","templated":true}]}}