{"id":16935,"date":"2024-10-24T09:12:29","date_gmt":"2024-10-24T07:12:29","guid":{"rendered":"http:\/\/billigtrikots.com\/?post_type=product&#038;p=16935"},"modified":"2024-10-24T09:14:48","modified_gmt":"2024-10-24T07:14:48","slug":"fussballtrikot-herren-set-liverpool-fc-auswaertstrikot-2023-24-ryan-gravenberch-38","status":"publish","type":"product","link":"https:\/\/www.billigtrikotde.com\/fr\/fussballtrikot-herren-set-liverpool-fc-auswaertstrikot-2023-24-ryan-gravenberch-38\/","title":{"rendered":"Maillot de Football Hommes Set Liverpool FC Maillot Ext\u00e9rieur 2023-24 Ryan Gravenberch 38"},"content":{"rendered":"<p>Conseils pour l'impression : Si le nom et le num\u00e9ro figurant sur l'image correspondent exactement \u00e0 ce que vous souhaitez, vous ne devez pas les saisir \u00e0 nouveau. Si ce n'est pas le cas, vous devez saisir le nom et le num\u00e9ro que vous souhaitez.<\/p>\n<p>Conseils pour le lavage : Il est recommand\u00e9 de laver les maillots de football \u00e0 la main. Si vous souhaitez utiliser la machine \u00e0 laver, pensez \u00e0 retourner les maillots de football avant de les laver. Remplissez la machine avec de l'eau froide et utilisez un cycle de lavage d\u00e9licat pour mieux prot\u00e9ger les couleurs.<\/p>","protected":false},"excerpt":{"rendered":"<p>Conseils pour l'impression : Si le nom et le num\u00e9ro sur l'image correspondent exactement \u00e0 vos souhaits, vous n'avez pas besoin de les saisir \u00e0 nouveau. Sinon, veuillez entrer le nom et le num\u00e9ro souhait\u00e9s. Conseils pour le lavage : Il est recommand\u00e9 de laver les maillots de football \u00e0 la main. Si vous souhaitez utiliser la machine \u00e0 laver, pensez \u00e0 retourner les maillots de football [\u2026]<\/p>","protected":false},"featured_media":16969,"comment_status":"open","ping_status":"closed","template":"","meta":[],"product_brand":[],"product_cat":[176],"product_tag":[479,770,601,602,1004],"class_list":{"0":"post-16935","1":"product","2":"type-product","3":"status-publish","4":"has-post-thumbnail","6":"product_cat-liverpool-fc","7":"product_tag-fussballtrikots-kaufen","8":"product_tag-fussballtrikots-trikotsatz-fuer-herren","9":"product_tag-liverpool-fussballtrikot","10":"product_tag-liverpool-trikot","11":"product_tag-trikots-2024-25","13":"first","14":"instock","15":"shipping-taxable","16":"purchasable","17":"product-type-variable"},"_links":{"self":[{"href":"https:\/\/www.billigtrikotde.com\/fr\/wp-json\/wp\/v2\/product\/16935","targetHints":{"allow":["GET"]}}],"collection":[{"href":"https:\/\/www.billigtrikotde.com\/fr\/wp-json\/wp\/v2\/product"}],"about":[{"href":"https:\/\/www.billigtrikotde.com\/fr\/wp-json\/wp\/v2\/types\/product"}],"replies":[{"embeddable":true,"href":"https:\/\/www.billigtrikotde.com\/fr\/wp-json\/wp\/v2\/comments?post=16935"}],"wp:featuredmedia":[{"embeddable":true,"href":"https:\/\/www.billigtrikotde.com\/fr\/wp-json\/wp\/v2\/media\/16969"}],"wp:attachment":[{"href":"https:\/\/www.billigtrikotde.com\/fr\/wp-json\/wp\/v2\/media?parent=16935"}],"wp:term":[{"taxonomy":"product_brand","embeddable":true,"href":"https:\/\/www.billigtrikotde.com\/fr\/wp-json\/wp\/v2\/product_brand?post=16935"},{"taxonomy":"product_cat","embeddable":true,"href":"https:\/\/www.billigtrikotde.com\/fr\/wp-json\/wp\/v2\/product_cat?post=16935"},{"taxonomy":"product_tag","embeddable":true,"href":"https:\/\/www.billigtrikotde.com\/fr\/wp-json\/wp\/v2\/product_tag?post=16935"}],"curies":[{"name":"wp","href":"https:\/\/api.w.org\/{rel}","templated":true}]}}