{"id":1673,"date":"2024-10-23T13:40:41","date_gmt":"2024-10-23T11:40:41","guid":{"rendered":"http:\/\/billigtrikots.com\/?post_type=product&#038;p=1673"},"modified":"2025-06-16T16:04:10","modified_gmt":"2025-06-16T14:04:10","slug":"juventus-torwart-trikot-pinsoglio-31-guenstige-schwarz-langarm-kurze-hosen","status":"publish","type":"product","link":"https:\/\/www.billigtrikotde.com\/fr\/juventus-torwart-trikot-pinsoglio-31-guenstige-schwarz-langarm-kurze-hosen\/","title":{"rendered":"Juventus Gardien de but Maillot Pinsoglio 31# Pas Cher Noir Manches Longues + Courtes"},"content":{"rendered":"<p>Commandez votre d\u00e9fense comme les professionnels de la Juve et portez le maillot de gardien de but domicile adidas Juventus 21\/22, bas\u00e9 sur le maillot port\u00e9 par les gardiens professionnels du club.<\/p>\n<p>Le maillot de gardien de but domicile adidas Juventus 21\/22 est fabriqu\u00e9 en tissu l\u00e9ger avec des c\u00f4t\u00e9s extensibles qui bougent avec votre corps pour permettre des arr\u00eats d\u00e9cisifs.<\/p>\n<p>Conseils pour l'impression : Si le nom et le num\u00e9ro figurant sur l'image correspondent exactement \u00e0 ce que vous souhaitez, vous ne devez pas les saisir \u00e0 nouveau. Si ce n'est pas le cas, vous devez saisir le nom et le num\u00e9ro que vous souhaitez.<\/p>\n<p>Conseils pour le lavage : Il est recommand\u00e9 de laver les maillots de football \u00e0 la main. Si vous souhaitez utiliser la machine \u00e0 laver, pensez \u00e0 retourner les maillots de football avant de les laver. Remplissez la machine avec de l'eau froide et utilisez un cycle de lavage d\u00e9licat pour mieux prot\u00e9ger les couleurs.<\/p>","protected":false},"excerpt":{"rendered":"<p>Commandez votre d\u00e9fense comme les professionnels de Juve et portez le maillot domicile de gardien adidas Juventus 21\/22, bas\u00e9 sur le maillot port\u00e9 par les gardiens professionnels du club. Le maillot domicile de gardien adidas Juventus 21\/22 est compos\u00e9 d\u2019un tissu l\u00e9ger avec des c\u00f4t\u00e9s extensibles et se d\u00e9place avec votre corps pour permettre des arr\u00eats d\u00e9terminants. Conseils d\u2019impression : Si [\u2026]<\/p>","protected":false},"featured_media":1705,"comment_status":"open","ping_status":"closed","template":"","meta":[],"product_brand":[],"product_cat":[59],"product_tag":[20,38,21,24,62,61],"class_list":{"0":"post-1673","1":"product","2":"type-product","3":"status-publish","4":"has-post-thumbnail","6":"product_cat-juventus","7":"product_tag-coole-fussballtrikots","8":"product_tag-fussball-trikot-langarm","9":"product_tag-fussballtrikot-fuer-herren","10":"product_tag-guenstiges-fussballtrikot","11":"product_tag-juventus-torwarttrikot","12":"product_tag-juventus-trikots","14":"first","15":"instock","16":"shipping-taxable","17":"purchasable","18":"product-type-variable"},"_links":{"self":[{"href":"https:\/\/www.billigtrikotde.com\/fr\/wp-json\/wp\/v2\/product\/1673","targetHints":{"allow":["GET"]}}],"collection":[{"href":"https:\/\/www.billigtrikotde.com\/fr\/wp-json\/wp\/v2\/product"}],"about":[{"href":"https:\/\/www.billigtrikotde.com\/fr\/wp-json\/wp\/v2\/types\/product"}],"replies":[{"embeddable":true,"href":"https:\/\/www.billigtrikotde.com\/fr\/wp-json\/wp\/v2\/comments?post=1673"}],"wp:featuredmedia":[{"embeddable":true,"href":"https:\/\/www.billigtrikotde.com\/fr\/wp-json\/wp\/v2\/media\/1705"}],"wp:attachment":[{"href":"https:\/\/www.billigtrikotde.com\/fr\/wp-json\/wp\/v2\/media?parent=1673"}],"wp:term":[{"taxonomy":"product_brand","embeddable":true,"href":"https:\/\/www.billigtrikotde.com\/fr\/wp-json\/wp\/v2\/product_brand?post=1673"},{"taxonomy":"product_cat","embeddable":true,"href":"https:\/\/www.billigtrikotde.com\/fr\/wp-json\/wp\/v2\/product_cat?post=1673"},{"taxonomy":"product_tag","embeddable":true,"href":"https:\/\/www.billigtrikotde.com\/fr\/wp-json\/wp\/v2\/product_tag?post=1673"}],"curies":[{"name":"wp","href":"https:\/\/api.w.org\/{rel}","templated":true}]}}