{"id":16518,"date":"2024-10-24T08:47:58","date_gmt":"2024-10-24T06:47:58","guid":{"rendered":"http:\/\/billigtrikots.com\/?post_type=product&#038;p=16518"},"modified":"2025-05-30T15:26:27","modified_gmt":"2025-05-30T13:26:27","slug":"fussball-trikotsatz-fuer-herren-chelsea-2023-24-weiss-blau-heimtrikot-benoit-badiashile-5","status":"publish","type":"product","link":"https:\/\/www.billigtrikotde.com\/fr\/fussball-trikotsatz-fuer-herren-chelsea-2023-24-weiss-blau-heimtrikot-benoit-badiashile-5\/","title":{"rendered":"Football jeu de maillot pour hommes Chelsea 2023-24 blanc bleu maillot domicile Benoit Badiashile 5"},"content":{"rendered":"<p>Le maillot Chelsea 23-24 combine une couleur de base bleue avec des applications blanches et des logos chatoyants et irisants. Le maillot Chelsea FC 23-24 int\u00e8gre \u00e9galement du blanc dans le bleu classique, c\u00e9l\u00e9brant ainsi le triomphe de l'\u00e9quipe en Coupe des vainqueurs de coupe de l'UEFA et en Coupe de la Ligue lors de la saison 97-98. \u00c0 l'int\u00e9rieur du col se trouve une \u00e9tiquette dor\u00e9e \u00ab Pride of London \u00bb. En ce qui concerne le mod\u00e8le, le maillot Chelsea Football Club 2023-2024 est bas\u00e9 sur le mod\u00e8le 23-24. Gr\u00e2ce aux applications blanches sur le c\u00f4t\u00e9, il se distingue des autres maillots 2023-2024. Les poignets de manches blancs, bleus et dor\u00e9s compl\u00e8tent le look du maillot domicile Nike Chelsea 23-24.<\/p>\n<p>Conseils pour l'impression : Si le nom et le num\u00e9ro figurant sur l'image correspondent exactement \u00e0 ce que vous souhaitez, vous ne devez pas les saisir \u00e0 nouveau. Si ce n'est pas le cas, vous devez saisir le nom et le num\u00e9ro que vous souhaitez.<\/p>\n<p>Conseils pour le lavage : Il est recommand\u00e9 de laver les maillots de football \u00e0 la main. Si vous souhaitez utiliser la machine \u00e0 laver, pensez \u00e0 retourner les maillots de football avant de les laver. Remplissez la machine avec de l'eau froide et utilisez un cycle de lavage d\u00e9licat pour mieux prot\u00e9ger les couleurs.<\/p>","protected":false},"excerpt":{"rendered":"<p>Das Chelsea 23-24 Trikot kombiniert eine blaue Grundfarbe mit wei\u00dfen Applikationen und schimmernden, schillernden Logos.Das Chelsea FC 23-24 Trikot integriert auch Wei\u00df in das klassische Blau und feiert damit den Triumph der Mannschaft im UEFA-Pokal der Pokalsieger und im Ligapokal in der Saison 97-98. Auf der Innenseite des Kragens befindet sich ein goldenes \u201ePride of [&hellip;]<\/p>","protected":false},"featured_media":16558,"comment_status":"open","ping_status":"closed","template":"","meta":[],"product_brand":[],"product_cat":[72],"product_tag":[20,448,73,982,574,21,22,23,24,441],"class_list":{"0":"post-16518","1":"product","2":"type-product","3":"status-publish","4":"has-post-thumbnail","6":"product_cat-chelsea","7":"product_tag-coole-fussballtrikots","8":"product_tag-chelsea-trikot-bestellen","9":"product_tag-chelsea-trikots","10":"product_tag-chelsea-trikots-2024","11":"product_tag-fussballtrikot-deutschland","12":"product_tag-fussballtrikot-fuer-herren","13":"product_tag-fussballtrikot-guenstig-kaufen","14":"product_tag-fussballtrikot-kurzarm","15":"product_tag-guenstiges-fussballtrikot","16":"product_tag-neue-chelsea-trikots","18":"first","19":"instock","20":"shipping-taxable","21":"purchasable","22":"product-type-variable"},"_links":{"self":[{"href":"https:\/\/www.billigtrikotde.com\/fr\/wp-json\/wp\/v2\/product\/16518","targetHints":{"allow":["GET"]}}],"collection":[{"href":"https:\/\/www.billigtrikotde.com\/fr\/wp-json\/wp\/v2\/product"}],"about":[{"href":"https:\/\/www.billigtrikotde.com\/fr\/wp-json\/wp\/v2\/types\/product"}],"replies":[{"embeddable":true,"href":"https:\/\/www.billigtrikotde.com\/fr\/wp-json\/wp\/v2\/comments?post=16518"}],"wp:featuredmedia":[{"embeddable":true,"href":"https:\/\/www.billigtrikotde.com\/fr\/wp-json\/wp\/v2\/media\/16558"}],"wp:attachment":[{"href":"https:\/\/www.billigtrikotde.com\/fr\/wp-json\/wp\/v2\/media?parent=16518"}],"wp:term":[{"taxonomy":"product_brand","embeddable":true,"href":"https:\/\/www.billigtrikotde.com\/fr\/wp-json\/wp\/v2\/product_brand?post=16518"},{"taxonomy":"product_cat","embeddable":true,"href":"https:\/\/www.billigtrikotde.com\/fr\/wp-json\/wp\/v2\/product_cat?post=16518"},{"taxonomy":"product_tag","embeddable":true,"href":"https:\/\/www.billigtrikotde.com\/fr\/wp-json\/wp\/v2\/product_tag?post=16518"}],"curies":[{"name":"wp","href":"https:\/\/api.w.org\/{rel}","templated":true}]}}