{"id":1637,"date":"2024-10-23T13:39:08","date_gmt":"2024-10-23T11:39:08","guid":{"rendered":"http:\/\/billigtrikots.com\/?post_type=product&#038;p=1637"},"modified":"2024-10-23T13:41:06","modified_gmt":"2024-10-23T11:41:06","slug":"guenstige-fussballtrikots-juventus-heimtrikot-2022-weiss-schwarz-mit-aufdruck-bertancur-30","status":"publish","type":"product","link":"https:\/\/www.billigtrikotde.com\/fr\/guenstige-fussballtrikots-juventus-heimtrikot-2022-weiss-schwarz-mit-aufdruck-bertancur-30\/","title":{"rendered":"Maillot de foot pas cher Juventus domicile 2022 Blanc\/Noir avec impression Bertancur 30"},"content":{"rendered":"<p>Inspir\u00e9 par le 10e anniversaire du l\u00e9gendaire stade Allianz du club, ce maillot domicile Juventus 2021\/22 pour hommes int\u00e8gre les \u00e9toiles du b\u00e2timent dans la couleur blanc et noir ray\u00e9 l\u00e9gendaire. Il est constitu\u00e9 d\u2019un tissu poly lisse et l\u00e9ger Primegreen avec la technologie AEROREADY pour \u00e9vacuer la sueur. Il dispose d\u2019un col en V, de manches courtes et d\u2019empi\u00e8cements c\u00f4tel\u00e9s pour optimiser la coupe. Ce maillot, avec les c\u00e9l\u00e8bres 3 bandes sur les \u00e9paules, porte le blason Juventus mondialement connu et le badge of sport brod\u00e9 sur la poitrine.<\/p>\n<p>Conseils pour l'impression : Si le nom et le num\u00e9ro figurant sur l'image correspondent exactement \u00e0 ce que vous souhaitez, vous ne devez pas les saisir \u00e0 nouveau. Si ce n'est pas le cas, vous devez saisir le nom et le num\u00e9ro que vous souhaitez.<\/p>\n<p>Conseils pour le lavage : Il est recommand\u00e9 de laver les maillots de football \u00e0 la main. Si vous souhaitez utiliser la machine \u00e0 laver, pensez \u00e0 retourner les maillots de football avant de les laver. Remplissez la machine avec de l'eau froide et utilisez un cycle de lavage d\u00e9licat pour mieux prot\u00e9ger les couleurs.<\/p>","protected":false},"excerpt":{"rendered":"<p>Inspiriert vom 10-j\u00e4hrigen Jubil\u00e4um des legend\u00e4ren Allianz-Stadions des Clubs hat dieses Juventus 2021\/22 Heimtrikot f\u00fcr Herren die Stars des Geb\u00e4udes in die legend\u00e4re wei\u00df-schwarz gestreifte Farbe eingearbeitet. Es besteht aus glattem und leichtem Primegreen-Polygewebe mit AEROREADY-Technologie, um Schwei\u00df abzuleiten. Es verf\u00fcgt \u00fcber einen Kragen mit V-Ausschnitt, kurze \u00c4rmel und gerippte Verzierungen, um die Passform zu [&hellip;]<\/p>","protected":false},"featured_media":1670,"comment_status":"open","ping_status":"closed","template":"","meta":[],"product_brand":[],"product_cat":[59],"product_tag":[20,21,22,23,24,60,61],"class_list":{"0":"post-1637","1":"product","2":"type-product","3":"status-publish","4":"has-post-thumbnail","6":"product_cat-juventus","7":"product_tag-coole-fussballtrikots","8":"product_tag-fussballtrikot-fuer-herren","9":"product_tag-fussballtrikot-guenstig-kaufen","10":"product_tag-fussballtrikot-kurzarm","11":"product_tag-guenstiges-fussballtrikot","12":"product_tag-juventus-heimtrikot","13":"product_tag-juventus-trikots","15":"first","16":"instock","17":"shipping-taxable","18":"purchasable","19":"product-type-variable"},"_links":{"self":[{"href":"https:\/\/www.billigtrikotde.com\/fr\/wp-json\/wp\/v2\/product\/1637","targetHints":{"allow":["GET"]}}],"collection":[{"href":"https:\/\/www.billigtrikotde.com\/fr\/wp-json\/wp\/v2\/product"}],"about":[{"href":"https:\/\/www.billigtrikotde.com\/fr\/wp-json\/wp\/v2\/types\/product"}],"replies":[{"embeddable":true,"href":"https:\/\/www.billigtrikotde.com\/fr\/wp-json\/wp\/v2\/comments?post=1637"}],"wp:featuredmedia":[{"embeddable":true,"href":"https:\/\/www.billigtrikotde.com\/fr\/wp-json\/wp\/v2\/media\/1670"}],"wp:attachment":[{"href":"https:\/\/www.billigtrikotde.com\/fr\/wp-json\/wp\/v2\/media?parent=1637"}],"wp:term":[{"taxonomy":"product_brand","embeddable":true,"href":"https:\/\/www.billigtrikotde.com\/fr\/wp-json\/wp\/v2\/product_brand?post=1637"},{"taxonomy":"product_cat","embeddable":true,"href":"https:\/\/www.billigtrikotde.com\/fr\/wp-json\/wp\/v2\/product_cat?post=1637"},{"taxonomy":"product_tag","embeddable":true,"href":"https:\/\/www.billigtrikotde.com\/fr\/wp-json\/wp\/v2\/product_tag?post=1637"}],"curies":[{"name":"wp","href":"https:\/\/api.w.org\/{rel}","templated":true}]}}