{"id":16207,"date":"2024-10-24T08:30:19","date_gmt":"2024-10-24T06:30:19","guid":{"rendered":"http:\/\/billigtrikots.com\/?post_type=product&#038;p=16207"},"modified":"2024-10-24T08:32:58","modified_gmt":"2024-10-24T06:32:58","slug":"herren-set-fc-barcelona-23-24-drittes-trikot-blau-mit-aufdruck-pedri-8","status":"publish","type":"product","link":"https:\/\/www.billigtrikotde.com\/fr\/herren-set-fc-barcelona-23-24-drittes-trikot-blau-mit-aufdruck-pedri-8\/","title":{"rendered":"Hommes Set FC Barcelone 23-24 Troisi\u00e8me maillot bleu avec impression Pedri 8"},"content":{"rendered":"<p>Le troisi\u00e8me maillot de football Barcelone 23-24 est principalement de couleur menthe (\"Light Aqua\"), combin\u00e9 avec des \u00e9l\u00e9ments de design blaugrana et du noir comme couleur du logo.En ce qui concerne le mod\u00e8le, le troisi\u00e8me maillot de football Bar\u00e7a 23-24 est a\u00e9rodynamique. Il utilise le m\u00eame mod\u00e8le que plusieurs \u00e9quipes nationales pour la Coupe du monde f\u00e9minine 2023 et que d'autres \u00e9quipes de clubs d'\u00e9lite 23-24 pour leurs troisi\u00e8mes maillots.Deux \u00e9l\u00e9ments permettent au maillot Barcelone 23-24 de se d\u00e9marquer - le tissu et le swoosh et l'\u00e9cusson.Les couleurs blaugrana de Barcelone (bleu et rouge) sont tiss\u00e9es dans le tissu du maillot Barcelone 23-24, ce qui lui conf\u00e8re une touche particuli\u00e8re.<\/p>\n<p>Conseils pour l'impression : Si le nom et le num\u00e9ro figurant sur l'image correspondent exactement \u00e0 ce que vous souhaitez, vous ne devez pas les saisir \u00e0 nouveau. Si ce n'est pas le cas, vous devez saisir le nom et le num\u00e9ro que vous souhaitez.<\/p>\n<p>Conseils pour le lavage : Il est recommand\u00e9 de laver les maillots de football \u00e0 la main. Si vous souhaitez utiliser la machine \u00e0 laver, pensez \u00e0 retourner les maillots de football avant de les laver. Remplissez la machine avec de l'eau froide et utilisez un cycle de lavage d\u00e9licat pour mieux prot\u00e9ger les couleurs.<\/p>","protected":false},"excerpt":{"rendered":"<p>Das dritte Barcelona 23-24 Fu\u00dfball trikot ist \u00fcberwiegend mint (\u201eLight Aqua\u201c), kombiniert mit Blaugrana als Designelementen und Schwarz als Logofarbe.Was die Template betrifft, so ist das Bar\u00e7a 23-24 dritte Fu\u00dfballtrikot stromlinienf\u00f6rmig. Es verwendet die gleiche Template wie verschiedene Nationalmannschaften f\u00fcr die Frauen-WM 2023 und andere 23-24 Elite-Clubteams f\u00fcr ihre dritten Trikots.Zwei Dinge lassen das Barcelona [&hellip;]<\/p>","protected":false},"featured_media":16247,"comment_status":"open","ping_status":"closed","template":"","meta":[],"product_brand":[],"product_cat":[31],"product_tag":[703,704,20,863,864,33,574,426,24],"class_list":{"0":"post-16207","1":"product","2":"type-product","3":"status-publish","4":"has-post-thumbnail","6":"product_cat-fc-barcelona","7":"product_tag-barcelona-fussballtrikot","8":"product_tag-barcelona-trikot","9":"product_tag-coole-fussballtrikots","10":"product_tag-fc-barcelona-neue-trikots","11":"product_tag-fc-barcelona-trikot-set","12":"product_tag-fc-barcelona-trikots","13":"product_tag-fussballtrikot-deutschland","14":"product_tag-fussballtrikots-kurzarm","15":"product_tag-guenstiges-fussballtrikot","17":"first","18":"instock","19":"shipping-taxable","20":"purchasable","21":"product-type-variable"},"_links":{"self":[{"href":"https:\/\/www.billigtrikotde.com\/fr\/wp-json\/wp\/v2\/product\/16207","targetHints":{"allow":["GET"]}}],"collection":[{"href":"https:\/\/www.billigtrikotde.com\/fr\/wp-json\/wp\/v2\/product"}],"about":[{"href":"https:\/\/www.billigtrikotde.com\/fr\/wp-json\/wp\/v2\/types\/product"}],"replies":[{"embeddable":true,"href":"https:\/\/www.billigtrikotde.com\/fr\/wp-json\/wp\/v2\/comments?post=16207"}],"wp:featuredmedia":[{"embeddable":true,"href":"https:\/\/www.billigtrikotde.com\/fr\/wp-json\/wp\/v2\/media\/16247"}],"wp:attachment":[{"href":"https:\/\/www.billigtrikotde.com\/fr\/wp-json\/wp\/v2\/media?parent=16207"}],"wp:term":[{"taxonomy":"product_brand","embeddable":true,"href":"https:\/\/www.billigtrikotde.com\/fr\/wp-json\/wp\/v2\/product_brand?post=16207"},{"taxonomy":"product_cat","embeddable":true,"href":"https:\/\/www.billigtrikotde.com\/fr\/wp-json\/wp\/v2\/product_cat?post=16207"},{"taxonomy":"product_tag","embeddable":true,"href":"https:\/\/www.billigtrikotde.com\/fr\/wp-json\/wp\/v2\/product_tag?post=16207"}],"curies":[{"name":"wp","href":"https:\/\/api.w.org\/{rel}","templated":true}]}}