{"id":16182,"date":"2024-10-24T08:28:39","date_gmt":"2024-10-24T06:28:39","guid":{"rendered":"http:\/\/billigtrikots.com\/?post_type=product&#038;p=16182"},"modified":"2025-05-30T16:14:10","modified_gmt":"2025-05-30T14:14:10","slug":"herren-fussball-trikotsatz-manchester-united-2023-2024-drittes-trikot-rasmus-hojlund-11","status":"publish","type":"product","link":"https:\/\/www.billigtrikotde.com\/fr\/herren-fussball-trikotsatz-manchester-united-2023-2024-drittes-trikot-rasmus-hojlund-11\/","title":{"rendered":"Hommes Football Jeu de maillot Manchester United 2023-2024 Troisi\u00e8me Maillot Rasmus Hojlund 11"},"content":{"rendered":"<p>Le troisi\u00e8me maillot de Manchester United 2023-2024 est principalement de couleur cr\u00e8me avec des touches de rouge.La particularit\u00e9 du troisi\u00e8me maillot de Manchester United 2023-2024 est que le blason du club a \u00e9t\u00e9 remplac\u00e9 par l'embl\u00e9matique embl\u00e8me rouge du diable du blason de ManUtd. Ce changement inattendu conf\u00e8re au troisi\u00e8me maillot de Manchester United 23-24 un \u00e9l\u00e9ment surprenant et int\u00e9ressant.<\/p>\n<p>Conseils pour l'impression : Si le nom et le num\u00e9ro figurant sur l'image correspondent exactement \u00e0 ce que vous souhaitez, vous ne devez pas les saisir \u00e0 nouveau. Si ce n'est pas le cas, vous devez saisir le nom et le num\u00e9ro que vous souhaitez.<\/p>\n<p>Conseils pour le lavage : Il est recommand\u00e9 de laver les maillots de football \u00e0 la main. Si vous souhaitez utiliser la machine \u00e0 laver, pensez \u00e0 retourner les maillots de football avant de les laver. Remplissez la machine avec de l'eau froide et utilisez un cycle de lavage d\u00e9licat pour mieux prot\u00e9ger les couleurs.<\/p>","protected":false},"excerpt":{"rendered":"<p>Le troisi\u00e8me maillot de Manchester United 2023-2024 est principalement couleur cr\u00e8me avec des accents rouges. L\u2019\u00e9l\u00e9ment sp\u00e9cial du troisi\u00e8me maillot de Manchester United 2023-2024 est que l\u2019embl\u00e8me du club a \u00e9t\u00e9 remplac\u00e9 par le c\u00e9l\u00e8bre embl\u00e8me d\u00e9mon rouge du blason ManUtd. Ce changement inattendu conf\u00e8re au troisi\u00e8me maillot de Manchester United 23-24 un \u00e9l\u00e9ment surprenant et int\u00e9ressant. Conseils d\u2019impression : Si le nom [\u2026]<\/p>","protected":false},"featured_media":16222,"comment_status":"open","ping_status":"closed","template":"","meta":[],"product_brand":[],"product_cat":[50],"product_tag":[20,574,21,23,24,900,672,673],"class_list":{"0":"post-16182","1":"product","2":"type-product","3":"status-publish","4":"has-post-thumbnail","6":"product_cat-manchester-united","7":"product_tag-coole-fussballtrikots","8":"product_tag-fussballtrikot-deutschland","9":"product_tag-fussballtrikot-fuer-herren","10":"product_tag-fussballtrikot-kurzarm","11":"product_tag-guenstiges-fussballtrikot","12":"product_tag-manchester-united-2023-2024-drittes-trikot","13":"product_tag-manchester-united-fussballtrikot","14":"product_tag-manchester-united-trikot","16":"first","17":"instock","18":"shipping-taxable","19":"purchasable","20":"product-type-variable"},"_links":{"self":[{"href":"https:\/\/www.billigtrikotde.com\/fr\/wp-json\/wp\/v2\/product\/16182","targetHints":{"allow":["GET"]}}],"collection":[{"href":"https:\/\/www.billigtrikotde.com\/fr\/wp-json\/wp\/v2\/product"}],"about":[{"href":"https:\/\/www.billigtrikotde.com\/fr\/wp-json\/wp\/v2\/types\/product"}],"replies":[{"embeddable":true,"href":"https:\/\/www.billigtrikotde.com\/fr\/wp-json\/wp\/v2\/comments?post=16182"}],"wp:featuredmedia":[{"embeddable":true,"href":"https:\/\/www.billigtrikotde.com\/fr\/wp-json\/wp\/v2\/media\/16222"}],"wp:attachment":[{"href":"https:\/\/www.billigtrikotde.com\/fr\/wp-json\/wp\/v2\/media?parent=16182"}],"wp:term":[{"taxonomy":"product_brand","embeddable":true,"href":"https:\/\/www.billigtrikotde.com\/fr\/wp-json\/wp\/v2\/product_brand?post=16182"},{"taxonomy":"product_cat","embeddable":true,"href":"https:\/\/www.billigtrikotde.com\/fr\/wp-json\/wp\/v2\/product_cat?post=16182"},{"taxonomy":"product_tag","embeddable":true,"href":"https:\/\/www.billigtrikotde.com\/fr\/wp-json\/wp\/v2\/product_tag?post=16182"}],"curies":[{"name":"wp","href":"https:\/\/api.w.org\/{rel}","templated":true}]}}