{"id":1603,"date":"2024-10-23T13:37:33","date_gmt":"2024-10-23T11:37:33","guid":{"rendered":"http:\/\/billigtrikots.com\/?post_type=product&#038;p=1603"},"modified":"2025-06-16T16:04:15","modified_gmt":"2025-06-16T14:04:15","slug":"juventus-home-fussballtrikots-offizielle-anpassbare-name-und-nummer","status":"publish","type":"product","link":"https:\/\/www.billigtrikotde.com\/fr\/juventus-home-fussballtrikots-offizielle-anpassbare-name-und-nummer\/","title":{"rendered":"Juventus Home Maillots de Football Officiel Personnalisable Nom et Num\u00e9ro"},"content":{"rendered":"<p>Un hommage \u00e0 son stade exceptionnel. Le maillot adidas Juventus c\u00e9l\u00e8bre le 10e anniversaire du mythique stade Allianz. Les \u00e9toiles qui dominent le design du b\u00e2timent se refl\u00e8tent dans les rayures noires l\u00e9gendaires et r\u00e9inventent un look classique. Le maillot a \u00e9t\u00e9 con\u00e7u pour offrir un confort maximal aux fans. Il est en tissu doux et dispose de la technologie de gestion de l'humidit\u00e9 AEROREADY.<\/p>\n<p>Conseils pour l'impression : Si le nom et le num\u00e9ro figurant sur l'image correspondent exactement \u00e0 ce que vous souhaitez, vous ne devez pas les saisir \u00e0 nouveau. Si ce n'est pas le cas, vous devez saisir le nom et le num\u00e9ro que vous souhaitez.<\/p>\n<p>Les maillots imprim\u00e9s sont exclus de la politique de retour et d'\u00e9change. Pour les maillots personnalis\u00e9s, le d\u00e9lai de livraison est prolong\u00e9 de 1 \u00e0 2 jours ouvrables. Les modifications ult\u00e9rieures ne sont pas possibles. Aucun flocage d'origine<\/p>\n<p>Conseils pour le lavage : Il est recommand\u00e9 de laver les maillots de football \u00e0 la main. Si vous souhaitez utiliser la machine \u00e0 laver, pensez \u00e0 retourner les maillots de football avant de les laver. Remplissez la machine avec de l'eau froide et utilisez un cycle de lavage d\u00e9licat pour mieux prot\u00e9ger les couleurs.<\/p>","protected":false},"excerpt":{"rendered":"<p>Eine Hommage an sein gro\u00dfartiges Stadion. Das adidas Juventus-Trikot feiert das 10-j\u00e4hrige Bestehen des kultigen Allianz Stadions. Die Sterne, die das Design des Geb\u00e4udes dominieren, spiegeln sich in den legend\u00e4ren schwarzen Streifen wider und erfinden einen klassischen Look neu. Das Shirt wurde entwickelt, um maximalen Komfort f\u00fcr Fans zu bieten. Es ist aus weichem Stoff [&hellip;]<\/p>","protected":false},"featured_media":1633,"comment_status":"open","ping_status":"closed","template":"","meta":[],"product_brand":[],"product_cat":[59],"product_tag":[20,38,21,24,60,61],"class_list":{"0":"post-1603","1":"product","2":"type-product","3":"status-publish","4":"has-post-thumbnail","6":"product_cat-juventus","7":"product_tag-coole-fussballtrikots","8":"product_tag-fussball-trikot-langarm","9":"product_tag-fussballtrikot-fuer-herren","10":"product_tag-guenstiges-fussballtrikot","11":"product_tag-juventus-heimtrikot","12":"product_tag-juventus-trikots","14":"first","15":"instock","16":"shipping-taxable","17":"purchasable","18":"product-type-variable"},"_links":{"self":[{"href":"https:\/\/www.billigtrikotde.com\/fr\/wp-json\/wp\/v2\/product\/1603","targetHints":{"allow":["GET"]}}],"collection":[{"href":"https:\/\/www.billigtrikotde.com\/fr\/wp-json\/wp\/v2\/product"}],"about":[{"href":"https:\/\/www.billigtrikotde.com\/fr\/wp-json\/wp\/v2\/types\/product"}],"replies":[{"embeddable":true,"href":"https:\/\/www.billigtrikotde.com\/fr\/wp-json\/wp\/v2\/comments?post=1603"}],"wp:featuredmedia":[{"embeddable":true,"href":"https:\/\/www.billigtrikotde.com\/fr\/wp-json\/wp\/v2\/media\/1633"}],"wp:attachment":[{"href":"https:\/\/www.billigtrikotde.com\/fr\/wp-json\/wp\/v2\/media?parent=1603"}],"wp:term":[{"taxonomy":"product_brand","embeddable":true,"href":"https:\/\/www.billigtrikotde.com\/fr\/wp-json\/wp\/v2\/product_brand?post=1603"},{"taxonomy":"product_cat","embeddable":true,"href":"https:\/\/www.billigtrikotde.com\/fr\/wp-json\/wp\/v2\/product_cat?post=1603"},{"taxonomy":"product_tag","embeddable":true,"href":"https:\/\/www.billigtrikotde.com\/fr\/wp-json\/wp\/v2\/product_tag?post=1603"}],"curies":[{"name":"wp","href":"https:\/\/api.w.org\/{rel}","templated":true}]}}