{"id":15348,"date":"2024-10-24T07:43:59","date_gmt":"2024-10-24T05:43:59","guid":{"rendered":"http:\/\/billigtrikots.com\/?post_type=product&#038;p=15348"},"modified":"2024-10-24T07:46:35","modified_gmt":"2024-10-24T05:46:35","slug":"neue-fussballtrikots-ssc-napoli-23-24-drittes-trikot-herren-set","status":"publish","type":"product","link":"https:\/\/www.billigtrikotde.com\/fr\/neue-fussballtrikots-ssc-napoli-23-24-drittes-trikot-herren-set\/","title":{"rendered":"Nouveaux maillots de football SSC Napoli 23-24 Troisi\u00e8me Maillot Set Hommes"},"content":{"rendered":"<p>Le troisi\u00e8me maillot de football d'EA7 SSC Napoli 23-24 pr\u00e9sente une teinte tendance pour les maillots de football. Le troisi\u00e8me maillot Napoli 2023-2024 d'EA7 combine une base noire avec des logos enti\u00e8rement dor\u00e9s. Ce qui rend le troisi\u00e8me maillot Napoli 2023-2024 d'EA7 unique, c'est un motif vert unique sur les manches et en haut \u00e0 gauche. Il est inspir\u00e9 par des tatouages maoris.<\/p>\n<p>Conseils pour l'impression : Si le nom et le num\u00e9ro figurant sur l'image correspondent exactement \u00e0 ce que vous souhaitez, vous ne devez pas les saisir \u00e0 nouveau. Si ce n'est pas le cas, vous devez saisir le nom et le num\u00e9ro que vous souhaitez.<\/p>\n<p>Conseils pour le lavage : Il est recommand\u00e9 de laver les maillots de football \u00e0 la main. Si vous souhaitez utiliser la machine \u00e0 laver, pensez \u00e0 retourner les maillots de football avant de les laver. Remplissez la machine avec de l'eau froide et utilisez un cycle de lavage d\u00e9licat pour mieux prot\u00e9ger les couleurs.<\/p>","protected":false},"excerpt":{"rendered":"<p>Le troisi\u00e8me maillot de football d'EA7 SSC Napoli 23-24 pr\u00e9sente une teinte tendance pour les maillots de football. Le troisi\u00e8me maillot Napoli 2023-2024 d'EA7 combine une base noire avec des logos enti\u00e8rement dor\u00e9s. Ce qui rend le troisi\u00e8me maillot Napoli 2023-2024 d'EA7 unique, c'est un motif vert unique sur les manches et en haut \u00e0 gauche. Il est inspir\u00e9 par des tatouages maoris.<\/p>","protected":false},"featured_media":15390,"comment_status":"open","ping_status":"closed","template":"","meta":[],"product_brand":[],"product_cat":[192],"product_tag":[20,574,21,23,739,24,496,497],"class_list":{"0":"post-15348","1":"product","2":"type-product","3":"status-publish","4":"has-post-thumbnail","6":"product_cat-ssc-napoli","7":"product_tag-coole-fussballtrikots","8":"product_tag-fussballtrikot-deutschland","9":"product_tag-fussballtrikot-fuer-herren","10":"product_tag-fussballtrikot-kurzarm","11":"product_tag-guenstig-fussballtrikots","12":"product_tag-guenstiges-fussballtrikot","13":"product_tag-ssc-napoli-fussballtrikot","14":"product_tag-ssc-napoli-trikot","16":"first","17":"instock","18":"shipping-taxable","19":"purchasable","20":"product-type-variable"},"_links":{"self":[{"href":"https:\/\/www.billigtrikotde.com\/fr\/wp-json\/wp\/v2\/product\/15348","targetHints":{"allow":["GET"]}}],"collection":[{"href":"https:\/\/www.billigtrikotde.com\/fr\/wp-json\/wp\/v2\/product"}],"about":[{"href":"https:\/\/www.billigtrikotde.com\/fr\/wp-json\/wp\/v2\/types\/product"}],"replies":[{"embeddable":true,"href":"https:\/\/www.billigtrikotde.com\/fr\/wp-json\/wp\/v2\/comments?post=15348"}],"wp:featuredmedia":[{"embeddable":true,"href":"https:\/\/www.billigtrikotde.com\/fr\/wp-json\/wp\/v2\/media\/15390"}],"wp:attachment":[{"href":"https:\/\/www.billigtrikotde.com\/fr\/wp-json\/wp\/v2\/media?parent=15348"}],"wp:term":[{"taxonomy":"product_brand","embeddable":true,"href":"https:\/\/www.billigtrikotde.com\/fr\/wp-json\/wp\/v2\/product_brand?post=15348"},{"taxonomy":"product_cat","embeddable":true,"href":"https:\/\/www.billigtrikotde.com\/fr\/wp-json\/wp\/v2\/product_cat?post=15348"},{"taxonomy":"product_tag","embeddable":true,"href":"https:\/\/www.billigtrikotde.com\/fr\/wp-json\/wp\/v2\/product_tag?post=15348"}],"curies":[{"name":"wp","href":"https:\/\/api.w.org\/{rel}","templated":true}]}}