{"id":1515,"date":"2024-10-23T13:33:46","date_gmt":"2024-10-23T11:33:46","guid":{"rendered":"http:\/\/billigtrikots.com\/?post_type=product&#038;p=1515"},"modified":"2024-10-23T13:35:49","modified_gmt":"2024-10-23T11:35:49","slug":"fc-arsenal-2022-herren-blau-ausweichtrikot-3rd-kit-fussball-trikotsatz","status":"publish","type":"product","link":"https:\/\/www.billigtrikotde.com\/fr\/fc-arsenal-2022-herren-blau-ausweichtrikot-3rd-kit-fussball-trikotsatz\/","title":{"rendered":"FC Arsenal 2022 Homme bleu Maillot de substitution 3\u00e8me Kit Ensemble de maillots de football"},"content":{"rendered":"<p>Voici le retour d\u2019un design des ann\u00e9es 90 \u2013 comme un \u00e9clair du pass\u00e9. Ce maillot d\u2019ext\u00e9rieur du FC Arsenal c\u00e9l\u00e8bre une d\u00e9cennie de succ\u00e8s pour le football et pour adidas. La version fan combine un look d\u00e9contract\u00e9 inspir\u00e9 du style \u00e9quipement avec une technologie moderne. Le mat\u00e9riau doux avec AEROREADY absorbant l\u2019humidit\u00e9 vous maintient agr\u00e9ablement au sec.<\/p>\n<p>Conseils pour l'impression : Si le nom et le num\u00e9ro figurant sur l'image correspondent exactement \u00e0 ce que vous souhaitez, vous ne devez pas les saisir \u00e0 nouveau. Si ce n'est pas le cas, vous devez saisir le nom et le num\u00e9ro que vous souhaitez.<\/p>\n<p>Conseils pour le lavage : Il est recommand\u00e9 de laver les maillots de football \u00e0 la main. Si vous souhaitez utiliser la machine \u00e0 laver, pensez \u00e0 retourner les maillots de football avant de les laver. Remplissez la machine avec de l'eau froide et utilisez un cycle de lavage d\u00e9licat pour mieux prot\u00e9ger les couleurs.<\/p>","protected":false},"excerpt":{"rendered":"<p>Voici le retour d\u2019un design des ann\u00e9es 90 \u2013 comme un \u00e9clair du pass\u00e9. Ce maillot d\u2019ext\u00e9rieur du FC Arsenal c\u00e9l\u00e8bre une d\u00e9cennie de succ\u00e8s pour le football et pour adidas. La version fan combine un look d\u00e9contract\u00e9 inspir\u00e9 du style \u00e9quipement avec une technologie moderne. Le mat\u00e9riau doux avec AEROREADY absorbant l\u2019humidit\u00e9 vous maintient agr\u00e9ablement au sec.<\/p>","protected":false},"featured_media":1547,"comment_status":"open","ping_status":"closed","template":"","meta":[],"product_brand":[],"product_cat":[55],"product_tag":[20,57,21,22,23,54,24],"class_list":{"0":"post-1515","1":"product","2":"type-product","3":"status-publish","4":"has-post-thumbnail","6":"product_cat-arsenal","7":"product_tag-coole-fussballtrikots","8":"product_tag-fc-arsenal-trikots","9":"product_tag-fussballtrikot-fuer-herren","10":"product_tag-fussballtrikot-guenstig-kaufen","11":"product_tag-fussballtrikot-kurzarm","12":"product_tag-fussballtrikot-set","13":"product_tag-guenstiges-fussballtrikot","15":"first","16":"instock","17":"shipping-taxable","18":"purchasable","19":"product-type-variable"},"_links":{"self":[{"href":"https:\/\/www.billigtrikotde.com\/fr\/wp-json\/wp\/v2\/product\/1515","targetHints":{"allow":["GET"]}}],"collection":[{"href":"https:\/\/www.billigtrikotde.com\/fr\/wp-json\/wp\/v2\/product"}],"about":[{"href":"https:\/\/www.billigtrikotde.com\/fr\/wp-json\/wp\/v2\/types\/product"}],"replies":[{"embeddable":true,"href":"https:\/\/www.billigtrikotde.com\/fr\/wp-json\/wp\/v2\/comments?post=1515"}],"wp:featuredmedia":[{"embeddable":true,"href":"https:\/\/www.billigtrikotde.com\/fr\/wp-json\/wp\/v2\/media\/1547"}],"wp:attachment":[{"href":"https:\/\/www.billigtrikotde.com\/fr\/wp-json\/wp\/v2\/media?parent=1515"}],"wp:term":[{"taxonomy":"product_brand","embeddable":true,"href":"https:\/\/www.billigtrikotde.com\/fr\/wp-json\/wp\/v2\/product_brand?post=1515"},{"taxonomy":"product_cat","embeddable":true,"href":"https:\/\/www.billigtrikotde.com\/fr\/wp-json\/wp\/v2\/product_cat?post=1515"},{"taxonomy":"product_tag","embeddable":true,"href":"https:\/\/www.billigtrikotde.com\/fr\/wp-json\/wp\/v2\/product_tag?post=1515"}],"curies":[{"name":"wp","href":"https:\/\/api.w.org\/{rel}","templated":true}]}}