{"id":14966,"date":"2024-10-24T07:24:19","date_gmt":"2024-10-24T05:24:19","guid":{"rendered":"http:\/\/billigtrikots.com\/?post_type=product&#038;p=14966"},"modified":"2024-10-24T07:26:30","modified_gmt":"2024-10-24T05:26:30","slug":"billig-fc-barcelona-2023-2024-fussballtrikots-set-mit-namen-christensen-15","status":"publish","type":"product","link":"https:\/\/www.billigtrikotde.com\/fr\/billig-fc-barcelona-2023-2024-fussballtrikots-set-mit-namen-christensen-15\/","title":{"rendered":"Ensemble de maillots de football bon march\u00e9 FC Barcelone 2023-2024 avec nom CHRISTENSEN 15"},"content":{"rendered":"<p>Le maillot FC Barcelone 2023-2024 revient au design de maillot le plus classique du club, pr\u00e9sent\u00e9 en 1912 et utilis\u00e9 plus ou moins dans le m\u00eame style jusqu'aux ann\u00e9es 1990. Le maillot FC Barcelone 23-24 comporte trois larges rayures sur le devant. Ce qui est unique, c'est que les rayures classiques du maillot ont un motif en damier sur les bords. Cela s'inspire de l'ancien logo en forme de losange de l'\u00e9quipe f\u00e9minine actuelle de Barcelone. Nike utilise du blanc pour le swoosh et les num\u00e9ros, le logo Spotify est \u00e9galement en blanc.<\/p>\n<p>Conseils pour l'impression : Si le nom et le num\u00e9ro figurant sur l'image correspondent exactement \u00e0 ce que vous souhaitez, vous ne devez pas les saisir \u00e0 nouveau. Si ce n'est pas le cas, vous devez saisir le nom et le num\u00e9ro que vous souhaitez.<\/p>\n<p>Conseils pour le lavage : Il est recommand\u00e9 de laver les maillots de football \u00e0 la main. Si vous souhaitez utiliser la machine \u00e0 laver, pensez \u00e0 retourner les maillots de football avant de les laver. Remplissez la machine avec de l'eau froide et utilisez un cycle de lavage d\u00e9licat pour mieux prot\u00e9ger les couleurs.<\/p>","protected":false},"excerpt":{"rendered":"<p>Le maillot FC Barcelone 2023-2024 revient au design de maillot le plus classique du club, pr\u00e9sent\u00e9 en 1912 et utilis\u00e9 plus ou moins dans le m\u00eame style jusqu'aux ann\u00e9es 1990. Le maillot FC Barcelone 23-24 poss\u00e8de trois bandes larges sur le devant. Ce qui est unique, c'est que les bandes classiques du maillot ont un motif en damier sur les bords. Cela [\u2026]<\/p>","protected":false},"featured_media":15004,"comment_status":"open","ping_status":"closed","template":"","meta":[],"product_brand":[],"product_cat":[31],"product_tag":[703,704,20,863,864,33,574,426,24],"class_list":{"0":"post-14966","1":"product","2":"type-product","3":"status-publish","4":"has-post-thumbnail","6":"product_cat-fc-barcelona","7":"product_tag-barcelona-fussballtrikot","8":"product_tag-barcelona-trikot","9":"product_tag-coole-fussballtrikots","10":"product_tag-fc-barcelona-neue-trikots","11":"product_tag-fc-barcelona-trikot-set","12":"product_tag-fc-barcelona-trikots","13":"product_tag-fussballtrikot-deutschland","14":"product_tag-fussballtrikots-kurzarm","15":"product_tag-guenstiges-fussballtrikot","17":"first","18":"instock","19":"shipping-taxable","20":"purchasable","21":"product-type-variable"},"_links":{"self":[{"href":"https:\/\/www.billigtrikotde.com\/fr\/wp-json\/wp\/v2\/product\/14966","targetHints":{"allow":["GET"]}}],"collection":[{"href":"https:\/\/www.billigtrikotde.com\/fr\/wp-json\/wp\/v2\/product"}],"about":[{"href":"https:\/\/www.billigtrikotde.com\/fr\/wp-json\/wp\/v2\/types\/product"}],"replies":[{"embeddable":true,"href":"https:\/\/www.billigtrikotde.com\/fr\/wp-json\/wp\/v2\/comments?post=14966"}],"wp:featuredmedia":[{"embeddable":true,"href":"https:\/\/www.billigtrikotde.com\/fr\/wp-json\/wp\/v2\/media\/15004"}],"wp:attachment":[{"href":"https:\/\/www.billigtrikotde.com\/fr\/wp-json\/wp\/v2\/media?parent=14966"}],"wp:term":[{"taxonomy":"product_brand","embeddable":true,"href":"https:\/\/www.billigtrikotde.com\/fr\/wp-json\/wp\/v2\/product_brand?post=14966"},{"taxonomy":"product_cat","embeddable":true,"href":"https:\/\/www.billigtrikotde.com\/fr\/wp-json\/wp\/v2\/product_cat?post=14966"},{"taxonomy":"product_tag","embeddable":true,"href":"https:\/\/www.billigtrikotde.com\/fr\/wp-json\/wp\/v2\/product_tag?post=14966"}],"curies":[{"name":"wp","href":"https:\/\/api.w.org\/{rel}","templated":true}]}}