{"id":1490,"date":"2024-10-23T13:32:40","date_gmt":"2024-10-23T11:32:40","guid":{"rendered":"http:\/\/billigtrikots.com\/?post_type=product&#038;p=1490"},"modified":"2024-10-23T13:34:44","modified_gmt":"2024-10-23T11:34:44","slug":"saka-7-trikotsatz-fc-arsenal-gelbe-trikots-auswaerts-2022-kurze-hosen","status":"publish","type":"product","link":"https:\/\/www.billigtrikotde.com\/fr\/saka-7-trikotsatz-fc-arsenal-gelbe-trikots-auswaerts-2022-kurze-hosen\/","title":{"rendered":"SAKA 7# Ensemble maillots FC Arsenal Maillots jaunes Ext\u00e9rieur 2022 + Short"},"content":{"rendered":"<p>Voici le maillot adidas en jaune, qui vous aide \u00e0 soutenir votre club pr\u00e9f\u00e9r\u00e9 en toutes circonstances et \u00e0 montrer ce que votre c\u0153ur bat pour. \u00c9largissez votre collection FC Arsenal Londres avec le maillot ext\u00e9rieur, port\u00e9 \u00e9galement par les joueurs de la Premier League. Sa respirabilit\u00e9, son confort et ses propri\u00e9t\u00e9s d'\u00e9vacuation de la transpiration en font un choix convaincant. Il se distingue visuellement par un blason du club sur la poitrine. Peu importe la difficult\u00e9 de l'entra\u00eenement ou du match, avec ce mod\u00e8le, vous \u00eates toujours parfaitement habill\u00e9.<\/p>\n<p>Conseils pour l'impression : Si le nom et le num\u00e9ro figurant sur l'image correspondent exactement \u00e0 ce que vous souhaitez, vous ne devez pas les saisir \u00e0 nouveau. Si ce n'est pas le cas, vous devez saisir le nom et le num\u00e9ro que vous souhaitez.<\/p>\n<p>Conseils pour le lavage : Il est recommand\u00e9 de laver les maillots de football \u00e0 la main. Si vous souhaitez utiliser la machine \u00e0 laver, pensez \u00e0 retourner les maillots de football avant de les laver. Remplissez la machine avec de l'eau froide et utilisez un cycle de lavage d\u00e9licat pour mieux prot\u00e9ger les couleurs.<\/p>","protected":false},"excerpt":{"rendered":"<p>Voici le maillot a-didas en jaune, qui vous aide \u00e0 soutenir votre club pr\u00e9f\u00e9r\u00e9 en toutes circonstances et \u00e0 montrer o\u00f9 bat votre c\u0153ur. \u00c9largissez votre collection FC Arsenal London avec le maillot ext\u00e9rieur, que les joueurs de la Premier League portent \u00e9galement. Son fonctionnement respirant, confortable et \u00e9vacuant la transpiration le rend convaincant. Il s\u00e9duit visuellement par un [\u2026]<\/p>","protected":false},"featured_media":1521,"comment_status":"open","ping_status":"closed","template":"","meta":[],"product_brand":[],"product_cat":[55],"product_tag":[20,58,57,21,22,23,54,24],"class_list":{"0":"post-1490","1":"product","2":"type-product","3":"status-publish","4":"has-post-thumbnail","6":"product_cat-arsenal","7":"product_tag-coole-fussballtrikots","8":"product_tag-fc-arsenal-auswaertstrikot","9":"product_tag-fc-arsenal-trikots","10":"product_tag-fussballtrikot-fuer-herren","11":"product_tag-fussballtrikot-guenstig-kaufen","12":"product_tag-fussballtrikot-kurzarm","13":"product_tag-fussballtrikot-set","14":"product_tag-guenstiges-fussballtrikot","16":"first","17":"instock","18":"shipping-taxable","19":"purchasable","20":"product-type-variable"},"_links":{"self":[{"href":"https:\/\/www.billigtrikotde.com\/fr\/wp-json\/wp\/v2\/product\/1490","targetHints":{"allow":["GET"]}}],"collection":[{"href":"https:\/\/www.billigtrikotde.com\/fr\/wp-json\/wp\/v2\/product"}],"about":[{"href":"https:\/\/www.billigtrikotde.com\/fr\/wp-json\/wp\/v2\/types\/product"}],"replies":[{"embeddable":true,"href":"https:\/\/www.billigtrikotde.com\/fr\/wp-json\/wp\/v2\/comments?post=1490"}],"wp:featuredmedia":[{"embeddable":true,"href":"https:\/\/www.billigtrikotde.com\/fr\/wp-json\/wp\/v2\/media\/1521"}],"wp:attachment":[{"href":"https:\/\/www.billigtrikotde.com\/fr\/wp-json\/wp\/v2\/media?parent=1490"}],"wp:term":[{"taxonomy":"product_brand","embeddable":true,"href":"https:\/\/www.billigtrikotde.com\/fr\/wp-json\/wp\/v2\/product_brand?post=1490"},{"taxonomy":"product_cat","embeddable":true,"href":"https:\/\/www.billigtrikotde.com\/fr\/wp-json\/wp\/v2\/product_cat?post=1490"},{"taxonomy":"product_tag","embeddable":true,"href":"https:\/\/www.billigtrikotde.com\/fr\/wp-json\/wp\/v2\/product_tag?post=1490"}],"curies":[{"name":"wp","href":"https:\/\/api.w.org\/{rel}","templated":true}]}}