{"id":14511,"date":"2024-10-24T06:59:45","date_gmt":"2024-10-24T04:59:45","guid":{"rendered":"http:\/\/billigtrikots.com\/?post_type=product&#038;p=14511"},"modified":"2024-10-24T07:01:54","modified_gmt":"2024-10-24T05:01:54","slug":"billige-fussballtrikots-atletico-madrid-auswaertstrikot-2023-2024-kurzarm-axel-witsel-20","status":"publish","type":"product","link":"https:\/\/www.billigtrikotde.com\/fr\/billige-fussballtrikots-atletico-madrid-auswaertstrikot-2023-2024-kurzarm-axel-witsel-20\/","title":{"rendered":"Maillots de foot pas cher Atletico Madrid Maillot ext\u00e9rieur 2023-2024 manches courtes Axel Witsel 20"},"content":{"rendered":"<p>Le maillot ext\u00e9rieur 2023-2024 de l\u2019Atl\u00e9tico de Madrid est un hommage au tout premier maillot de football du club, qui arborait un design bicolore. Il combine le bleu roi \u00e0 droite et le blanc \u00e0 gauche avec des manches raglan bleues. Au lieu du blason actuel de l\u2019Atl\u00e9tico, le maillot 2023-24 utilise le premier logo du club. Il est tout \u00e0 fait diff\u00e9rent du blason actuel et de tous les logos ult\u00e9rieurs de l\u2019Atleti.<\/p>\n<p>Conseils pour l'impression : Si le nom et le num\u00e9ro figurant sur l'image correspondent exactement \u00e0 ce que vous souhaitez, vous ne devez pas les saisir \u00e0 nouveau. Si ce n'est pas le cas, vous devez saisir le nom et le num\u00e9ro que vous souhaitez.<\/p>\n<p>Conseils pour le lavage : Il est recommand\u00e9 de laver les maillots de football \u00e0 la main. Si vous souhaitez utiliser la machine \u00e0 laver, pensez \u00e0 retourner les maillots de football avant de les laver. Remplissez la machine avec de l'eau froide et utilisez un cycle de lavage d\u00e9licat pour mieux prot\u00e9ger les couleurs.<\/p>","protected":false},"excerpt":{"rendered":"<p>Le maillot ext\u00e9rieur 2023-2024 de l\u2019Atl\u00e9tico de Madrid est un hommage au tout premier maillot de football du club, qui arborait un design bicolore. Il combine le bleu roi \u00e0 droite et le blanc \u00e0 gauche avec des manches raglan bleues. Au lieu du blason actuel de l\u2019Atl\u00e9tico, le maillot 2023-24 utilise le premier logo du club. Il est tout \u00e0 fait diff\u00e9rent du blason actuel et de tous les logos ult\u00e9rieurs de l\u2019Atleti.<\/p>","protected":false},"featured_media":14549,"comment_status":"open","ping_status":"closed","template":"","meta":[],"product_brand":[],"product_cat":[88],"product_tag":[487,488,90,719,720,721,807,20,21,22,23,24],"class_list":{"0":"post-14511","1":"product","2":"type-product","3":"status-publish","4":"has-post-thumbnail","6":"product_cat-atletico-madrid","7":"product_tag-atletico-madrid-fussballtrikot","8":"product_tag-atletico-madrid-trikot","9":"product_tag-atletico-madrid-trikots","10":"product_tag-axel-witsel-babykleidung","11":"product_tag-axel-witsel-fussballtrikot","12":"product_tag-axel-witsel-kleidung-kinder","13":"product_tag-axel-witsel-trikot-fuer-kinder","14":"product_tag-coole-fussballtrikots","15":"product_tag-fussballtrikot-fuer-herren","16":"product_tag-fussballtrikot-guenstig-kaufen","17":"product_tag-fussballtrikot-kurzarm","18":"product_tag-guenstiges-fussballtrikot","20":"first","21":"instock","22":"shipping-taxable","23":"purchasable","24":"product-type-variable"},"_links":{"self":[{"href":"https:\/\/www.billigtrikotde.com\/fr\/wp-json\/wp\/v2\/product\/14511","targetHints":{"allow":["GET"]}}],"collection":[{"href":"https:\/\/www.billigtrikotde.com\/fr\/wp-json\/wp\/v2\/product"}],"about":[{"href":"https:\/\/www.billigtrikotde.com\/fr\/wp-json\/wp\/v2\/types\/product"}],"replies":[{"embeddable":true,"href":"https:\/\/www.billigtrikotde.com\/fr\/wp-json\/wp\/v2\/comments?post=14511"}],"wp:featuredmedia":[{"embeddable":true,"href":"https:\/\/www.billigtrikotde.com\/fr\/wp-json\/wp\/v2\/media\/14549"}],"wp:attachment":[{"href":"https:\/\/www.billigtrikotde.com\/fr\/wp-json\/wp\/v2\/media?parent=14511"}],"wp:term":[{"taxonomy":"product_brand","embeddable":true,"href":"https:\/\/www.billigtrikotde.com\/fr\/wp-json\/wp\/v2\/product_brand?post=14511"},{"taxonomy":"product_cat","embeddable":true,"href":"https:\/\/www.billigtrikotde.com\/fr\/wp-json\/wp\/v2\/product_cat?post=14511"},{"taxonomy":"product_tag","embeddable":true,"href":"https:\/\/www.billigtrikotde.com\/fr\/wp-json\/wp\/v2\/product_tag?post=14511"}],"curies":[{"name":"wp","href":"https:\/\/api.w.org\/{rel}","templated":true}]}}