{"id":14385,"date":"2024-10-24T06:52:49","date_gmt":"2024-10-24T04:52:49","guid":{"rendered":"http:\/\/billigtrikots.com\/?post_type=product&#038;p=14385"},"modified":"2024-10-24T06:55:32","modified_gmt":"2024-10-24T04:55:32","slug":"blauen-weisse-heimtrikots-real-sociedad-2023-2024-trikot-herren-kurzarm-kurze-hosen","status":"publish","type":"product","link":"https:\/\/www.billigtrikotde.com\/fr\/blauen-weisse-heimtrikots-real-sociedad-2023-2024-trikot-herren-kurzarm-kurze-hosen\/","title":{"rendered":"Maillots domicile bleu et blanc Real Sociedad 2023-2024 Maillot Homme manches courtes + short"},"content":{"rendered":"<p>Le maillot Macron Real Sociedad 2023-2024 repr\u00e9sente une nouvelle version des traditionnels rayures bleu et blanc du club. Les rayures bleues ont \u00e9t\u00e9 appos\u00e9es d'une mani\u00e8re unique et con\u00e7ues par le sculpteur I\u00f1igo Manterola. Les rayures sont tridimensionnelles et se pr\u00e9sentent dans diff\u00e9rentes nuances, rappelant une sculpture.<\/p>\n<p>Le col du maillot domicile Macron La Real 2023-24 est de style polo avec un d\u00e9collet\u00e9 en V crois\u00e9 et les manches sont orn\u00e9es de deux rayures marine. \u00c0 l\u2019int\u00e9rieur du maillot domicile Macron Real Sociedad 2023-24, \u00e0 c\u00f4t\u00e9 du logo Macron, figure la revendication \u00ab We are Real \u00bb. Le verso du maillot domicile Macron Real Sociedad 2023-2024 affiche le drapeau basque sous le col.<\/p>\n<p>Conseils pour l'impression : Si le nom et le num\u00e9ro figurant sur l'image correspondent exactement \u00e0 ce que vous souhaitez, vous ne devez pas les saisir \u00e0 nouveau. Si ce n'est pas le cas, vous devez saisir le nom et le num\u00e9ro que vous souhaitez.<\/p>\n<p>Conseils pour le lavage : Il est recommand\u00e9 de laver les maillots de football \u00e0 la main. Si vous souhaitez utiliser la machine \u00e0 laver, pensez \u00e0 retourner les maillots de football avant de les laver. Remplissez la machine avec de l'eau froide et utilisez un cycle de lavage d\u00e9licat pour mieux prot\u00e9ger les couleurs.<\/p>","protected":false},"excerpt":{"rendered":"<p>Das Macron Real Sociedad 2023-2024 Trikot stellt eine neue Version der traditionellen blau-wei\u00dfen Streifen des Vereins dar.Die blauen Streifen wurden auf einzigartige Weise angebracht und von dem Bildhauer I\u00f1igo Manterola entworfen. Die Streifen sind dreidimensional und kommen in verschiedenen Schattierungen daher, die an eine Skulptur erinnern. Der Kragen des Macron La Real 2023-24 Heimtrikots ist [&hellip;]<\/p>","protected":false},"featured_media":14430,"comment_status":"open","ping_status":"closed","template":"","meta":[],"product_brand":[],"product_cat":[15],"product_tag":[574,21,23,228,24,799,800],"class_list":{"0":"post-14385","1":"product","2":"type-product","3":"status-publish","4":"has-post-thumbnail","6":"product_cat-unkategorisiert","7":"product_tag-fussballtrikot-deutschland","8":"product_tag-fussballtrikot-fuer-herren","9":"product_tag-fussballtrikot-kurzarm","10":"product_tag-guenstige-fussballtrikot","11":"product_tag-guenstiges-fussballtrikot","12":"product_tag-real-sociedad-2023-2024-trikot","13":"product_tag-real-sociedad-23-24-trikot","15":"first","16":"instock","17":"shipping-taxable","18":"purchasable","19":"product-type-variable"},"_links":{"self":[{"href":"https:\/\/www.billigtrikotde.com\/fr\/wp-json\/wp\/v2\/product\/14385","targetHints":{"allow":["GET"]}}],"collection":[{"href":"https:\/\/www.billigtrikotde.com\/fr\/wp-json\/wp\/v2\/product"}],"about":[{"href":"https:\/\/www.billigtrikotde.com\/fr\/wp-json\/wp\/v2\/types\/product"}],"replies":[{"embeddable":true,"href":"https:\/\/www.billigtrikotde.com\/fr\/wp-json\/wp\/v2\/comments?post=14385"}],"wp:featuredmedia":[{"embeddable":true,"href":"https:\/\/www.billigtrikotde.com\/fr\/wp-json\/wp\/v2\/media\/14430"}],"wp:attachment":[{"href":"https:\/\/www.billigtrikotde.com\/fr\/wp-json\/wp\/v2\/media?parent=14385"}],"wp:term":[{"taxonomy":"product_brand","embeddable":true,"href":"https:\/\/www.billigtrikotde.com\/fr\/wp-json\/wp\/v2\/product_brand?post=14385"},{"taxonomy":"product_cat","embeddable":true,"href":"https:\/\/www.billigtrikotde.com\/fr\/wp-json\/wp\/v2\/product_cat?post=14385"},{"taxonomy":"product_tag","embeddable":true,"href":"https:\/\/www.billigtrikotde.com\/fr\/wp-json\/wp\/v2\/product_tag?post=14385"}],"curies":[{"name":"wp","href":"https:\/\/api.w.org\/{rel}","templated":true}]}}