{"id":14287,"date":"2024-10-24T06:47:34","date_gmt":"2024-10-24T04:47:34","guid":{"rendered":"http:\/\/billigtrikots.com\/?post_type=product&#038;p=14287"},"modified":"2024-10-24T06:50:19","modified_gmt":"2024-10-24T04:50:19","slug":"herren-heimtrikot-al-nassr-23-24-trikot-gelb-kurzarm-blaue-kurze-hosen","status":"publish","type":"product","link":"https:\/\/www.billigtrikotde.com\/fr\/herren-heimtrikot-al-nassr-23-24-trikot-gelb-kurzarm-blaue-kurze-hosen\/","title":{"rendered":"Hommes Maillot domicile Al-Nassr 23-24 Maillot jaune manches courtes + short bleu"},"content":{"rendered":"<p>Le maillot Al-Nassr 2023-24 est bas\u00e9 sur le mod\u00e8le Park VII et arbore le jaune classique du club. Sur le devant, trois lignes bleues verticales traversent le maillot, l'une des extr\u00e9mit\u00e9s passant par l'embl\u00e8me du club et le Swoosh de Nike. La bande centrale est l\u00e9g\u00e8rement plus fine que les bandes externes, qui pr\u00e9sentent chacune un motif.<\/p>\n<p>Conseils pour l'impression : Si le nom et le num\u00e9ro figurant sur l'image correspondent exactement \u00e0 ce que vous souhaitez, vous ne devez pas les saisir \u00e0 nouveau. Si ce n'est pas le cas, vous devez saisir le nom et le num\u00e9ro que vous souhaitez.<\/p>\n<p>Conseils pour le lavage : Il est recommand\u00e9 de laver les maillots de football \u00e0 la main. Si vous souhaitez utiliser la machine \u00e0 laver, pensez \u00e0 retourner les maillots de football avant de les laver. Remplissez la machine avec de l'eau froide et utilisez un cycle de lavage d\u00e9licat pour mieux prot\u00e9ger les couleurs.<\/p>","protected":false},"excerpt":{"rendered":"<p>Le maillot Al-Nassr 2023-24 est bas\u00e9 sur le mod\u00e8le Park VII et arbore le jaune classique du club. Sur le devant, trois lignes bleues verticales traversent le maillot, l'une des extr\u00e9mit\u00e9s passant par l'embl\u00e8me du club et le Swoosh de Nike. La bande centrale est l\u00e9g\u00e8rement plus fine que les bandes externes, qui pr\u00e9sentent chacune un motif.<\/p>","protected":false},"featured_media":14326,"comment_status":"open","ping_status":"closed","template":"","meta":[],"product_brand":[],"product_cat":[433],"product_tag":[777,636,637,461,20,574,21,22,23,24],"class_list":{"0":"post-14287","1":"product","2":"type-product","3":"status-publish","4":"has-post-thumbnail","6":"product_cat-al-nassr-fc","7":"product_tag-al-nassr-23-24-trikot","8":"product_tag-al-nassr-fussballtrikot","9":"product_tag-al-nassr-trikot","10":"product_tag-al-nassr-trikots","11":"product_tag-coole-fussballtrikots","12":"product_tag-fussballtrikot-deutschland","13":"product_tag-fussballtrikot-fuer-herren","14":"product_tag-fussballtrikot-guenstig-kaufen","15":"product_tag-fussballtrikot-kurzarm","16":"product_tag-guenstiges-fussballtrikot","18":"first","19":"instock","20":"shipping-taxable","21":"purchasable","22":"product-type-variable"},"_links":{"self":[{"href":"https:\/\/www.billigtrikotde.com\/fr\/wp-json\/wp\/v2\/product\/14287","targetHints":{"allow":["GET"]}}],"collection":[{"href":"https:\/\/www.billigtrikotde.com\/fr\/wp-json\/wp\/v2\/product"}],"about":[{"href":"https:\/\/www.billigtrikotde.com\/fr\/wp-json\/wp\/v2\/types\/product"}],"replies":[{"embeddable":true,"href":"https:\/\/www.billigtrikotde.com\/fr\/wp-json\/wp\/v2\/comments?post=14287"}],"wp:featuredmedia":[{"embeddable":true,"href":"https:\/\/www.billigtrikotde.com\/fr\/wp-json\/wp\/v2\/media\/14326"}],"wp:attachment":[{"href":"https:\/\/www.billigtrikotde.com\/fr\/wp-json\/wp\/v2\/media?parent=14287"}],"wp:term":[{"taxonomy":"product_brand","embeddable":true,"href":"https:\/\/www.billigtrikotde.com\/fr\/wp-json\/wp\/v2\/product_brand?post=14287"},{"taxonomy":"product_cat","embeddable":true,"href":"https:\/\/www.billigtrikotde.com\/fr\/wp-json\/wp\/v2\/product_cat?post=14287"},{"taxonomy":"product_tag","embeddable":true,"href":"https:\/\/www.billigtrikotde.com\/fr\/wp-json\/wp\/v2\/product_tag?post=14287"}],"curies":[{"name":"wp","href":"https:\/\/api.w.org\/{rel}","templated":true}]}}