{"id":14285,"date":"2024-10-24T06:47:32","date_gmt":"2024-10-24T04:47:32","guid":{"rendered":"http:\/\/billigtrikots.com\/?post_type=product&#038;p=14285"},"modified":"2024-10-24T06:49:48","modified_gmt":"2024-10-24T04:49:48","slug":"italien-2023-trikot-125th-anniversary-trikots-weiss-kurzarm-kurze-hosen","status":"publish","type":"product","link":"https:\/\/www.billigtrikotde.com\/fr\/italien-2023-trikot-125th-anniversary-trikots-weiss-kurzarm-kurze-hosen\/","title":{"rendered":"Italie 2023 Maillot 125\u00e8me Anniversaire blanc manches courtes + short"},"content":{"rendered":"<p>Le maillot sp\u00e9cial Italien 2023 se pr\u00e9sente dans un design clair en blanc avec des logos et des accents dor\u00e9s. La caract\u00e9ristique la plus marquante du maillot sp\u00e9cial Italien 2023 est l\u2019embl\u00e8me entour\u00e9 d\u2019une couronne de laurier.<br \/>\nLe col rond blanc, avec les trois bandes traditionnelles courant sur les \u00e9paules, est compl\u00e9t\u00e9 par la technique de tissage \u00ab Flatnik \u00bb. Cette technique conf\u00e8re au style classique une mise \u00e0 jour moderne, la couture au niveau des manches courtes \u00e9tant particuli\u00e8rement visible. Comme \u00e9l\u00e9ment pr\u00e9cieux suppl\u00e9mentaire, une \u00e9tiquette a \u00e9t\u00e9 appos\u00e9e sur le c\u00f4t\u00e9 droit, rappelant l\u2019anniversaire de l\u2019association italienne de football.<br \/>\nShorts du maillot Italy 125e anniversaire : blancs avec des d\u00e9tails dor\u00e9s et trois bandes sur les c\u00f4t\u00e9s, tandis que sur la cuisse droite se trouve l\u2019embl\u00e8me comm\u00e9moratif FIGC. Les chaussettes noires pr\u00e9sentent des broderies dor\u00e9es, incluant l\u2019inscription Italie sur l\u2019avant, le logo adidas \u00e0 l\u2019arri\u00e8re et trois bandes sous le genou.<\/p>\n<p>Conseils pour l'impression : Si le nom et le num\u00e9ro figurant sur l'image correspondent exactement \u00e0 ce que vous souhaitez, vous ne devez pas les saisir \u00e0 nouveau. Si ce n'est pas le cas, vous devez saisir le nom et le num\u00e9ro que vous souhaitez.<\/p>\n<p>Conseils pour le lavage : Il est recommand\u00e9 de laver les maillots de football \u00e0 la main. Si vous souhaitez utiliser la machine \u00e0 laver, pensez \u00e0 retourner les maillots de football avant de les laver. Remplissez la machine avec de l'eau froide et utilisez un cycle de lavage d\u00e9licat pour mieux prot\u00e9ger les couleurs.<\/p>","protected":false},"excerpt":{"rendered":"<p>Das Italien 2023 Sondereditionstrikot pr\u00e4sentiert sich in einem klaren Design in Wei\u00df mit goldenen Logos und Akzenten.Das auff\u00e4lligste Merkmal des Italien 2023 Sondertrikots ist das Wappen, das von einem Lorbeerkranz umgeben ist. Der wei\u00dfe Rundkragen mit den traditionellen drei\u00a0 Streifen, die \u00fcber die Schultern laufen, wird durch die &#8222;Flatnik&#8220;-Webtechnik erg\u00e4nzt. Diese Technik verleiht dem klassischen [&hellip;]<\/p>","protected":false},"featured_media":14325,"comment_status":"open","ping_status":"closed","template":"","meta":[],"product_brand":[],"product_cat":[316],"product_tag":[20,574,21,22,23,24,318,776],"class_list":{"0":"post-14285","1":"product","2":"type-product","3":"status-publish","4":"has-post-thumbnail","6":"product_cat-italien-trikots","7":"product_tag-coole-fussballtrikots","8":"product_tag-fussballtrikot-deutschland","9":"product_tag-fussballtrikot-fuer-herren","10":"product_tag-fussballtrikot-guenstig-kaufen","11":"product_tag-fussballtrikot-kurzarm","12":"product_tag-guenstiges-fussballtrikot","13":"product_tag-italien-trikots","14":"product_tag-italien-trikots-2023-24","16":"first","17":"instock","18":"shipping-taxable","19":"purchasable","20":"product-type-variable"},"_links":{"self":[{"href":"https:\/\/www.billigtrikotde.com\/fr\/wp-json\/wp\/v2\/product\/14285","targetHints":{"allow":["GET"]}}],"collection":[{"href":"https:\/\/www.billigtrikotde.com\/fr\/wp-json\/wp\/v2\/product"}],"about":[{"href":"https:\/\/www.billigtrikotde.com\/fr\/wp-json\/wp\/v2\/types\/product"}],"replies":[{"embeddable":true,"href":"https:\/\/www.billigtrikotde.com\/fr\/wp-json\/wp\/v2\/comments?post=14285"}],"wp:featuredmedia":[{"embeddable":true,"href":"https:\/\/www.billigtrikotde.com\/fr\/wp-json\/wp\/v2\/media\/14325"}],"wp:attachment":[{"href":"https:\/\/www.billigtrikotde.com\/fr\/wp-json\/wp\/v2\/media?parent=14285"}],"wp:term":[{"taxonomy":"product_brand","embeddable":true,"href":"https:\/\/www.billigtrikotde.com\/fr\/wp-json\/wp\/v2\/product_brand?post=14285"},{"taxonomy":"product_cat","embeddable":true,"href":"https:\/\/www.billigtrikotde.com\/fr\/wp-json\/wp\/v2\/product_cat?post=14285"},{"taxonomy":"product_tag","embeddable":true,"href":"https:\/\/www.billigtrikotde.com\/fr\/wp-json\/wp\/v2\/product_tag?post=14285"}],"curies":[{"name":"wp","href":"https:\/\/api.w.org\/{rel}","templated":true}]}}