{"id":14283,"date":"2024-10-24T06:47:30","date_gmt":"2024-10-24T04:47:30","guid":{"rendered":"http:\/\/billigtrikots.com\/?post_type=product&#038;p=14283"},"modified":"2024-10-24T06:49:47","modified_gmt":"2024-10-24T04:49:47","slug":"blaue-italien-trikots-fuer-herren-italien-heimtrikot-2023-24-personalisierbar","status":"publish","type":"product","link":"https:\/\/www.billigtrikotde.com\/fr\/blaue-italien-trikots-fuer-herren-italien-heimtrikot-2023-24-personalisierbar\/","title":{"rendered":"Maillots bleus Italie pour hommes Maillot domicile Italie 2023\/24 Personnalisable"},"content":{"rendered":"<p>Italien jusqu\u2019\u00e0 la moelle. Le marbre est le fond pr\u00e9cieux sur lequel la culture italienne repose, et joue un r\u00f4le central dans le design de ce maillot de football frappant et authentique. En plus de d\u00e9tails dor\u00e9s et d\u2019un signe \u00ab Italia \u00bb \u00e0 la nuque, des veines sombres se d\u00e9tachent sur ces c\u00e9l\u00e8bres couleurs azzurri.<\/p>\n<p>Conseils pour l'impression : Si le nom et le num\u00e9ro figurant sur l'image correspondent exactement \u00e0 ce que vous souhaitez, vous ne devez pas les saisir \u00e0 nouveau. Si ce n'est pas le cas, vous devez saisir le nom et le num\u00e9ro que vous souhaitez.<\/p>\n<p>Conseils pour le lavage : Il est recommand\u00e9 de laver les maillots de football \u00e0 la main. Si vous souhaitez utiliser la machine \u00e0 laver, pensez \u00e0 retourner les maillots de football avant de les laver. Remplissez la machine avec de l'eau froide et utilisez un cycle de lavage d\u00e9licat pour mieux prot\u00e9ger les couleurs.<\/p>","protected":false},"excerpt":{"rendered":"<p>Jusqu\u2019\u2019au c\u0153ur des choses. Le marbre est le fond pr\u00e9cieux sur lequel s\u2019appuie la culture italienne, et il joue un r\u00f4le central dans le design de ce maillot de football saisissant et authentique. \u00c0 c\u00f4t\u00e9 des d\u00e9tails dor\u00e9s et d\u2019un signe \u00ab Italia \u00bb au niveau de la nuque, des veines sombres se d\u00e9tachent sur ces c\u00e9l\u00e8bres couleurs azzurre. Conseils d\u2019impression : lorsque le nom et le num\u00e9ro sont sur l\u2019image [\u2026]<\/p>","protected":false},"featured_media":14324,"comment_status":"open","ping_status":"closed","template":"","meta":[],"product_brand":[],"product_cat":[316],"product_tag":[20,574,21,22,23,24,317,318,776],"class_list":{"0":"post-14283","1":"product","2":"type-product","3":"status-publish","4":"has-post-thumbnail","6":"product_cat-italien-trikots","7":"product_tag-coole-fussballtrikots","8":"product_tag-fussballtrikot-deutschland","9":"product_tag-fussballtrikot-fuer-herren","10":"product_tag-fussballtrikot-guenstig-kaufen","11":"product_tag-fussballtrikot-kurzarm","12":"product_tag-guenstiges-fussballtrikot","13":"product_tag-italien-heimtrikot","14":"product_tag-italien-trikots","15":"product_tag-italien-trikots-2023-24","17":"first","18":"instock","19":"shipping-taxable","20":"purchasable","21":"product-type-variable"},"_links":{"self":[{"href":"https:\/\/www.billigtrikotde.com\/fr\/wp-json\/wp\/v2\/product\/14283","targetHints":{"allow":["GET"]}}],"collection":[{"href":"https:\/\/www.billigtrikotde.com\/fr\/wp-json\/wp\/v2\/product"}],"about":[{"href":"https:\/\/www.billigtrikotde.com\/fr\/wp-json\/wp\/v2\/types\/product"}],"replies":[{"embeddable":true,"href":"https:\/\/www.billigtrikotde.com\/fr\/wp-json\/wp\/v2\/comments?post=14283"}],"wp:featuredmedia":[{"embeddable":true,"href":"https:\/\/www.billigtrikotde.com\/fr\/wp-json\/wp\/v2\/media\/14324"}],"wp:attachment":[{"href":"https:\/\/www.billigtrikotde.com\/fr\/wp-json\/wp\/v2\/media?parent=14283"}],"wp:term":[{"taxonomy":"product_brand","embeddable":true,"href":"https:\/\/www.billigtrikotde.com\/fr\/wp-json\/wp\/v2\/product_brand?post=14283"},{"taxonomy":"product_cat","embeddable":true,"href":"https:\/\/www.billigtrikotde.com\/fr\/wp-json\/wp\/v2\/product_cat?post=14283"},{"taxonomy":"product_tag","embeddable":true,"href":"https:\/\/www.billigtrikotde.com\/fr\/wp-json\/wp\/v2\/product_tag?post=14283"}],"curies":[{"name":"wp","href":"https:\/\/api.w.org\/{rel}","templated":true}]}}