{"id":1425,"date":"2024-10-23T13:29:56","date_gmt":"2024-10-23T11:29:56","guid":{"rendered":"http:\/\/billigtrikots.com\/?post_type=product&#038;p=1425"},"modified":"2024-10-23T13:31:28","modified_gmt":"2024-10-23T11:31:28","slug":"fc-arsenal-london-2022-leno-1-herren-heimtrikot-rot-weiss-kurzarm","status":"publish","type":"product","link":"https:\/\/www.billigtrikotde.com\/fr\/fc-arsenal-london-2022-leno-1-herren-heimtrikot-rot-weiss-kurzarm\/","title":{"rendered":"FC Arsenal London 2022 LENO 1# Maillot domicile homme rouge\/blanc manches courtes"},"content":{"rendered":"<p>Les inserts blancs et les d\u00e9tails bleu marine rappellent une \u00e9poque o\u00f9 Arsenal, par sa force, pouvait enregistrer un grand record. Le maillot de football adidas a \u00e9t\u00e9 con\u00e7u pour offrir un confort maximal aux supporters du club. Il est fabriqu\u00e9 dans un tissu doux et dispose de la technologie AEROREADY qui \u00e9vacue la transpiration. Le c\u00e9l\u00e8bre blason sur la poitrine montre, qui vous soutenez.<\/p>\n<p>Conseils pour l'impression : Si le nom et le num\u00e9ro figurant sur l'image correspondent exactement \u00e0 ce que vous souhaitez, vous ne devez pas les saisir \u00e0 nouveau. Si ce n'est pas le cas, vous devez saisir le nom et le num\u00e9ro que vous souhaitez.<\/p>\n<p>Conseils pour le lavage : Il est recommand\u00e9 de laver les maillots de football \u00e0 la main. Si vous souhaitez utiliser la machine \u00e0 laver, pensez \u00e0 retourner les maillots de football avant de les laver. Remplissez la machine avec de l'eau froide et utilisez un cycle de lavage d\u00e9licat pour mieux prot\u00e9ger les couleurs.<\/p>","protected":false},"excerpt":{"rendered":"<p>Les inserts blancs et les d\u00e9tails bleu marine rappellent une \u00e9poque o\u00f9 Arsenal, par sa force, pouvait enregistrer un grand record. Le maillot de football adidas a \u00e9t\u00e9 con\u00e7u pour offrir un confort maximal aux supporters du club. Il est fabriqu\u00e9 dans un tissu doux et dispose de la technologie AEROREADY qui \u00e9vacue la transpiration. Le c\u00e9l\u00e8bre blason sur la poitrine montre, qui vous soutenez.<\/p>","protected":false},"featured_media":1458,"comment_status":"open","ping_status":"closed","template":"","meta":[],"product_brand":[],"product_cat":[55],"product_tag":[20,56,57,21,22,23,24],"class_list":{"0":"post-1425","1":"product","2":"type-product","3":"status-publish","4":"has-post-thumbnail","6":"product_cat-arsenal","7":"product_tag-coole-fussballtrikots","8":"product_tag-fc-arsenal-heimtrikot","9":"product_tag-fc-arsenal-trikots","10":"product_tag-fussballtrikot-fuer-herren","11":"product_tag-fussballtrikot-guenstig-kaufen","12":"product_tag-fussballtrikot-kurzarm","13":"product_tag-guenstiges-fussballtrikot","15":"first","16":"instock","17":"shipping-taxable","18":"purchasable","19":"product-type-variable"},"_links":{"self":[{"href":"https:\/\/www.billigtrikotde.com\/fr\/wp-json\/wp\/v2\/product\/1425","targetHints":{"allow":["GET"]}}],"collection":[{"href":"https:\/\/www.billigtrikotde.com\/fr\/wp-json\/wp\/v2\/product"}],"about":[{"href":"https:\/\/www.billigtrikotde.com\/fr\/wp-json\/wp\/v2\/types\/product"}],"replies":[{"embeddable":true,"href":"https:\/\/www.billigtrikotde.com\/fr\/wp-json\/wp\/v2\/comments?post=1425"}],"wp:featuredmedia":[{"embeddable":true,"href":"https:\/\/www.billigtrikotde.com\/fr\/wp-json\/wp\/v2\/media\/1458"}],"wp:attachment":[{"href":"https:\/\/www.billigtrikotde.com\/fr\/wp-json\/wp\/v2\/media?parent=1425"}],"wp:term":[{"taxonomy":"product_brand","embeddable":true,"href":"https:\/\/www.billigtrikotde.com\/fr\/wp-json\/wp\/v2\/product_brand?post=1425"},{"taxonomy":"product_cat","embeddable":true,"href":"https:\/\/www.billigtrikotde.com\/fr\/wp-json\/wp\/v2\/product_cat?post=1425"},{"taxonomy":"product_tag","embeddable":true,"href":"https:\/\/www.billigtrikotde.com\/fr\/wp-json\/wp\/v2\/product_tag?post=1425"}],"curies":[{"name":"wp","href":"https:\/\/api.w.org\/{rel}","templated":true}]}}