{"id":1407,"date":"2024-10-23T13:28:56","date_gmt":"2024-10-23T11:28:56","guid":{"rendered":"http:\/\/billigtrikots.com\/?post_type=product&#038;p=1407"},"modified":"2024-10-23T13:30:54","modified_gmt":"2024-10-23T11:30:54","slug":"fc-arsenal-auswaertstrikot-2022-3rd-trikot-blau-mit-aufdruck-aubameyang-14","status":"publish","type":"product","link":"https:\/\/www.billigtrikotde.com\/fr\/fc-arsenal-auswaertstrikot-2022-3rd-trikot-blau-mit-aufdruck-aubameyang-14\/","title":{"rendered":"Arsenal FC Maillot Away 2022 3rd bleu avec impression AUBAMEYANG 14"},"content":{"rendered":"<p>Que ce soit au stade ou \u00e0 la maison sur le canap\u00e9 \u2013 votre soutien se manifeste le mieux avec le mod\u00e8le qui \u00e9vacue la transpiration en bleu. Avec le haut de sport de la maison adidas, vous ne pouvez vraiment pas vous tromper. Pour les vrais fans du FC Arsenal Londres, un incontournable : le haut de sport alternatif dans le design original, port\u00e9 par les joueurs en Premier League. Nous recommandons ce mod\u00e8le qui \u00e9vacue la transpiration, est respirant et tr\u00e8s confortable avec une sensation agr\u00e9able au port\u00e9. La superbe apparence du t-shirt est soulign\u00e9e par le blason du club sur la poitrine. Avec ce haut de sport, vous \u00eates id\u00e9alement \u00e9quip\u00e9 pour chaque s\u00e9ance.<\/p>\n<p>Conseils pour l'impression : Si le nom et le num\u00e9ro figurant sur l'image correspondent exactement \u00e0 ce que vous souhaitez, vous ne devez pas les saisir \u00e0 nouveau. Si ce n'est pas le cas, vous devez saisir le nom et le num\u00e9ro que vous souhaitez.<\/p>\n<p>Conseils pour le lavage : Il est recommand\u00e9 de laver les maillots de football \u00e0 la main. Si vous souhaitez utiliser la machine \u00e0 laver, pensez \u00e0 retourner les maillots de football avant de les laver. Remplissez la machine avec de l'eau froide et utilisez un cycle de lavage d\u00e9licat pour mieux prot\u00e9ger les couleurs.<\/p>","protected":false},"excerpt":{"rendered":"<p>Ob im Stadion oder zuhause auf der Couch \u2013 deine Unterst\u00fctzung zeigst du am besten durch das schwei\u00dfableitende Modell in Blau. Mit dem Sporttop aus dem Hause adidas kann man wirklich nichts falsch machen. F\u00fcr wahre FC Arsenal London-Fans ein Muss: das Ausweich-Sporttop im Originaldesign, wie es die Spieler in der Premier League tragen. Wir [&hellip;]<\/p>","protected":false},"featured_media":1444,"comment_status":"open","ping_status":"closed","template":"","meta":[],"product_brand":[],"product_cat":[55],"product_tag":[20,57,21,22,23,24],"class_list":{"0":"post-1407","1":"product","2":"type-product","3":"status-publish","4":"has-post-thumbnail","6":"product_cat-arsenal","7":"product_tag-coole-fussballtrikots","8":"product_tag-fc-arsenal-trikots","9":"product_tag-fussballtrikot-fuer-herren","10":"product_tag-fussballtrikot-guenstig-kaufen","11":"product_tag-fussballtrikot-kurzarm","12":"product_tag-guenstiges-fussballtrikot","14":"first","15":"instock","16":"shipping-taxable","17":"purchasable","18":"product-type-variable"},"_links":{"self":[{"href":"https:\/\/www.billigtrikotde.com\/fr\/wp-json\/wp\/v2\/product\/1407","targetHints":{"allow":["GET"]}}],"collection":[{"href":"https:\/\/www.billigtrikotde.com\/fr\/wp-json\/wp\/v2\/product"}],"about":[{"href":"https:\/\/www.billigtrikotde.com\/fr\/wp-json\/wp\/v2\/types\/product"}],"replies":[{"embeddable":true,"href":"https:\/\/www.billigtrikotde.com\/fr\/wp-json\/wp\/v2\/comments?post=1407"}],"wp:featuredmedia":[{"embeddable":true,"href":"https:\/\/www.billigtrikotde.com\/fr\/wp-json\/wp\/v2\/media\/1444"}],"wp:attachment":[{"href":"https:\/\/www.billigtrikotde.com\/fr\/wp-json\/wp\/v2\/media?parent=1407"}],"wp:term":[{"taxonomy":"product_brand","embeddable":true,"href":"https:\/\/www.billigtrikotde.com\/fr\/wp-json\/wp\/v2\/product_brand?post=1407"},{"taxonomy":"product_cat","embeddable":true,"href":"https:\/\/www.billigtrikotde.com\/fr\/wp-json\/wp\/v2\/product_cat?post=1407"},{"taxonomy":"product_tag","embeddable":true,"href":"https:\/\/www.billigtrikotde.com\/fr\/wp-json\/wp\/v2\/product_tag?post=1407"}],"curies":[{"name":"wp","href":"https:\/\/api.w.org\/{rel}","templated":true}]}}