{"id":14040,"date":"2024-10-24T06:35:18","date_gmt":"2024-10-24T04:35:18","guid":{"rendered":"http:\/\/billigtrikots.com\/?post_type=product&#038;p=14040"},"modified":"2024-10-24T06:38:01","modified_gmt":"2024-10-24T04:38:01","slug":"neuen-herren-as-roma-heimtrikot-2023-24-kurzarm-paulo-dybala-21","status":"publish","type":"product","link":"https:\/\/www.billigtrikotde.com\/fr\/neuen-herren-as-roma-heimtrikot-2023-24-kurzarm-paulo-dybala-21\/","title":{"rendered":"Nouveau maillot domicile hommes AS Roma 2023-24 manches courtes Paulo Dybala 21"},"content":{"rendered":"<p>Le maillot de l'Associazione Sportiva Roma 2023-24 est inspir\u00e9 du maillot 1992-94. Il reprend les couleurs traditionnelles de l'association, le rouge et le jaune.Au dos, sous le col du maillot domicile de la Roma 23-24, se trouve l'\u00e9cusson actuel de la Roma.Ce qui attire l'attention sur le maillot AS Roma 2023-24, c'est l'\u00e9cusson ainsi que le col et les poignets. Adidas utilise le lupetto au lieu du logo actuel de la Roma. Les poignets et le col sont orn\u00e9s de bandes jaunes.<\/p>\n<p>Conseils pour l'impression : Si le nom et le num\u00e9ro figurant sur l'image correspondent exactement \u00e0 ce que vous souhaitez, vous ne devez pas les saisir \u00e0 nouveau. Si ce n'est pas le cas, vous devez saisir le nom et le num\u00e9ro que vous souhaitez.<\/p>\n<p>Conseils pour le lavage : Il est recommand\u00e9 de laver les maillots de football \u00e0 la main. Si vous souhaitez utiliser la machine \u00e0 laver, pensez \u00e0 retourner les maillots de football avant de les laver. Remplissez la machine avec de l'eau froide et utilisez un cycle de lavage d\u00e9licat pour mieux prot\u00e9ger les couleurs.<\/p>","protected":false},"excerpt":{"rendered":"<p>Das Associazione Sportiva Roma 2023-24 Trikot ist vom Trikot 1992-94 inspiriert. Es hat die traditionellen Farben des Vereins, Rot und Gelb.Auf der R\u00fcckseite unter dem Kragen des Roma 23-24 Heimtrikots befindet sich das aktuelle Roma Wappen.Was beim AS Roma 2023-24 Trikot auff\u00e4llt, sind das Wappen sowie der Kragen und die \u00c4rmelb\u00fcndchen. Adidas verwendet das Lupetto [&hellip;]<\/p>","protected":false},"featured_media":14088,"comment_status":"open","ping_status":"closed","template":"","meta":[],"product_brand":[],"product_cat":[85],"product_tag":[722,86,480,723,87,20,21,23,479,24,478,724,725],"class_list":{"0":"post-14040","1":"product","2":"type-product","3":"status-publish","4":"has-post-thumbnail","6":"product_cat-as-roma","7":"product_tag-as-roma-fussballtrikot","8":"product_tag-as-roma-heimtrikot","9":"product_tag-as-roma-neues-trikot","10":"product_tag-as-roma-trikot","11":"product_tag-as-roma-trikots","12":"product_tag-coole-fussballtrikots","13":"product_tag-fussballtrikot-fuer-herren","14":"product_tag-fussballtrikot-kurzarm","15":"product_tag-fussballtrikots-kaufen","16":"product_tag-guenstiges-fussballtrikot","17":"product_tag-herren-fussballtrikots","18":"product_tag-paulo-dybala-fussballtrikot","19":"product_tag-paulo-dybala-trikot-fuer-kinder","21":"first","22":"instock","23":"shipping-taxable","24":"purchasable","25":"product-type-variable"},"_links":{"self":[{"href":"https:\/\/www.billigtrikotde.com\/fr\/wp-json\/wp\/v2\/product\/14040","targetHints":{"allow":["GET"]}}],"collection":[{"href":"https:\/\/www.billigtrikotde.com\/fr\/wp-json\/wp\/v2\/product"}],"about":[{"href":"https:\/\/www.billigtrikotde.com\/fr\/wp-json\/wp\/v2\/types\/product"}],"replies":[{"embeddable":true,"href":"https:\/\/www.billigtrikotde.com\/fr\/wp-json\/wp\/v2\/comments?post=14040"}],"wp:featuredmedia":[{"embeddable":true,"href":"https:\/\/www.billigtrikotde.com\/fr\/wp-json\/wp\/v2\/media\/14088"}],"wp:attachment":[{"href":"https:\/\/www.billigtrikotde.com\/fr\/wp-json\/wp\/v2\/media?parent=14040"}],"wp:term":[{"taxonomy":"product_brand","embeddable":true,"href":"https:\/\/www.billigtrikotde.com\/fr\/wp-json\/wp\/v2\/product_brand?post=14040"},{"taxonomy":"product_cat","embeddable":true,"href":"https:\/\/www.billigtrikotde.com\/fr\/wp-json\/wp\/v2\/product_cat?post=14040"},{"taxonomy":"product_tag","embeddable":true,"href":"https:\/\/www.billigtrikotde.com\/fr\/wp-json\/wp\/v2\/product_tag?post=14040"}],"curies":[{"name":"wp","href":"https:\/\/api.w.org\/{rel}","templated":true}]}}