{"id":14028,"date":"2024-10-24T06:34:44","date_gmt":"2024-10-24T04:34:44","guid":{"rendered":"http:\/\/billigtrikots.com\/?post_type=product&#038;p=14028"},"modified":"2024-10-24T06:37:29","modified_gmt":"2024-10-24T04:37:29","slug":"herren-fussballtrikots-atletico-madrid-heimtrikot-2023-24-kurzarm-axel-witsel-20","status":"publish","type":"product","link":"https:\/\/www.billigtrikotde.com\/fr\/herren-fussballtrikots-atletico-madrid-heimtrikot-2023-24-kurzarm-axel-witsel-20\/","title":{"rendered":"Hommes Maillot de football Atletico Madrid domicile 2023-24 manches courtes Axel Witsel 20"},"content":{"rendered":"<p>Le nouveau maillot de l'Atletico 23-24 a \u00e9t\u00e9 publi\u00e9 sous le slogan \"Puro Atleti\" (Pur Atl\u00e9tico). Pour la premi\u00e8re fois depuis quatre ans, il pr\u00e9sente les bandes classiques du club sans les modifier.Avec le maillot Atletico Madrid 2023-24, le club revient aux bandes classiques et abandonne le design ondul\u00e9 de cette ann\u00e9e.Le maillot Atletico 2023-2024 comporte quatre bandes blanches et trois rouges. Les manches, le col et l'arri\u00e8re du maillot domicile de l'Atl\u00e9tico Madrid 23-24 sont principalement rouges.<br \/>\nLes bandes rouges du maillot domicile de l'Atl\u00e9tico 23-24 ont un effet de d\u00e9grad\u00e9 subtil. Elles passent d'un rouge plus clair sur le bord sup\u00e9rieur \u00e0 un rouge plus fonc\u00e9 au milieu et sur le bord inf\u00e9rieur. Le d\u00e9grad\u00e9 est cr\u00e9\u00e9 par de petits rectangles.<\/p>\n<p>Conseils pour l'impression : Si le nom et le num\u00e9ro figurant sur l'image correspondent exactement \u00e0 ce que vous souhaitez, vous ne devez pas les saisir \u00e0 nouveau. Si ce n'est pas le cas, vous devez saisir le nom et le num\u00e9ro que vous souhaitez.<\/p>\n<p>Conseils pour le lavage : Il est recommand\u00e9 de laver les maillots de football \u00e0 la main. Si vous souhaitez utiliser la machine \u00e0 laver, pensez \u00e0 retourner les maillots de football avant de les laver. Remplissez la machine avec de l'eau froide et utilisez un cycle de lavage d\u00e9licat pour mieux prot\u00e9ger les couleurs.<\/p>","protected":false},"excerpt":{"rendered":"<p>Das neue Atletico 23-24 Trikot wurde unter dem Slogan &#8222;Puro Atleti&#8220; (Reines Atl\u00e9tico) ver\u00f6ffentlicht. Zum ersten Mal seit vier Jahren zeigt es die klassischen Streifen des Vereins, ohne sie zu ver\u00e4ndern.Mit dem Atletico Madrid 2023-24 Trikot kehrt der Verein zu den klassischen Streifen zur\u00fcck und verzichtet auf das gewellte Design von diesem Jahr.Atleticos Trikot 2023-2024 [&hellip;]<\/p>","protected":false},"featured_media":14068,"comment_status":"open","ping_status":"closed","template":"","meta":[],"product_brand":[],"product_cat":[88],"product_tag":[487,488,90,719,720,721,20,21,22,23,24],"class_list":{"0":"post-14028","1":"product","2":"type-product","3":"status-publish","4":"has-post-thumbnail","6":"product_cat-atletico-madrid","7":"product_tag-atletico-madrid-fussballtrikot","8":"product_tag-atletico-madrid-trikot","9":"product_tag-atletico-madrid-trikots","10":"product_tag-axel-witsel-babykleidung","11":"product_tag-axel-witsel-fussballtrikot","12":"product_tag-axel-witsel-kleidung-kinder","13":"product_tag-coole-fussballtrikots","14":"product_tag-fussballtrikot-fuer-herren","15":"product_tag-fussballtrikot-guenstig-kaufen","16":"product_tag-fussballtrikot-kurzarm","17":"product_tag-guenstiges-fussballtrikot","19":"first","20":"instock","21":"shipping-taxable","22":"purchasable","23":"product-type-variable"},"_links":{"self":[{"href":"https:\/\/www.billigtrikotde.com\/fr\/wp-json\/wp\/v2\/product\/14028","targetHints":{"allow":["GET"]}}],"collection":[{"href":"https:\/\/www.billigtrikotde.com\/fr\/wp-json\/wp\/v2\/product"}],"about":[{"href":"https:\/\/www.billigtrikotde.com\/fr\/wp-json\/wp\/v2\/types\/product"}],"replies":[{"embeddable":true,"href":"https:\/\/www.billigtrikotde.com\/fr\/wp-json\/wp\/v2\/comments?post=14028"}],"wp:featuredmedia":[{"embeddable":true,"href":"https:\/\/www.billigtrikotde.com\/fr\/wp-json\/wp\/v2\/media\/14068"}],"wp:attachment":[{"href":"https:\/\/www.billigtrikotde.com\/fr\/wp-json\/wp\/v2\/media?parent=14028"}],"wp:term":[{"taxonomy":"product_brand","embeddable":true,"href":"https:\/\/www.billigtrikotde.com\/fr\/wp-json\/wp\/v2\/product_brand?post=14028"},{"taxonomy":"product_cat","embeddable":true,"href":"https:\/\/www.billigtrikotde.com\/fr\/wp-json\/wp\/v2\/product_cat?post=14028"},{"taxonomy":"product_tag","embeddable":true,"href":"https:\/\/www.billigtrikotde.com\/fr\/wp-json\/wp\/v2\/product_tag?post=14028"}],"curies":[{"name":"wp","href":"https:\/\/api.w.org\/{rel}","templated":true}]}}