{"id":14013,"date":"2024-10-24T06:34:07","date_gmt":"2024-10-24T04:34:07","guid":{"rendered":"http:\/\/billigtrikots.com\/?post_type=product&#038;p=14013"},"modified":"2024-10-24T06:36:19","modified_gmt":"2024-10-24T04:36:19","slug":"herren-fc-barcelona-heimtrikot-2023-24-kurzarm-fussball-trikot-outlet","status":"publish","type":"product","link":"https:\/\/www.billigtrikotde.com\/fr\/herren-fc-barcelona-heimtrikot-2023-24-kurzarm-fussball-trikot-outlet\/","title":{"rendered":"Hommes FC Barcelone Maillot domicile 2023-24 Maillot de football \u00e0 manches courtes Outlet"},"content":{"rendered":"<p>Le maillot FC Barcelone 2023-2024 revient au design de maillot le plus classique du club, pr\u00e9sent\u00e9 en 1912 et utilis\u00e9 plus ou moins dans le m\u00eame style jusqu'aux ann\u00e9es 1990. Le maillot Nike FC Barcelone 23-24 poss\u00e8de deux larges bandes rouges sur le devant. Les manches sont rouges.<br \/>\nCe qui est unique, c'est que les bandes classiques du maillot ont un motif en damier sur les bords. Cela s'inspire de l'ancien logo en forme de losange de l'\u00e9quipe f\u00e9minine actuelle de Barcelone.<\/p>\n<p>Conseils pour l'impression : Si le nom et le num\u00e9ro figurant sur l'image correspondent exactement \u00e0 ce que vous souhaitez, vous ne devez pas les saisir \u00e0 nouveau. Si ce n'est pas le cas, vous devez saisir le nom et le num\u00e9ro que vous souhaitez.<\/p>\n<p>Conseils pour le lavage : Il est recommand\u00e9 de laver les maillots de football \u00e0 la main. Si vous souhaitez utiliser la machine \u00e0 laver, pensez \u00e0 retourner les maillots de football avant de les laver. Remplissez la machine avec de l'eau froide et utilisez un cycle de lavage d\u00e9licat pour mieux prot\u00e9ger les couleurs.<\/p>","protected":false},"excerpt":{"rendered":"<p>Das FC Barcelona 2023-2024 Trikot kehrt zum klassischsten Trikotdesign des Vereins zur\u00fcck, das 1912 vorgestellt und bis in die 1990er Jahre mehr oder weniger im gleichen Stil verwendet wurde. Das Nike FC Barcelona 23-24 Trikot hat zwei breite rote Streifen auf der Vorderseite. Die \u00c4rmel sind rot. Einzigartig ist, dass die klassischen Streifen des Trikots [&hellip;]<\/p>","protected":false},"featured_media":14044,"comment_status":"open","ping_status":"closed","template":"","meta":[],"product_brand":[],"product_cat":[31],"product_tag":[703,704,20,33,574,426,24,705,706],"class_list":{"0":"post-14013","1":"product","2":"type-product","3":"status-publish","4":"has-post-thumbnail","6":"product_cat-fc-barcelona","7":"product_tag-barcelona-fussballtrikot","8":"product_tag-barcelona-trikot","9":"product_tag-coole-fussballtrikots","10":"product_tag-fc-barcelona-trikots","11":"product_tag-fussballtrikot-deutschland","12":"product_tag-fussballtrikots-kurzarm","13":"product_tag-guenstiges-fussballtrikot","14":"product_tag-ousmane-dembele-fussballtrikot","15":"product_tag-ousmane-dembele-trikot-fuer-kinder","17":"first","18":"instock","19":"shipping-taxable","20":"purchasable","21":"product-type-variable"},"_links":{"self":[{"href":"https:\/\/www.billigtrikotde.com\/fr\/wp-json\/wp\/v2\/product\/14013","targetHints":{"allow":["GET"]}}],"collection":[{"href":"https:\/\/www.billigtrikotde.com\/fr\/wp-json\/wp\/v2\/product"}],"about":[{"href":"https:\/\/www.billigtrikotde.com\/fr\/wp-json\/wp\/v2\/types\/product"}],"replies":[{"embeddable":true,"href":"https:\/\/www.billigtrikotde.com\/fr\/wp-json\/wp\/v2\/comments?post=14013"}],"wp:featuredmedia":[{"embeddable":true,"href":"https:\/\/www.billigtrikotde.com\/fr\/wp-json\/wp\/v2\/media\/14044"}],"wp:attachment":[{"href":"https:\/\/www.billigtrikotde.com\/fr\/wp-json\/wp\/v2\/media?parent=14013"}],"wp:term":[{"taxonomy":"product_brand","embeddable":true,"href":"https:\/\/www.billigtrikotde.com\/fr\/wp-json\/wp\/v2\/product_brand?post=14013"},{"taxonomy":"product_cat","embeddable":true,"href":"https:\/\/www.billigtrikotde.com\/fr\/wp-json\/wp\/v2\/product_cat?post=14013"},{"taxonomy":"product_tag","embeddable":true,"href":"https:\/\/www.billigtrikotde.com\/fr\/wp-json\/wp\/v2\/product_tag?post=14013"}],"curies":[{"name":"wp","href":"https:\/\/api.w.org\/{rel}","templated":true}]}}