{"id":13877,"date":"2024-10-24T06:26:56","date_gmt":"2024-10-24T04:26:56","guid":{"rendered":"http:\/\/billigtrikots.com\/?post_type=product&#038;p=13877"},"modified":"2024-10-24T06:29:38","modified_gmt":"2024-10-24T04:29:38","slug":"manchester-united-heimtrikot-2023-24-kurzarm-bestellen-mit-aufdruck-casemiro-18","status":"publish","type":"product","link":"https:\/\/www.billigtrikotde.com\/fr\/manchester-united-heimtrikot-2023-24-kurzarm-bestellen-mit-aufdruck-casemiro-18\/","title":{"rendered":"Manchester United Maillot domicile 2023-24 manches courtes commander avec impression Casemiro 18"},"content":{"rendered":"<p>Le maillot Manchester United 2023-2024 associe une couleur rouge principale classique avec du noir pour les logos et les trois bandes ainsi que des d\u00e9tails blancs. C\u2019est la premi\u00e8re fois depuis la saison 2019-2020 que le noir est utilis\u00e9 comme couleur secondaire. Officiellement, la couleur rouge est appel\u00e9e \u00ab Team Collage Red \u00bb.<\/p>\n<p>En ce qui concerne le design, le maillot 2023-24 de Manchester United s'inspire du patrimoine industriel de Manchester. Le maillot pr\u00e9sente un motif r\u00e9p\u00e9titif combinant une rose de Lancashire dans un motif g\u00e9om\u00e9trique, inspir\u00e9 du pont Trafford Road, construit \u00e0 l'\u00e9poque de la r\u00e9volution industrielle.<\/p>\n<p>Conseils pour l'impression : Si le nom et le num\u00e9ro figurant sur l'image correspondent exactement \u00e0 ce que vous souhaitez, vous ne devez pas les saisir \u00e0 nouveau. Si ce n'est pas le cas, vous devez saisir le nom et le num\u00e9ro que vous souhaitez.<\/p>\n<p>Conseils pour le lavage : Il est recommand\u00e9 de laver les maillots de football \u00e0 la main. Si vous souhaitez utiliser la machine \u00e0 laver, pensez \u00e0 retourner les maillots de football avant de les laver. Remplissez la machine avec de l'eau froide et utilisez un cycle de lavage d\u00e9licat pour mieux prot\u00e9ger les couleurs.<\/p>","protected":false},"excerpt":{"rendered":"<p>Le maillot Manchester United 2023-2024 associe une couleur rouge principale classique avec du noir pour les logos et les Trois Rayures ainsi que des d\u00e9tails blancs. C\u2019est la premi\u00e8re fois depuis la saison 2019-2020 que le noir est utilis\u00e9 comme couleur secondaire. Officiellement, la couleur rouge est appel\u00e9e \u00ab Team Collage Red \u00bb. En ce qui concerne le design, le maillot 2023-24 de Manchester [\u2026]<\/p>","protected":false},"featured_media":13917,"comment_status":"open","ping_status":"closed","template":"","meta":[],"product_brand":[],"product_cat":[50],"product_tag":[20,668,669,670,671,21,22,23,24,672,673],"class_list":{"0":"post-13877","1":"product","2":"type-product","3":"status-publish","4":"has-post-thumbnail","6":"product_cat-manchester-united","7":"product_tag-coole-fussballtrikots","8":"product_tag-casemiro-babykleidung","9":"product_tag-casemiro-fussballtrikot","10":"product_tag-casemiro-kleidung-kinder","11":"product_tag-casemiro-trikot-fuer-kinder","12":"product_tag-fussballtrikot-fuer-herren","13":"product_tag-fussballtrikot-guenstig-kaufen","14":"product_tag-fussballtrikot-kurzarm","15":"product_tag-guenstiges-fussballtrikot","16":"product_tag-manchester-united-fussballtrikot","17":"product_tag-manchester-united-trikot","19":"first","20":"instock","21":"shipping-taxable","22":"purchasable","23":"product-type-variable"},"_links":{"self":[{"href":"https:\/\/www.billigtrikotde.com\/fr\/wp-json\/wp\/v2\/product\/13877","targetHints":{"allow":["GET"]}}],"collection":[{"href":"https:\/\/www.billigtrikotde.com\/fr\/wp-json\/wp\/v2\/product"}],"about":[{"href":"https:\/\/www.billigtrikotde.com\/fr\/wp-json\/wp\/v2\/types\/product"}],"replies":[{"embeddable":true,"href":"https:\/\/www.billigtrikotde.com\/fr\/wp-json\/wp\/v2\/comments?post=13877"}],"wp:featuredmedia":[{"embeddable":true,"href":"https:\/\/www.billigtrikotde.com\/fr\/wp-json\/wp\/v2\/media\/13917"}],"wp:attachment":[{"href":"https:\/\/www.billigtrikotde.com\/fr\/wp-json\/wp\/v2\/media?parent=13877"}],"wp:term":[{"taxonomy":"product_brand","embeddable":true,"href":"https:\/\/www.billigtrikotde.com\/fr\/wp-json\/wp\/v2\/product_brand?post=13877"},{"taxonomy":"product_cat","embeddable":true,"href":"https:\/\/www.billigtrikotde.com\/fr\/wp-json\/wp\/v2\/product_cat?post=13877"},{"taxonomy":"product_tag","embeddable":true,"href":"https:\/\/www.billigtrikotde.com\/fr\/wp-json\/wp\/v2\/product_tag?post=13877"}],"curies":[{"name":"wp","href":"https:\/\/api.w.org\/{rel}","templated":true}]}}