{"id":13859,"date":"2024-10-24T06:25:53","date_gmt":"2024-10-24T04:25:53","guid":{"rendered":"http:\/\/billigtrikots.com\/?post_type=product&#038;p=13859"},"modified":"2024-10-24T06:28:30","modified_gmt":"2024-10-24T04:28:30","slug":"kinder-liverpool-2023-24-auswaertstrikot-fussballtrikots-set-mohamed-salah-11","status":"publish","type":"product","link":"https:\/\/www.billigtrikotde.com\/fr\/kinder-liverpool-2023-24-auswaertstrikot-fussballtrikots-set-mohamed-salah-11\/","title":{"rendered":"Enfants Liverpool 2023-24 Maillot Ext\u00e9rieur Football Set Mohamed Salah 11"},"content":{"rendered":"<p>Le maillot ext\u00e9rieur du Football Club Liverpool 2023-24 de Nike combine du blanc et du vert avec des logos noirs. Les couleurs officielles sont \u00ab Blanc \/ \u00c9clat de vert \/ Noir \u00bb. Ce qui rend le maillot ext\u00e9rieur Liverpool 23-24 unique, c'est le design. Le maillot ext\u00e9rieur Nike Liverpool 23-24 poss\u00e8de un motif semblable \u00e0 celui des ann\u00e9es 90 en blanc et en diff\u00e9rentes nuances de vert.<\/p>\n<p>Conseils pour l'impression : Si le nom et le num\u00e9ro figurant sur l'image correspondent exactement \u00e0 ce que vous souhaitez, vous ne devez pas les saisir \u00e0 nouveau. Si ce n'est pas le cas, vous devez saisir le nom et le num\u00e9ro que vous souhaitez.<\/p>\n<p>Conseils pour le lavage : Il est recommand\u00e9 de laver les maillots de football \u00e0 la main. Si vous souhaitez utiliser la machine \u00e0 laver, pensez \u00e0 retourner les maillots de football avant de les laver. Remplissez la machine avec de l'eau froide et utilisez un cycle de lavage d\u00e9licat pour mieux prot\u00e9ger les couleurs.<\/p>","protected":false},"excerpt":{"rendered":"<p>Le maillot ext\u00e9rieur du Liverpool Football Club Nike 2023-24 combine le blanc et le vert avec des logos noirs. Officiellement, les couleurs sont \u00ab Blanc \/ \u00c9tincelle verte \/ Noir \u00bb. Ce qui rend le maillot ext\u00e9rieur Liverpool 23-24 unique, c\u2019est le design. Le maillot ext\u00e9rieur Nike Liverpool 23-24 pr\u00e9sente un motif des ann\u00e9es 90 en blanc et diff\u00e9rentes nuances de vert. Conseils d'impression : lorsque le nom et les [\u2026]<\/p>","protected":false},"featured_media":13901,"comment_status":"open","ping_status":"closed","template":"","meta":[],"product_brand":[],"product_cat":[151],"product_tag":[20,574,21,24,94,665,277,153,154],"class_list":{"0":"post-13859","1":"product","2":"type-product","3":"status-publish","4":"has-post-thumbnail","6":"product_cat-liverpool-kindertrikot","7":"product_tag-coole-fussballtrikots","8":"product_tag-fussballtrikot-deutschland","9":"product_tag-fussballtrikot-fuer-herren","10":"product_tag-guenstiges-fussballtrikot","11":"product_tag-kinder-fussball-trikotsatz","12":"product_tag-liverpool-23-24-auswaertstrikot","13":"product_tag-liverpool-kinder-trikot-set","14":"product_tag-liverpool-trikots","15":"product_tag-liverpool-trikotsatz-fuer-kinder","17":"first","18":"instock","19":"shipping-taxable","20":"purchasable","21":"product-type-variable"},"_links":{"self":[{"href":"https:\/\/www.billigtrikotde.com\/fr\/wp-json\/wp\/v2\/product\/13859","targetHints":{"allow":["GET"]}}],"collection":[{"href":"https:\/\/www.billigtrikotde.com\/fr\/wp-json\/wp\/v2\/product"}],"about":[{"href":"https:\/\/www.billigtrikotde.com\/fr\/wp-json\/wp\/v2\/types\/product"}],"replies":[{"embeddable":true,"href":"https:\/\/www.billigtrikotde.com\/fr\/wp-json\/wp\/v2\/comments?post=13859"}],"wp:featuredmedia":[{"embeddable":true,"href":"https:\/\/www.billigtrikotde.com\/fr\/wp-json\/wp\/v2\/media\/13901"}],"wp:attachment":[{"href":"https:\/\/www.billigtrikotde.com\/fr\/wp-json\/wp\/v2\/media?parent=13859"}],"wp:term":[{"taxonomy":"product_brand","embeddable":true,"href":"https:\/\/www.billigtrikotde.com\/fr\/wp-json\/wp\/v2\/product_brand?post=13859"},{"taxonomy":"product_cat","embeddable":true,"href":"https:\/\/www.billigtrikotde.com\/fr\/wp-json\/wp\/v2\/product_cat?post=13859"},{"taxonomy":"product_tag","embeddable":true,"href":"https:\/\/www.billigtrikotde.com\/fr\/wp-json\/wp\/v2\/product_tag?post=13859"}],"curies":[{"name":"wp","href":"https:\/\/api.w.org\/{rel}","templated":true}]}}