{"id":13850,"date":"2024-10-24T06:25:22","date_gmt":"2024-10-24T04:25:22","guid":{"rendered":"http:\/\/billigtrikots.com\/?post_type=product&#038;p=13850"},"modified":"2024-10-24T06:27:56","modified_gmt":"2024-10-24T04:27:56","slug":"kaufe-kindertrikot-trikotsatz-bayern-muenchen-23-24-auswaertstrikot-online","status":"publish","type":"product","link":"https:\/\/www.billigtrikotde.com\/fr\/kaufe-kindertrikot-trikotsatz-bayern-muenchen-23-24-auswaertstrikot-online\/","title":{"rendered":"Acheter maillot enfant kit Bayer Munich 23-24 maillot ext\u00e9rieur Online"},"content":{"rendered":"<p>La tourn\u00e9e estivale Audi 2023 de Bayern M\u00fcnchen fait partie des efforts de Bayern pour entrer en contact avec les fans du monde entier et agrandir leur base de fans en Asie. Les Bayern joueront deux matchs \u00e0 Tokyo, l'un contre Manchester City et l'autre contre un adversaire encore non annonc\u00e9.<\/p>\n<p>L'Ausw\u00e4rtstrikot Bayern M\u00fcnchen 23-24 d'Adidas pr\u00e9sente une combinaison de couleurs inhabituelle pour le club bavarois \u2013 elle associe une couleur de fond noire \u00e0 du vert et du violet. Les trois bandes sont violettes, tandis que les logos sur le devant sont vert clair. Les noms et les num\u00e9ros sont \u00e9galement violets. Un motif moderne en violet et vert, compos\u00e9 des traditionnelles damiers du club, compl\u00e8te le look moderne.<\/p>\n<p>Conseils pour l'impression : Si le nom et le num\u00e9ro figurant sur l'image correspondent exactement \u00e0 ce que vous souhaitez, vous ne devez pas les saisir \u00e0 nouveau. Si ce n'est pas le cas, vous devez saisir le nom et le num\u00e9ro que vous souhaitez.<\/p>\n<p>Conseils pour le lavage : Il est recommand\u00e9 de laver les maillots de football \u00e0 la main. Si vous souhaitez utiliser la machine \u00e0 laver, pensez \u00e0 retourner les maillots de football avant de les laver. Remplissez la machine avec de l'eau froide et utilisez un cycle de lavage d\u00e9licat pour mieux prot\u00e9ger les couleurs.<\/p>","protected":false},"excerpt":{"rendered":"<p>La tourn\u00e9e estivale 2023 des Bayern Munich Audi est une partie des efforts des Bayern pour entrer en contact avec les fans du monde entier et agrandir leur base de supporters en Asie. Les Bayern joueront deux matchs \u00e0 Tokyo, l'un contre Manchester City et l'autre contre un adversaire encore non annonc\u00e9. L'Adidas Bayern Munich 23-24 [\u2026]<\/p>","protected":false},"featured_media":13890,"comment_status":"open","ping_status":"closed","template":"","meta":[],"product_brand":[],"product_cat":[135],"product_tag":[137,514,515,138,20,574,21,23,24,94],"class_list":{"0":"post-13850","1":"product","2":"type-product","3":"status-publish","4":"has-post-thumbnail","6":"product_cat-bayern-munich-kindertrikot","7":"product_tag-bayern-muenchen-trikots","8":"product_tag-bayern-munich-fussballtrikots-kinder","9":"product_tag-bayern-munich-trikot-fuer-kinder","10":"product_tag-bayern-munich-trikotsatz-fuer-kinder","11":"product_tag-coole-fussballtrikots","12":"product_tag-fussballtrikot-deutschland","13":"product_tag-fussballtrikot-fuer-herren","14":"product_tag-fussballtrikot-kurzarm","15":"product_tag-guenstiges-fussballtrikot","16":"product_tag-kinder-fussball-trikotsatz","18":"first","19":"instock","20":"shipping-taxable","21":"purchasable","22":"product-type-variable"},"_links":{"self":[{"href":"https:\/\/www.billigtrikotde.com\/fr\/wp-json\/wp\/v2\/product\/13850","targetHints":{"allow":["GET"]}}],"collection":[{"href":"https:\/\/www.billigtrikotde.com\/fr\/wp-json\/wp\/v2\/product"}],"about":[{"href":"https:\/\/www.billigtrikotde.com\/fr\/wp-json\/wp\/v2\/types\/product"}],"replies":[{"embeddable":true,"href":"https:\/\/www.billigtrikotde.com\/fr\/wp-json\/wp\/v2\/comments?post=13850"}],"wp:featuredmedia":[{"embeddable":true,"href":"https:\/\/www.billigtrikotde.com\/fr\/wp-json\/wp\/v2\/media\/13890"}],"wp:attachment":[{"href":"https:\/\/www.billigtrikotde.com\/fr\/wp-json\/wp\/v2\/media?parent=13850"}],"wp:term":[{"taxonomy":"product_brand","embeddable":true,"href":"https:\/\/www.billigtrikotde.com\/fr\/wp-json\/wp\/v2\/product_brand?post=13850"},{"taxonomy":"product_cat","embeddable":true,"href":"https:\/\/www.billigtrikotde.com\/fr\/wp-json\/wp\/v2\/product_cat?post=13850"},{"taxonomy":"product_tag","embeddable":true,"href":"https:\/\/www.billigtrikotde.com\/fr\/wp-json\/wp\/v2\/product_tag?post=13850"}],"curies":[{"name":"wp","href":"https:\/\/api.w.org\/{rel}","templated":true}]}}