{"id":13789,"date":"2024-10-24T06:21:55","date_gmt":"2024-10-24T04:21:55","guid":{"rendered":"http:\/\/billigtrikots.com\/?post_type=product&#038;p=13789"},"modified":"2024-10-24T06:24:43","modified_gmt":"2024-10-24T04:24:43","slug":"kinderheim-trikot-manchester-united-23-24-trikot-trikotsatz-bestellen-mit-aufdruck-antony-21","status":"publish","type":"product","link":"https:\/\/www.billigtrikotde.com\/fr\/kinderheim-trikot-manchester-united-23-24-trikot-trikotsatz-bestellen-mit-aufdruck-antony-21\/","title":{"rendered":"Maillot pour enfants Manchester United 23-24 Commandez le maillot complet avec impression ANTONY 21"},"content":{"rendered":"<p>Le maillot Man United 2023-2024 allie une couleur rouge classique dominante avec le noir pour les logos et les Trois Streifen ainsi que des d\u00e9tails blancs. C\u2019est la premi\u00e8re fois depuis la saison 2019-2020 que le noir est utilis\u00e9 comme couleur secondaire. Officiellement, la couleur rouge est appel\u00e9e \u00ab Team Collage Red \u00bb. Le sponsor principal, les noms et num\u00e9ros ainsi que les logos des sponsors des manches de DXC Technology sont blancs. Le logo sponsor de TeamViewer a \u00e9t\u00e9 mis \u00e0 jour par rapport aux pr\u00e9c\u00e9dentes versions.<br \/>\nEn ce qui concerne le design, le maillot 2023-24 de Manchester United est inspir\u00e9 par l\u2019h\u00e9ritage industriel de Manchester. Le maillot pr\u00e9sente un motif r\u00e9p\u00e9titif qui associe une rose de Lancashire dans un motif g\u00e9om\u00e9trique, inspir\u00e9 par le pont Trafford Road Bridge construit \u00e0 l\u2019\u00e9poque de la r\u00e9volution industrielle. La rose de Lancashire est un symbole h\u00e9raldique repr\u00e9sentant l\u2019ancienne comt\u00e9 de Lancashire dans le nord-ouest de l\u2019Angleterre. C\u2019est une rose rouge avec un centre dor\u00e9 et elle est utilis\u00e9e depuis des si\u00e8cles comme embl\u00e8me du comt\u00e9. La rose de Lancashire est encore utilis\u00e9e aujourd\u2019hui sous diverses formes, par exemple sur le drapeau du comt\u00e9 et sur les insignes des \u00e9quipes de cricket et de rugby du Lancashire.<\/p>\n<p>Conseils pour l'impression : Si le nom et le num\u00e9ro figurant sur l'image correspondent exactement \u00e0 ce que vous souhaitez, vous ne devez pas les saisir \u00e0 nouveau. Si ce n'est pas le cas, vous devez saisir le nom et le num\u00e9ro que vous souhaitez.<\/p>\n<p>Conseils pour le lavage : Il est recommand\u00e9 de laver les maillots de football \u00e0 la main. Si vous souhaitez utiliser la machine \u00e0 laver, pensez \u00e0 retourner les maillots de football avant de les laver. Remplissez la machine avec de l'eau froide et utilisez un cycle de lavage d\u00e9licat pour mieux prot\u00e9ger les couleurs.<\/p>","protected":false},"excerpt":{"rendered":"<p>Das Man United 2023-2024 Trikot kombiniert eine klassische rote Hauptfarbe mit Schwarz f\u00fcr Logos und die Drei Streifen sowie wei\u00dfen Details. Es ist das erste Mal seit der Saison 2019-2020, dass Schwarz als Sekund\u00e4rfarbe verwendet. Offiziell wird die rote Farbe \u201eTeam Collage Red\u201c genannt.Der Hauptsponsor, die Namen und Nummern sowie die Logos der \u00c4rmelsponsoren von [&hellip;]<\/p>","protected":false},"featured_media":13835,"comment_status":"open","ping_status":"closed","template":"","meta":[],"product_brand":[],"product_cat":[140],"product_tag":[20,574,21,22,664,228,24,141,52,142],"class_list":{"0":"post-13789","1":"product","2":"type-product","3":"status-publish","4":"has-post-thumbnail","6":"product_cat-manchester-united-kindertrikot","7":"product_tag-coole-fussballtrikots","8":"product_tag-fussballtrikot-deutschland","9":"product_tag-fussballtrikot-fuer-herren","10":"product_tag-fussballtrikot-guenstig-kaufen","11":"product_tag-fussballtrikot-trikotsatz","12":"product_tag-guenstige-fussballtrikot","13":"product_tag-guenstiges-fussballtrikot","14":"product_tag-manchester-united-heimtrikot","15":"product_tag-manchester-united-trikots","16":"product_tag-manchester-united-trikotsatz-fuer-kinder","18":"first","19":"instock","20":"shipping-taxable","21":"purchasable","22":"product-type-variable"},"_links":{"self":[{"href":"https:\/\/www.billigtrikotde.com\/fr\/wp-json\/wp\/v2\/product\/13789","targetHints":{"allow":["GET"]}}],"collection":[{"href":"https:\/\/www.billigtrikotde.com\/fr\/wp-json\/wp\/v2\/product"}],"about":[{"href":"https:\/\/www.billigtrikotde.com\/fr\/wp-json\/wp\/v2\/types\/product"}],"replies":[{"embeddable":true,"href":"https:\/\/www.billigtrikotde.com\/fr\/wp-json\/wp\/v2\/comments?post=13789"}],"wp:featuredmedia":[{"embeddable":true,"href":"https:\/\/www.billigtrikotde.com\/fr\/wp-json\/wp\/v2\/media\/13835"}],"wp:attachment":[{"href":"https:\/\/www.billigtrikotde.com\/fr\/wp-json\/wp\/v2\/media?parent=13789"}],"wp:term":[{"taxonomy":"product_brand","embeddable":true,"href":"https:\/\/www.billigtrikotde.com\/fr\/wp-json\/wp\/v2\/product_brand?post=13789"},{"taxonomy":"product_cat","embeddable":true,"href":"https:\/\/www.billigtrikotde.com\/fr\/wp-json\/wp\/v2\/product_cat?post=13789"},{"taxonomy":"product_tag","embeddable":true,"href":"https:\/\/www.billigtrikotde.com\/fr\/wp-json\/wp\/v2\/product_tag?post=13789"}],"curies":[{"name":"wp","href":"https:\/\/api.w.org\/{rel}","templated":true}]}}