{"id":13703,"date":"2024-10-24T06:17:11","date_gmt":"2024-10-24T04:17:11","guid":{"rendered":"http:\/\/billigtrikots.com\/?post_type=product&#038;p=13703"},"modified":"2024-10-24T06:20:00","modified_gmt":"2024-10-24T04:20:00","slug":"vintage-manchester-united-1991-92-away-league-cup-final-langarm-auswaertstrikot","status":"publish","type":"product","link":"https:\/\/www.billigtrikotde.com\/fr\/vintage-manchester-united-1991-92-away-league-cup-final-langarm-auswaertstrikot\/","title":{"rendered":"Vintage Manchester United 1991\/92 AWAY LEAGUE CUP FINAL Maillot ext\u00e9rieur manches longues"},"content":{"rendered":"<p>Le maillot ext\u00e9rieur Manchester United 1991-1992 est le dernier maillot ext\u00e9rieur produit par Adidas avant son rachat par Umbro en 1992. Il se caract\u00e9rise par un design unique en blanc, bleu et rouge. Sa caract\u00e9ristique la plus marquante est une impression graphique allover unique sur le devant, qui figurera \u00e9galement sur le nouveau maillot Adidas Manchester United 17-18 ext\u00e9rieur.<\/p>\n<p>Conseils pour l'impression : Si le nom et le num\u00e9ro figurant sur l'image correspondent exactement \u00e0 ce que vous souhaitez, vous ne devez pas les saisir \u00e0 nouveau. Si ce n'est pas le cas, vous devez saisir le nom et le num\u00e9ro que vous souhaitez.<\/p>\n<p>Conseils pour le lavage : Il est recommand\u00e9 de laver les maillots de football \u00e0 la main. Si vous souhaitez utiliser la machine \u00e0 laver, pensez \u00e0 retourner les maillots de football avant de les laver. Remplissez la machine avec de l'eau froide et utilisez un cycle de lavage d\u00e9licat pour mieux prot\u00e9ger les couleurs.<\/p>","protected":false},"excerpt":{"rendered":"<p>Le maillot ext\u00e9rieur Manchester United 1991-1992 est le dernier maillot ext\u00e9rieur produit par Adidas avant son rachat par Umbro en 1992. Il se caract\u00e9rise par un design unique en blanc, bleu et rouge. Sa caract\u00e9ristique la plus marquante est une impression graphique allover unique sur le devant, qui figurera \u00e9galement sur le nouveau maillot Adidas Manchester United 17-18 ext\u00e9rieur.<\/p>","protected":false},"featured_media":13747,"comment_status":"open","ping_status":"closed","template":"","meta":[],"product_brand":[],"product_cat":[50],"product_tag":[20,21,22,23,228,24,511,656],"class_list":{"0":"post-13703","1":"product","2":"type-product","3":"status-publish","4":"has-post-thumbnail","6":"product_cat-manchester-united","7":"product_tag-coole-fussballtrikots","8":"product_tag-fussballtrikot-fuer-herren","9":"product_tag-fussballtrikot-guenstig-kaufen","10":"product_tag-fussballtrikot-kurzarm","11":"product_tag-guenstige-fussballtrikot","12":"product_tag-guenstiges-fussballtrikot","13":"product_tag-vintage-glasgow-rangers-fussballtrikot","14":"product_tag-vintage-manchester-united-fussballtrikot-1991-92","16":"first","17":"instock","18":"shipping-taxable","19":"purchasable","20":"product-type-variable"},"_links":{"self":[{"href":"https:\/\/www.billigtrikotde.com\/fr\/wp-json\/wp\/v2\/product\/13703","targetHints":{"allow":["GET"]}}],"collection":[{"href":"https:\/\/www.billigtrikotde.com\/fr\/wp-json\/wp\/v2\/product"}],"about":[{"href":"https:\/\/www.billigtrikotde.com\/fr\/wp-json\/wp\/v2\/types\/product"}],"replies":[{"embeddable":true,"href":"https:\/\/www.billigtrikotde.com\/fr\/wp-json\/wp\/v2\/comments?post=13703"}],"wp:featuredmedia":[{"embeddable":true,"href":"https:\/\/www.billigtrikotde.com\/fr\/wp-json\/wp\/v2\/media\/13747"}],"wp:attachment":[{"href":"https:\/\/www.billigtrikotde.com\/fr\/wp-json\/wp\/v2\/media?parent=13703"}],"wp:term":[{"taxonomy":"product_brand","embeddable":true,"href":"https:\/\/www.billigtrikotde.com\/fr\/wp-json\/wp\/v2\/product_brand?post=13703"},{"taxonomy":"product_cat","embeddable":true,"href":"https:\/\/www.billigtrikotde.com\/fr\/wp-json\/wp\/v2\/product_cat?post=13703"},{"taxonomy":"product_tag","embeddable":true,"href":"https:\/\/www.billigtrikotde.com\/fr\/wp-json\/wp\/v2\/product_tag?post=13703"}],"curies":[{"name":"wp","href":"https:\/\/api.w.org\/{rel}","templated":true}]}}