{"id":13656,"date":"2024-10-24T06:14:21","date_gmt":"2024-10-24T04:14:21","guid":{"rendered":"http:\/\/billigtrikots.com\/?post_type=product&#038;p=13656"},"modified":"2024-10-24T06:17:03","modified_gmt":"2024-10-24T04:17:03","slug":"kinderheim-trikot-fc-barcelona-23-24-trikot-kurzarm-kurze-hosen-o-dembele-7","status":"publish","type":"product","link":"https:\/\/www.billigtrikotde.com\/fr\/kinderheim-trikot-fc-barcelona-23-24-trikot-kurzarm-kurze-hosen-o-dembele-7\/","title":{"rendered":"Maillot pour enfants Trikot FC Barcelone 23-24 Maillot \u00e0 manches courtes + Short O.DEMB\u00c9L\u00c9 7"},"content":{"rendered":"<p>Apr\u00e8s de nombreuses fuites, le maillot du FC Barcelone 2023-2024 a enfin \u00e9t\u00e9 d\u00e9voil\u00e9. Les rayures ont un motif en losange sur les bords et le logo poss\u00e8de un diamant scintillant cach\u00e9 \u2013 les deux sont un hommage \u00e0 l'\u00e9quipe f\u00e9minine.<\/p>\n<p>Le maillot FC Barcelone 2023-2024 revient au design le plus classique du club, pr\u00e9sent\u00e9 en 1912 et utilis\u00e9 plus ou moins dans le m\u00eame style jusqu'aux ann\u00e9es 1990. Le maillot Nike FC Barcelone 23-24 comporte deux larges rayures rouges sur le devant. Les manches sont rouges. Ce qui est unique, c'est que les rayures classiques du maillot ont un motif en losange sur les bords. Cela s'inspire de l'ancien logo en losange de l'\u00e9quipe f\u00e9minine actuelle de Barcelone.<\/p>\n<p>Conseils pour l'impression : Si le nom et le num\u00e9ro figurant sur l'image correspondent exactement \u00e0 ce que vous souhaitez, vous ne devez pas les saisir \u00e0 nouveau. Si ce n'est pas le cas, vous devez saisir le nom et le num\u00e9ro que vous souhaitez.<\/p>\n<p>Conseils pour le lavage : Il est recommand\u00e9 de laver les maillots de football \u00e0 la main. Si vous souhaitez utiliser la machine \u00e0 laver, pensez \u00e0 retourner les maillots de football avant de les laver. Remplissez la machine avec de l'eau froide et utilisez un cycle de lavage d\u00e9licat pour mieux prot\u00e9ger les couleurs.<\/p>","protected":false},"excerpt":{"rendered":"<p>Apr\u00e8s de nombreuses fuites, le maillot du Bar\u00e7a 2023-2024 a enfin \u00e9t\u00e9 d\u00e9voil\u00e9. Les rayures pr\u00e9sentent un motif en losanges sur les bords et le logo arbore un diamant scintillant cach\u00e9 \u2013 les deux rendant hommage \u00e0 l\u2019\u00e9quipe f\u00e9minine. Le maillot FC Barcelone 2023-2024 revient au design de maillot le plus classique du club, pr\u00e9sent\u00e9 en 1912 et jusqu\u2019aux ann\u00e9es 1990 [\u2026]<\/p>","protected":false},"featured_media":13697,"comment_status":"open","ping_status":"closed","template":"","meta":[],"product_brand":[],"product_cat":[146],"product_tag":[147,20,460,33,574,21,22,24,94],"class_list":{"0":"post-13656","1":"product","2":"type-product","3":"status-publish","4":"has-post-thumbnail","6":"product_cat-barcelona-kindertrikot","7":"product_tag-barcelona-trikotsatz-fuer-kinder","8":"product_tag-coole-fussballtrikots","9":"product_tag-deutschland-fussballtrikots","10":"product_tag-fc-barcelona-trikots","11":"product_tag-fussballtrikot-deutschland","12":"product_tag-fussballtrikot-fuer-herren","13":"product_tag-fussballtrikot-guenstig-kaufen","14":"product_tag-guenstiges-fussballtrikot","15":"product_tag-kinder-fussball-trikotsatz","17":"first","18":"instock","19":"shipping-taxable","20":"purchasable","21":"product-type-variable"},"_links":{"self":[{"href":"https:\/\/www.billigtrikotde.com\/fr\/wp-json\/wp\/v2\/product\/13656","targetHints":{"allow":["GET"]}}],"collection":[{"href":"https:\/\/www.billigtrikotde.com\/fr\/wp-json\/wp\/v2\/product"}],"about":[{"href":"https:\/\/www.billigtrikotde.com\/fr\/wp-json\/wp\/v2\/types\/product"}],"replies":[{"embeddable":true,"href":"https:\/\/www.billigtrikotde.com\/fr\/wp-json\/wp\/v2\/comments?post=13656"}],"wp:featuredmedia":[{"embeddable":true,"href":"https:\/\/www.billigtrikotde.com\/fr\/wp-json\/wp\/v2\/media\/13697"}],"wp:attachment":[{"href":"https:\/\/www.billigtrikotde.com\/fr\/wp-json\/wp\/v2\/media?parent=13656"}],"wp:term":[{"taxonomy":"product_brand","embeddable":true,"href":"https:\/\/www.billigtrikotde.com\/fr\/wp-json\/wp\/v2\/product_brand?post=13656"},{"taxonomy":"product_cat","embeddable":true,"href":"https:\/\/www.billigtrikotde.com\/fr\/wp-json\/wp\/v2\/product_cat?post=13656"},{"taxonomy":"product_tag","embeddable":true,"href":"https:\/\/www.billigtrikotde.com\/fr\/wp-json\/wp\/v2\/product_tag?post=13656"}],"curies":[{"name":"wp","href":"https:\/\/api.w.org\/{rel}","templated":true}]}}