{"id":13638,"date":"2024-10-24T06:13:16","date_gmt":"2024-10-24T04:13:16","guid":{"rendered":"http:\/\/billigtrikots.com\/?post_type=product&#038;p=13638"},"modified":"2025-10-16T16:03:15","modified_gmt":"2025-10-16T14:03:15","slug":"kinder-fussballtrikots-trikotsatz-real-madrid-23-24-heim-trikot-modric-10","status":"publish","type":"product","link":"https:\/\/www.billigtrikotde.com\/fr\/kinder-fussballtrikots-trikotsatz-real-madrid-23-24-heim-trikot-modric-10\/","title":{"rendered":"Maillots de football pour enfants Ensemble de maillots Real Madrid 23-24 Maillot domicile MODRI\u0106 10"},"content":{"rendered":"<p>Le maillot domicile Real Madrid 23-24 a un design moderne et simple. Particuli\u00e8rement int\u00e9ressant est la coloration : le blanc est combin\u00e9 avec un bleu marine fonc\u00e9 (\u00ab Legend Ink \u00bb) et un orange dor\u00e9. L'orange dor\u00e9 n'est ni un jaune pur ni un or m\u00e9tallique, mais se situe quelque part entre les deux. Le bleu marine et l'orange dor\u00e9 sont les m\u00eames couleurs utilis\u00e9es \u00e9galement pour le maillot ext\u00e9rieur 23-24 de Real Madrid.<br \/>\nPour la premi\u00e8re fois dans l'histoire du club, le maillot Real Madrid 23-24 porte le slogan \u00ab \u00a1Hala Madrid ! \u00bb sur le col. Pour le col, Adidas combine les couleurs \u00ab Or-Orange \u00bb, blanc et l\u00e9gende en une tricolore. Les poignets des manches sont \u00e9galement en tricolore. Comme tous les autres maillots de football Adidas 23-24, le nouveau maillot Real Madrid 23-24 est \u00e9galement \u00e9quip\u00e9 du nouveau logo Adidas. Sur le c\u00f4t\u00e9 et dans le dos, il y a des panneaux bleu marine, similaires \u00e0 ceux de certains maillots Adidas pour la Coupe du Monde 2022.<\/p>\n<p>Conseils pour l'impression : Si le nom et le num\u00e9ro figurant sur l'image correspondent exactement \u00e0 ce que vous souhaitez, vous ne devez pas les saisir \u00e0 nouveau. Si ce n'est pas le cas, vous devez saisir le nom et le num\u00e9ro que vous souhaitez.<\/p>\n<p>Conseils pour le lavage : Il est recommand\u00e9 de laver les maillots de football \u00e0 la main. Si vous souhaitez utiliser la machine \u00e0 laver, pensez \u00e0 retourner les maillots de football avant de les laver. Remplissez la machine avec de l'eau froide et utilisez un cycle de lavage d\u00e9licat pour mieux prot\u00e9ger les couleurs.<\/p>","protected":false},"excerpt":{"rendered":"<p>Le maillot domicile 23-24 de Real Madrid a un design moderne et simple. Particuli\u00e8rement int\u00e9ressant est la coloration : le blanc est combin\u00e9 avec un bleu marine fonc\u00e9 (\u00ab Legend Ink \u00bb) et un orange dor\u00e9. L'orange dor\u00e9 n'est ni un jaune pur ni un or m\u00e9tallique, mais se situe quelque part entre les deux. Le bleu marine et l'orange dor\u00e9 sont les m\u00eames couleurs utilis\u00e9es \u00e9galement pour le maillot ext\u00e9rieur [...]<\/p>","protected":false},"featured_media":13679,"comment_status":"open","ping_status":"closed","template":"","meta":[],"product_brand":[],"product_cat":[165],"product_tag":[20,574,21,22,24,94,651,47,166],"class_list":{"0":"post-13638","1":"product","2":"type-product","3":"status-publish","4":"has-post-thumbnail","6":"product_cat-real-madrid-kindertrikot","7":"product_tag-coole-fussballtrikots","8":"product_tag-fussballtrikot-deutschland","9":"product_tag-fussballtrikot-fuer-herren","10":"product_tag-fussballtrikot-guenstig-kaufen","11":"product_tag-guenstiges-fussballtrikot","12":"product_tag-kinder-fussball-trikotsatz","13":"product_tag-real-madrid-heim-trikot","14":"product_tag-real-madrid-trikots","15":"product_tag-real-madrid-trikotsatz-fuer-kinder","17":"first","18":"instock","19":"shipping-taxable","20":"purchasable","21":"product-type-variable"},"_links":{"self":[{"href":"https:\/\/www.billigtrikotde.com\/fr\/wp-json\/wp\/v2\/product\/13638","targetHints":{"allow":["GET"]}}],"collection":[{"href":"https:\/\/www.billigtrikotde.com\/fr\/wp-json\/wp\/v2\/product"}],"about":[{"href":"https:\/\/www.billigtrikotde.com\/fr\/wp-json\/wp\/v2\/types\/product"}],"replies":[{"embeddable":true,"href":"https:\/\/www.billigtrikotde.com\/fr\/wp-json\/wp\/v2\/comments?post=13638"}],"wp:featuredmedia":[{"embeddable":true,"href":"https:\/\/www.billigtrikotde.com\/fr\/wp-json\/wp\/v2\/media\/13679"}],"wp:attachment":[{"href":"https:\/\/www.billigtrikotde.com\/fr\/wp-json\/wp\/v2\/media?parent=13638"}],"wp:term":[{"taxonomy":"product_brand","embeddable":true,"href":"https:\/\/www.billigtrikotde.com\/fr\/wp-json\/wp\/v2\/product_brand?post=13638"},{"taxonomy":"product_cat","embeddable":true,"href":"https:\/\/www.billigtrikotde.com\/fr\/wp-json\/wp\/v2\/product_cat?post=13638"},{"taxonomy":"product_tag","embeddable":true,"href":"https:\/\/www.billigtrikotde.com\/fr\/wp-json\/wp\/v2\/product_tag?post=13638"}],"curies":[{"name":"wp","href":"https:\/\/api.w.org\/{rel}","templated":true}]}}