{"id":1331,"date":"2024-10-23T13:25:45","date_gmt":"2024-10-23T11:25:45","guid":{"rendered":"http:\/\/billigtrikots.com\/?post_type=product&#038;p=1331"},"modified":"2024-10-23T13:27:42","modified_gmt":"2024-10-23T11:27:42","slug":"personalisierbar-trikotsatz-fc-arsenal-heimtrikot-2022-langarm-weiss-rot-aubameyang-14","status":"publish","type":"product","link":"https:\/\/www.billigtrikotde.com\/fr\/personalisierbar-trikotsatz-fc-arsenal-heimtrikot-2022-langarm-weiss-rot-aubameyang-14\/","title":{"rendered":"Personnalisable Jeu de maillots domicile FC Arsenal 2022 manches longues blanc\/rouge Aubameyang 14"},"content":{"rendered":"<p>Arsenal et adidas \u2013 le succ\u00e8s est pr\u00e9programm\u00e9. Avec ce maillot de football, nous remettons au go\u00fbt du jour un classique avec lequel le club du nord de Londres a pu enregistrer de grandes victoires. De plus, la version fan est fabriqu\u00e9e dans un mat\u00e9riau agr\u00e9able et doux qui \u00e9vacue l\u2019humidit\u00e9 et est l\u00e9g\u00e8rement plus ample que le mod\u00e8le port\u00e9 par les joueurs lors des matches. Le c\u00e9l\u00e8bre logo du club sur la poitrine paracheve le design. Cette version est l\u00e9g\u00e8rement plus ample que l\u2019\u00e9quipement officiel des joueurs. Encolure V c\u00f4tel\u00e9e. Manches longues avec des poignets c\u00f4tel\u00e9s. Mat\u00e9riau agr\u00e9ablement doux et l\u00e9ger. Mat\u00e9riau Climalite \u00e9vacuant l\u2019humidit\u00e9. Logo tiss\u00e9 du club Arsenal FC. Ce maillot a \u00e9t\u00e9 produit avec du polyester recycl\u00e9 afin de pr\u00e9server les ressources et de r\u00e9duire les \u00e9missions ind\u00e9sirables. Mat\u00e9riau: 100% Polyester.<\/p>\n<p>Conseils pour l'impression : Si le nom et le num\u00e9ro figurant sur l'image correspondent exactement \u00e0 ce que vous souhaitez, vous ne devez pas les saisir \u00e0 nouveau. Si ce n'est pas le cas, vous devez saisir le nom et le num\u00e9ro que vous souhaitez.<\/p>\n<p>Conseils pour le lavage : Il est recommand\u00e9 de laver les maillots de football \u00e0 la main. Si vous souhaitez utiliser la machine \u00e0 laver, pensez \u00e0 retourner les maillots de football avant de les laver. Remplissez la machine avec de l'eau froide et utilisez un cycle de lavage d\u00e9licat pour mieux prot\u00e9ger les couleurs.<\/p>","protected":false},"excerpt":{"rendered":"<p>Arsenal et adidas \u2013 le succ\u00e8s est pr\u00e9programm\u00e9. Avec ce maillot de football, nous remettons au go\u00fbt du jour un classique gr\u00e2ce auquel le club du nord de Londres a enregistr\u00e9 de grandes victoires. De plus, la version fan est fabriqu\u00e9e dans un mat\u00e9riau doux et \u00e9vacuant l\u2019humidit\u00e9 et est l\u00e9g\u00e8rement plus large que le mod\u00e8le port\u00e9 par les joueurs professionnels les jours de match. Le c\u00e9l\u00e8bre logo du club sur [\u2026]<\/p>","protected":false},"featured_media":1363,"comment_status":"open","ping_status":"closed","template":"","meta":[],"product_brand":[],"product_cat":[55],"product_tag":[20,56,57,38,21,22,24],"class_list":{"0":"post-1331","1":"product","2":"type-product","3":"status-publish","4":"has-post-thumbnail","6":"product_cat-arsenal","7":"product_tag-coole-fussballtrikots","8":"product_tag-fc-arsenal-heimtrikot","9":"product_tag-fc-arsenal-trikots","10":"product_tag-fussball-trikot-langarm","11":"product_tag-fussballtrikot-fuer-herren","12":"product_tag-fussballtrikot-guenstig-kaufen","13":"product_tag-guenstiges-fussballtrikot","15":"first","16":"instock","17":"shipping-taxable","18":"purchasable","19":"product-type-variable"},"_links":{"self":[{"href":"https:\/\/www.billigtrikotde.com\/fr\/wp-json\/wp\/v2\/product\/1331","targetHints":{"allow":["GET"]}}],"collection":[{"href":"https:\/\/www.billigtrikotde.com\/fr\/wp-json\/wp\/v2\/product"}],"about":[{"href":"https:\/\/www.billigtrikotde.com\/fr\/wp-json\/wp\/v2\/types\/product"}],"replies":[{"embeddable":true,"href":"https:\/\/www.billigtrikotde.com\/fr\/wp-json\/wp\/v2\/comments?post=1331"}],"wp:featuredmedia":[{"embeddable":true,"href":"https:\/\/www.billigtrikotde.com\/fr\/wp-json\/wp\/v2\/media\/1363"}],"wp:attachment":[{"href":"https:\/\/www.billigtrikotde.com\/fr\/wp-json\/wp\/v2\/media?parent=1331"}],"wp:term":[{"taxonomy":"product_brand","embeddable":true,"href":"https:\/\/www.billigtrikotde.com\/fr\/wp-json\/wp\/v2\/product_brand?post=1331"},{"taxonomy":"product_cat","embeddable":true,"href":"https:\/\/www.billigtrikotde.com\/fr\/wp-json\/wp\/v2\/product_cat?post=1331"},{"taxonomy":"product_tag","embeddable":true,"href":"https:\/\/www.billigtrikotde.com\/fr\/wp-json\/wp\/v2\/product_tag?post=1331"}],"curies":[{"name":"wp","href":"https:\/\/api.w.org\/{rel}","templated":true}]}}