{"id":13227,"date":"2024-10-24T05:51:57","date_gmt":"2024-10-24T03:51:57","guid":{"rendered":"http:\/\/billigtrikots.com\/?post_type=product&#038;p=13227"},"modified":"2025-06-09T04:42:27","modified_gmt":"2025-06-09T02:42:27","slug":"damen-fussball-trikot-arsenal-heimtrikot-2023-24-kurzarm-gabriel-jesus-9","status":"publish","type":"product","link":"https:\/\/www.billigtrikotde.com\/fr\/damen-fussball-trikot-arsenal-heimtrikot-2023-24-kurzarm-gabriel-jesus-9\/","title":{"rendered":"Maillot de football f\u00e9minin Arsenal domicile 2023-24 manches courtes Gabriel Jesus 9"},"content":{"rendered":"<p>Un motif Zap discret et un \u00e9l\u00e9ment Zap dor\u00e9 au dos, sous le col, compl\u00e8tent le look du maillot domicile 23-24 d'Arsenal. Un autre d\u00e9tail cool du nouveau maillot domicile d'Arsenal est une impression discr\u00e8te \u00e0 l'int\u00e9rieur de la bande lat\u00e9rale blanche, qui montre les r\u00e9sultats des matches de l'\u00e9quipe Invincibles 2003-04.La teinte de la couleur principale rouge du maillot domicile d'Arsenal 23-24 est appel\u00e9e \"Better Scarlet\". Elle est un peu plus fonc\u00e9e que le rouge des saisons pr\u00e9c\u00e9dentes.<\/p>\n<p>Conseils pour l'impression : Si le nom et le num\u00e9ro figurant sur l'image correspondent exactement \u00e0 ce que vous souhaitez, vous ne devez pas les saisir \u00e0 nouveau. Si ce n'est pas le cas, vous devez saisir le nom et le num\u00e9ro que vous souhaitez.<\/p>\n<p>Conseils pour le lavage : Il est recommand\u00e9 de laver les maillots de football \u00e0 la main. Si vous souhaitez utiliser la machine \u00e0 laver, pensez \u00e0 retourner les maillots de football avant de les laver. Remplissez la machine avec de l'eau froide et utilisez un cycle de lavage d\u00e9licat pour mieux prot\u00e9ger les couleurs.<\/p>","protected":false},"excerpt":{"rendered":"<p>Un motif discret en zigzag et un \u00e9l\u00e9ment dor\u00e9 en zigzag \u00e0 l'arri\u00e8re sous le col compl\u00e8tent le look du maillot domicile Arsenal 23-24. Un autre d\u00e9tail sympa du nouveau maillot domicile d'Arsenal est une impression discr\u00e8te \u00e0 l'int\u00e9rieur du flanc blanc, sur laquelle figurent les r\u00e9sultats des matchs de l'\u00e9quipe invincibles 2003-04. La teinte de la couleur rouge principale du maillot domicile Arsenal 23-24 \u2026<\/p>","protected":false},"featured_media":13270,"comment_status":"open","ping_status":"closed","template":"","meta":[],"product_brand":[],"product_cat":[583],"product_tag":[584,20,518,574,21,22,23,24],"class_list":{"0":"post-13227","1":"product","2":"type-product","3":"status-publish","4":"has-post-thumbnail","6":"product_cat-arsenal-damen-trikot","7":"product_tag-arsenal-2023-24-trikot","8":"product_tag-coole-fussballtrikots","9":"product_tag-damen-fussballtrikot","10":"product_tag-fussballtrikot-deutschland","11":"product_tag-fussballtrikot-fuer-herren","12":"product_tag-fussballtrikot-guenstig-kaufen","13":"product_tag-fussballtrikot-kurzarm","14":"product_tag-guenstiges-fussballtrikot","16":"first","17":"instock","18":"shipping-taxable","19":"purchasable","20":"product-type-variable"},"_links":{"self":[{"href":"https:\/\/www.billigtrikotde.com\/fr\/wp-json\/wp\/v2\/product\/13227","targetHints":{"allow":["GET"]}}],"collection":[{"href":"https:\/\/www.billigtrikotde.com\/fr\/wp-json\/wp\/v2\/product"}],"about":[{"href":"https:\/\/www.billigtrikotde.com\/fr\/wp-json\/wp\/v2\/types\/product"}],"replies":[{"embeddable":true,"href":"https:\/\/www.billigtrikotde.com\/fr\/wp-json\/wp\/v2\/comments?post=13227"}],"wp:featuredmedia":[{"embeddable":true,"href":"https:\/\/www.billigtrikotde.com\/fr\/wp-json\/wp\/v2\/media\/13270"}],"wp:attachment":[{"href":"https:\/\/www.billigtrikotde.com\/fr\/wp-json\/wp\/v2\/media?parent=13227"}],"wp:term":[{"taxonomy":"product_brand","embeddable":true,"href":"https:\/\/www.billigtrikotde.com\/fr\/wp-json\/wp\/v2\/product_brand?post=13227"},{"taxonomy":"product_cat","embeddable":true,"href":"https:\/\/www.billigtrikotde.com\/fr\/wp-json\/wp\/v2\/product_cat?post=13227"},{"taxonomy":"product_tag","embeddable":true,"href":"https:\/\/www.billigtrikotde.com\/fr\/wp-json\/wp\/v2\/product_tag?post=13227"}],"curies":[{"name":"wp","href":"https:\/\/api.w.org\/{rel}","templated":true}]}}