{"id":13182,"date":"2024-10-24T05:49:38","date_gmt":"2024-10-24T03:49:38","guid":{"rendered":"http:\/\/billigtrikots.com\/?post_type=product&#038;p=13182"},"modified":"2024-10-24T05:52:23","modified_gmt":"2024-10-24T03:52:23","slug":"kinder-heimtrikot-paris-saint-germain-psg-23-24-trikot-fussball-trikotsatz-lionel-messi-30","status":"publish","type":"product","link":"https:\/\/www.billigtrikotde.com\/fr\/kinder-heimtrikot-paris-saint-germain-psg-23-24-trikot-fussball-trikotsatz-lionel-messi-30\/","title":{"rendered":"Enfants Maillot domicile Paris Saint-Germain PSG 23-24 Maillot Football Jeu de maillot Lionel Messi 30"},"content":{"rendered":"<p>Le maillot Nike PSG 2023-24 est bleu marine avec une bande rouge sur le c\u00f4t\u00e9 gauche qui s'estompe vers le bas du maillot. \u00c0 gauche et \u00e0 droite du maillot rouge se trouve \u00e9galement une bande blanche inspir\u00e9e du design classique Hechter de l'\u00e9quipe.Le design d\u00e9grad\u00e9 s'inspire de la fa\u00e7on dont la ligne d'horizon parisienne s'estompe dans le ciel nocturne. Il est int\u00e9ressant de noter que le swoosh est rouge et non blanc. Tous les autres logos des sponsors sont blancs.<\/p>\n<p>Conseils pour l'impression : Si le nom et le num\u00e9ro figurant sur l'image correspondent exactement \u00e0 ce que vous souhaitez, vous ne devez pas les saisir \u00e0 nouveau. Si ce n'est pas le cas, vous devez saisir le nom et le num\u00e9ro que vous souhaitez.<\/p>\n<p>Conseils pour le lavage : Il est recommand\u00e9 de laver les maillots de football \u00e0 la main. Si vous souhaitez utiliser la machine \u00e0 laver, pensez \u00e0 retourner les maillots de football avant de les laver. Remplissez la machine avec de l'eau froide et utilisez un cycle de lavage d\u00e9licat pour mieux prot\u00e9ger les couleurs.<\/p>","protected":false},"excerpt":{"rendered":"<p>Das Nike PSG 2023-24 Trikot ist marineblau mit einem roten Streifen auf der linken Seite, der zum unteren Teil des Trikots hin verblasst. Links und rechts des roten Trikots befindet sich au\u00dferdem ein wei\u00dfer Streifen, der vom klassischen Hechter-Design der Mannschaft inspiriert ist.Das verblassende Design ist davon inspiriert, wie die Pariser Skyline im Nachthimmel verblasst. [&hellip;]<\/p>","protected":false},"featured_media":13224,"comment_status":"open","ping_status":"closed","template":"","meta":[],"product_brand":[],"product_cat":[160],"product_tag":[20,535,456,43,574,21,22,577,24,94,484,485,41,575,159],"class_list":{"0":"post-13182","1":"product","2":"type-product","3":"status-publish","4":"has-post-thumbnail","6":"product_cat-paris-saint-germain-kindertrikot","7":"product_tag-coole-fussballtrikots","8":"product_tag-deutschland-trikot","9":"product_tag-fussball-kurzarm","10":"product_tag-fussballkleidung","11":"product_tag-fussballtrikot-deutschland","12":"product_tag-fussballtrikot-fuer-herren","13":"product_tag-fussballtrikot-guenstig-kaufen","14":"product_tag-fussballtrikots-trikotsatz","15":"product_tag-guenstiges-fussballtrikot","16":"product_tag-kinder-fussball-trikotsatz","17":"product_tag-paris-saint-germain-psg-fussballtrikot","18":"product_tag-paris-saint-germain-psg-trikot","19":"product_tag-paris-saint-germain-trikots","20":"product_tag-psg-23-24-trikot","21":"product_tag-psg-trikotsatz-fuer-kinder","23":"first","24":"instock","25":"shipping-taxable","26":"purchasable","27":"product-type-variable"},"_links":{"self":[{"href":"https:\/\/www.billigtrikotde.com\/fr\/wp-json\/wp\/v2\/product\/13182","targetHints":{"allow":["GET"]}}],"collection":[{"href":"https:\/\/www.billigtrikotde.com\/fr\/wp-json\/wp\/v2\/product"}],"about":[{"href":"https:\/\/www.billigtrikotde.com\/fr\/wp-json\/wp\/v2\/types\/product"}],"replies":[{"embeddable":true,"href":"https:\/\/www.billigtrikotde.com\/fr\/wp-json\/wp\/v2\/comments?post=13182"}],"wp:featuredmedia":[{"embeddable":true,"href":"https:\/\/www.billigtrikotde.com\/fr\/wp-json\/wp\/v2\/media\/13224"}],"wp:attachment":[{"href":"https:\/\/www.billigtrikotde.com\/fr\/wp-json\/wp\/v2\/media?parent=13182"}],"wp:term":[{"taxonomy":"product_brand","embeddable":true,"href":"https:\/\/www.billigtrikotde.com\/fr\/wp-json\/wp\/v2\/product_brand?post=13182"},{"taxonomy":"product_cat","embeddable":true,"href":"https:\/\/www.billigtrikotde.com\/fr\/wp-json\/wp\/v2\/product_cat?post=13182"},{"taxonomy":"product_tag","embeddable":true,"href":"https:\/\/www.billigtrikotde.com\/fr\/wp-json\/wp\/v2\/product_tag?post=13182"}],"curies":[{"name":"wp","href":"https:\/\/api.w.org\/{rel}","templated":true}]}}