{"id":1305,"date":"2024-10-23T13:24:40","date_gmt":"2024-10-23T11:24:40","guid":{"rendered":"http:\/\/billigtrikots.com\/?post_type=product&#038;p=1305"},"modified":"2024-10-23T13:26:10","modified_gmt":"2024-10-23T11:26:10","slug":"guenstige-fussballtrikots-manchester-united-trikot-home-2022-rot-bestellen","status":"publish","type":"product","link":"https:\/\/www.billigtrikotde.com\/fr\/guenstige-fussballtrikots-manchester-united-trikot-home-2022-rot-bestellen\/","title":{"rendered":"Maillots de football abordables Manchester United Maillot domicile 2022 Rouge \u00e0 commander"},"content":{"rendered":"<p>Le maillot de sport d'a-didas en rouge te permet de porter les couleurs de ton club pr\u00e9f\u00e9r\u00e9 et de montrer \u00e0 tous ce qui fait battre ton c\u0153ur. Chaque vrai supporter de Manchester United a besoin de ce maillot de domicile, car m\u00eame les joueurs le portent en Premier League. Il est respirant, super confortable et l\u00e9ger. Ce maillot est le compagnon id\u00e9al pour tes activit\u00e9s sportives. Il devient le point fort absolu gr\u00e2ce au badge du club sur la poitrine.<\/p>\n<p>Conseils pour l'impression : Si le nom et le num\u00e9ro figurant sur l'image correspondent exactement \u00e0 ce que vous souhaitez, vous ne devez pas les saisir \u00e0 nouveau. Si ce n'est pas le cas, vous devez saisir le nom et le num\u00e9ro que vous souhaitez.<\/p>\n<p>Conseils pour le lavage : Il est recommand\u00e9 de laver les maillots de football \u00e0 la main. Si vous souhaitez utiliser la machine \u00e0 laver, pensez \u00e0 retourner les maillots de football avant de les laver. Remplissez la machine avec de l'eau froide et utilisez un cycle de lavage d\u00e9licat pour mieux prot\u00e9ger les couleurs.<\/p>","protected":false},"excerpt":{"rendered":"<p>Das Sportshirt von a-didas in Rot l\u00e4sst dich die Farben deines Lieblingsclubs tragen und allen zeigen, wof\u00fcr dein Herz schl\u00e4gt. Jeder echte Manchester United-Supporter braucht dieses Heim-Sportshirt, denn auch die Spieler tragen es in der Premier League. Es ist atmungsaktiv, super bequem und leicht. Dieses Trikot ist der ideale Begleiter f\u00fcr deine sportlichen Aktivit\u00e4ten. Zum [&hellip;]<\/p>","protected":false},"featured_media":1337,"comment_status":"open","ping_status":"closed","template":"","meta":[],"product_brand":[],"product_cat":[50],"product_tag":[20,21,22,23,24,52],"class_list":{"0":"post-1305","1":"product","2":"type-product","3":"status-publish","4":"has-post-thumbnail","6":"product_cat-manchester-united","7":"product_tag-coole-fussballtrikots","8":"product_tag-fussballtrikot-fuer-herren","9":"product_tag-fussballtrikot-guenstig-kaufen","10":"product_tag-fussballtrikot-kurzarm","11":"product_tag-guenstiges-fussballtrikot","12":"product_tag-manchester-united-trikots","14":"first","15":"instock","16":"shipping-taxable","17":"purchasable","18":"product-type-variable"},"_links":{"self":[{"href":"https:\/\/www.billigtrikotde.com\/fr\/wp-json\/wp\/v2\/product\/1305","targetHints":{"allow":["GET"]}}],"collection":[{"href":"https:\/\/www.billigtrikotde.com\/fr\/wp-json\/wp\/v2\/product"}],"about":[{"href":"https:\/\/www.billigtrikotde.com\/fr\/wp-json\/wp\/v2\/types\/product"}],"replies":[{"embeddable":true,"href":"https:\/\/www.billigtrikotde.com\/fr\/wp-json\/wp\/v2\/comments?post=1305"}],"wp:featuredmedia":[{"embeddable":true,"href":"https:\/\/www.billigtrikotde.com\/fr\/wp-json\/wp\/v2\/media\/1337"}],"wp:attachment":[{"href":"https:\/\/www.billigtrikotde.com\/fr\/wp-json\/wp\/v2\/media?parent=1305"}],"wp:term":[{"taxonomy":"product_brand","embeddable":true,"href":"https:\/\/www.billigtrikotde.com\/fr\/wp-json\/wp\/v2\/product_brand?post=1305"},{"taxonomy":"product_cat","embeddable":true,"href":"https:\/\/www.billigtrikotde.com\/fr\/wp-json\/wp\/v2\/product_cat?post=1305"},{"taxonomy":"product_tag","embeddable":true,"href":"https:\/\/www.billigtrikotde.com\/fr\/wp-json\/wp\/v2\/product_tag?post=1305"}],"curies":[{"name":"wp","href":"https:\/\/api.w.org\/{rel}","templated":true}]}}