{"id":13036,"date":"2024-10-24T05:42:16","date_gmt":"2024-10-24T03:42:16","guid":{"rendered":"http:\/\/billigtrikots.com\/?post_type=product&#038;p=13036"},"modified":"2024-10-24T05:44:38","modified_gmt":"2024-10-24T03:44:38","slug":"herren-inter-miami-cf-auswaertstrikot-2023-24-fussballtrikots-set-mit-aufdruck-messi-10","status":"publish","type":"product","link":"https:\/\/www.billigtrikotde.com\/fr\/herren-inter-miami-cf-auswaertstrikot-2023-24-fussballtrikots-set-mit-aufdruck-messi-10\/","title":{"rendered":"Hommes Inter Miami CF Maillot Ext\u00e9rieur 2023-24 Maillots de Football Set avec Imprim\u00e9 MESSI 10"},"content":{"rendered":"<p>Le maillot ext\u00e9rieur Adidas Miami 2023 est majoritairement noir, tous les autres d\u00e9tails et logos sont uniquement en rose. Selon l\u2019un des mod\u00e8les d\u2019Adidas pour la Coupe du Monde 2022, il existe une bande rose qui court des deux c\u00f4t\u00e9s et se rejoint \u00e0 l\u2019ourlet \u00e0 l\u2019arri\u00e8re.<br \/>\nSur le fond noir, une texture en ondes int\u00e9ressante et subtile est appos\u00e9e, qui est interrompue par des bandes horizontales noires r\u00e9currentes. Au dos du col, les mots \u00ab Freedom to Dream \u00bb sont visibles. Cette inscription a \u00e9t\u00e9 utilis\u00e9e comme slogan du club au cours des ann\u00e9es pr\u00e9c\u00e9dentes.<\/p>\n<p>Conseils pour l'impression : Si le nom et le num\u00e9ro figurant sur l'image correspondent exactement \u00e0 ce que vous souhaitez, vous ne devez pas les saisir \u00e0 nouveau. Si ce n'est pas le cas, vous devez saisir le nom et le num\u00e9ro que vous souhaitez.<\/p>\n<p>Conseils pour le lavage : Il est recommand\u00e9 de laver les maillots de football \u00e0 la main. Si vous souhaitez utiliser la machine \u00e0 laver, pensez \u00e0 retourner les maillots de football avant de les laver. Remplissez la machine avec de l'eau froide et utilisez un cycle de lavage d\u00e9licat pour mieux prot\u00e9ger les couleurs.<\/p>","protected":false},"excerpt":{"rendered":"<p>Das Adidas Miami 2023 Ausw\u00e4rtstrikot ist \u00fcberwiegend schwarz, alle anderen Details und Logos sind ausschlie\u00dflich in Rosa gehalten. Nach einer der Vorlagen von Adidas f\u00fcr die WM 2022 gibt es einen rosafarbenen Streifen, der auf beiden Seiten verl\u00e4uft und hinten am Saum zusammenl\u00e4uft. Auf dem schwarzen Untergrund ist eine interessante, subtile Wellengrafik angebracht, die von [&hellip;]<\/p>","protected":false},"featured_media":13070,"comment_status":"open","ping_status":"closed","template":"","meta":[],"product_brand":[],"product_cat":[557],"product_tag":[20,548,21,22,23,24,562,558,559,560,561],"class_list":{"0":"post-13036","1":"product","2":"type-product","3":"status-publish","4":"has-post-thumbnail","6":"product_cat-inter-miami","7":"product_tag-coole-fussballtrikots","8":"product_tag-fussball-trikot-frauen","9":"product_tag-fussballtrikot-fuer-herren","10":"product_tag-fussballtrikot-guenstig-kaufen","11":"product_tag-fussballtrikot-kurzarm","12":"product_tag-guenstiges-fussballtrikot","13":"product_tag-inter-miami-2023-auswaertstrikot","14":"product_tag-inter-miami-2023-heimtrikot","15":"product_tag-inter-miami-cf-fussballtrikots-herren","16":"product_tag-inter-miami-trikot-fuer-herren","17":"product_tag-trikot-2023-24","19":"first","20":"instock","21":"shipping-taxable","22":"purchasable","23":"product-type-variable"},"_links":{"self":[{"href":"https:\/\/www.billigtrikotde.com\/fr\/wp-json\/wp\/v2\/product\/13036","targetHints":{"allow":["GET"]}}],"collection":[{"href":"https:\/\/www.billigtrikotde.com\/fr\/wp-json\/wp\/v2\/product"}],"about":[{"href":"https:\/\/www.billigtrikotde.com\/fr\/wp-json\/wp\/v2\/types\/product"}],"replies":[{"embeddable":true,"href":"https:\/\/www.billigtrikotde.com\/fr\/wp-json\/wp\/v2\/comments?post=13036"}],"wp:featuredmedia":[{"embeddable":true,"href":"https:\/\/www.billigtrikotde.com\/fr\/wp-json\/wp\/v2\/media\/13070"}],"wp:attachment":[{"href":"https:\/\/www.billigtrikotde.com\/fr\/wp-json\/wp\/v2\/media?parent=13036"}],"wp:term":[{"taxonomy":"product_brand","embeddable":true,"href":"https:\/\/www.billigtrikotde.com\/fr\/wp-json\/wp\/v2\/product_brand?post=13036"},{"taxonomy":"product_cat","embeddable":true,"href":"https:\/\/www.billigtrikotde.com\/fr\/wp-json\/wp\/v2\/product_cat?post=13036"},{"taxonomy":"product_tag","embeddable":true,"href":"https:\/\/www.billigtrikotde.com\/fr\/wp-json\/wp\/v2\/product_tag?post=13036"}],"curies":[{"name":"wp","href":"https:\/\/api.w.org\/{rel}","templated":true}]}}