{"id":1261,"date":"2024-10-23T13:22:37","date_gmt":"2024-10-23T11:22:37","guid":{"rendered":"http:\/\/billigtrikots.com\/?post_type=product&#038;p=1261"},"modified":"2024-10-23T13:24:35","modified_gmt":"2024-10-23T11:24:35","slug":"manchester-united-f-c-pogba-6-herren-home-2022-rot-trikot-guenstig","status":"publish","type":"product","link":"https:\/\/www.billigtrikotde.com\/fr\/manchester-united-f-c-pogba-6-herren-home-2022-rot-trikot-guenstig\/","title":{"rendered":"Manchester United F.C. Pogba 6 Homme Domicile 2022 Rouge Maillot bon march\u00e9"},"content":{"rendered":"<p>Voici le maillot a-didas en rouge, qui vous aide \u00e0 soutenir votre club pr\u00e9f\u00e9r\u00e9 en toutes circonstances et \u00e0 montrer ce que votre c\u0153ur bat pour. Montrez votre appartenance \u2013 avec ce maillot domicile de Manchester United, vous compl\u00e9tez votre collection de fans avec un v\u00eatement au design original, comme celui port\u00e9 par les joueurs en Premier League. Nous recommandons ce mod\u00e8le confortable, l\u00e9ger et respirant avec une sensation agr\u00e9able au port\u00e9. Ce maillot de sport a \u00e9t\u00e9 con\u00e7u pour augmenter votre performance d\u2019un niveau. Il se distingue visuellement par un blason du club sur la poitrine.<\/p>\n<p>Conseils pour l'impression : Si le nom et le num\u00e9ro figurant sur l'image correspondent exactement \u00e0 ce que vous souhaitez, vous ne devez pas les saisir \u00e0 nouveau. Si ce n'est pas le cas, vous devez saisir le nom et le num\u00e9ro que vous souhaitez.<\/p>\n<p>Conseils pour le lavage : Il est recommand\u00e9 de laver les maillots de football \u00e0 la main. Si vous souhaitez utiliser la machine \u00e0 laver, pensez \u00e0 retourner les maillots de football avant de les laver. Remplissez la machine avec de l'eau froide et utilisez un cycle de lavage d\u00e9licat pour mieux prot\u00e9ger les couleurs.<\/p>","protected":false},"excerpt":{"rendered":"<p>Voici le maillot a-didas en rouge, qui vous aide \u00e0 soutenir votre club pr\u00e9f\u00e9r\u00e9 en toutes circonstances et \u00e0 montrer pour qui votre c\u0153ur bat. Montrez votre appartenance \u2013 avec ce maillot domicile de Manchester United, vous compl\u00e9tez votre collection de fans avec un v\u00eatement au design original, comme celui port\u00e9 par les joueurs en Premier League. Nous recommandons ce v\u00eatement confortable et l\u00e9ger [\u2026]<\/p>","protected":false},"featured_media":1291,"comment_status":"open","ping_status":"closed","template":"","meta":[],"product_brand":[],"product_cat":[50],"product_tag":[20,21,22,23,24,52],"class_list":{"0":"post-1261","1":"product","2":"type-product","3":"status-publish","4":"has-post-thumbnail","6":"product_cat-manchester-united","7":"product_tag-coole-fussballtrikots","8":"product_tag-fussballtrikot-fuer-herren","9":"product_tag-fussballtrikot-guenstig-kaufen","10":"product_tag-fussballtrikot-kurzarm","11":"product_tag-guenstiges-fussballtrikot","12":"product_tag-manchester-united-trikots","14":"first","15":"instock","16":"shipping-taxable","17":"purchasable","18":"product-type-variable"},"_links":{"self":[{"href":"https:\/\/www.billigtrikotde.com\/fr\/wp-json\/wp\/v2\/product\/1261","targetHints":{"allow":["GET"]}}],"collection":[{"href":"https:\/\/www.billigtrikotde.com\/fr\/wp-json\/wp\/v2\/product"}],"about":[{"href":"https:\/\/www.billigtrikotde.com\/fr\/wp-json\/wp\/v2\/types\/product"}],"replies":[{"embeddable":true,"href":"https:\/\/www.billigtrikotde.com\/fr\/wp-json\/wp\/v2\/comments?post=1261"}],"wp:featuredmedia":[{"embeddable":true,"href":"https:\/\/www.billigtrikotde.com\/fr\/wp-json\/wp\/v2\/media\/1291"}],"wp:attachment":[{"href":"https:\/\/www.billigtrikotde.com\/fr\/wp-json\/wp\/v2\/media?parent=1261"}],"wp:term":[{"taxonomy":"product_brand","embeddable":true,"href":"https:\/\/www.billigtrikotde.com\/fr\/wp-json\/wp\/v2\/product_brand?post=1261"},{"taxonomy":"product_cat","embeddable":true,"href":"https:\/\/www.billigtrikotde.com\/fr\/wp-json\/wp\/v2\/product_cat?post=1261"},{"taxonomy":"product_tag","embeddable":true,"href":"https:\/\/www.billigtrikotde.com\/fr\/wp-json\/wp\/v2\/product_tag?post=1261"}],"curies":[{"name":"wp","href":"https:\/\/api.w.org\/{rel}","templated":true}]}}