{"id":12532,"date":"2024-10-24T05:16:55","date_gmt":"2024-10-24T03:16:55","guid":{"rendered":"http:\/\/billigtrikots.com\/?post_type=product&#038;p=12532"},"modified":"2024-10-24T05:19:45","modified_gmt":"2024-10-24T03:19:45","slug":"billige-fussballtrikots-ssc-napoli-22-23-valentinstags-trikot-kurzarm-online-personalisierbar","status":"publish","type":"product","link":"https:\/\/www.billigtrikotde.com\/fr\/billige-fussballtrikots-ssc-napoli-22-23-valentinstags-trikot-kurzarm-online-personalisierbar\/","title":{"rendered":"Maillots de foot pas cher SSC Napoli 22-23 Valentin Maillot manches courtes personnalisable en ligne"},"content":{"rendered":"<p>Le maillot EA7 Napoli 2022-23 Valentine\u2019s utilise le m\u00eame mod\u00e8le que les maillots domicile et ext\u00e9rieur actuels. Pour cette \u00e9dition, la couleur de base est blanche, tandis que les manches pr\u00e9sentent un d\u00e9grad\u00e9 de rouge \u00e0 rose. Une grande bouche rouge se situe sur le c\u00f4t\u00e9 inf\u00e9rieur droit du maillot EA7 Napoli 2022-23 Valentine\u2019s. EA7 associe le Napoli 22-23 Valentine\u2019s au maillot avec un pantalon blanc et des bas.<\/p>\n<p>Conseils pour l'impression : Si le nom et le num\u00e9ro figurant sur l'image correspondent exactement \u00e0 ce que vous souhaitez, vous ne devez pas les saisir \u00e0 nouveau. Si ce n'est pas le cas, vous devez saisir le nom et le num\u00e9ro que vous souhaitez.<\/p>\n<p>Conseils pour le lavage : Il est recommand\u00e9 de laver les maillots de football \u00e0 la main. Si vous souhaitez utiliser la machine \u00e0 laver, pensez \u00e0 retourner les maillots de football avant de les laver. Remplissez la machine avec de l'eau froide et utilisez un cycle de lavage d\u00e9licat pour mieux prot\u00e9ger les couleurs.<\/p>","protected":false},"excerpt":{"rendered":"<p>Das EA7 Napoli 2022-23 Valentine&#8217;s Trikot verwendet die gleiche Template wie die aktuellen Heim- und Ausw\u00e4rtstrikots. Bei dieser Ausgabe ist die Grundfarbe wei\u00df, w\u00e4hrend die \u00c4rmel einen Farbverlauf von Rot zu Rosa aufweisen.Ein gro\u00dfer roter Kussmund befindet sich auf der rechten unteren Seite des EA7 Napoli 2022-23 Valentine&#8217;s Trikots. EA7 kombiniert das Napoli 22-23 Valentine&#8217;s [&hellip;]<\/p>","protected":false},"featured_media":12578,"comment_status":"open","ping_status":"closed","template":"","meta":[],"product_brand":[],"product_cat":[192],"product_tag":[504,505,506,496,497],"class_list":{"0":"post-12532","1":"product","2":"type-product","3":"status-publish","4":"has-post-thumbnail","6":"product_cat-ssc-napoli","7":"product_tag-napoli-22-23-valentinstags-trikot-for-sale","8":"product_tag-napoli-22-23-valentinstags-trikot","9":"product_tag-ssc-napoli-2022-23-valentinstags-fussballtrikot","10":"product_tag-ssc-napoli-fussballtrikot","11":"product_tag-ssc-napoli-trikot","13":"first","14":"instock","15":"shipping-taxable","16":"purchasable","17":"product-type-variable"},"_links":{"self":[{"href":"https:\/\/www.billigtrikotde.com\/fr\/wp-json\/wp\/v2\/product\/12532","targetHints":{"allow":["GET"]}}],"collection":[{"href":"https:\/\/www.billigtrikotde.com\/fr\/wp-json\/wp\/v2\/product"}],"about":[{"href":"https:\/\/www.billigtrikotde.com\/fr\/wp-json\/wp\/v2\/types\/product"}],"replies":[{"embeddable":true,"href":"https:\/\/www.billigtrikotde.com\/fr\/wp-json\/wp\/v2\/comments?post=12532"}],"wp:featuredmedia":[{"embeddable":true,"href":"https:\/\/www.billigtrikotde.com\/fr\/wp-json\/wp\/v2\/media\/12578"}],"wp:attachment":[{"href":"https:\/\/www.billigtrikotde.com\/fr\/wp-json\/wp\/v2\/media?parent=12532"}],"wp:term":[{"taxonomy":"product_brand","embeddable":true,"href":"https:\/\/www.billigtrikotde.com\/fr\/wp-json\/wp\/v2\/product_brand?post=12532"},{"taxonomy":"product_cat","embeddable":true,"href":"https:\/\/www.billigtrikotde.com\/fr\/wp-json\/wp\/v2\/product_cat?post=12532"},{"taxonomy":"product_tag","embeddable":true,"href":"https:\/\/www.billigtrikotde.com\/fr\/wp-json\/wp\/v2\/product_tag?post=12532"}],"curies":[{"name":"wp","href":"https:\/\/api.w.org\/{rel}","templated":true}]}}