{"id":12504,"date":"2024-10-24T05:15:15","date_gmt":"2024-10-24T03:15:15","guid":{"rendered":"http:\/\/billigtrikots.com\/?post_type=product&#038;p=12504"},"modified":"2025-06-16T16:03:29","modified_gmt":"2025-06-16T14:03:29","slug":"fussballtrikots-guenstig-frauen-juventus-22-23-drittes-trikot-kurzarm-moise-kean-18","status":"publish","type":"product","link":"https:\/\/www.billigtrikotde.com\/fr\/fussballtrikots-guenstig-frauen-juventus-22-23-drittes-trikot-kurzarm-moise-kean-18\/","title":{"rendered":"Maillots de football Bon march\u00e9 femmes Juventus 22-23 troisi\u00e8me maillot manches courtes Moise Kean 18"},"content":{"rendered":"<p>Le troisi\u00e8me maillot de football Adidas Juventus 2022-2023 se pr\u00e9sente dans un design flashy en rose et bleu, domin\u00e9 par un motif graphique abstrait et pr\u00e9sentant des logos blancs (Adidas, Juventus) ainsi que des logos bleus (Jeep). La palette officielle du troisi\u00e8me maillot Juventus 22-23 est \u00ab Collegiate Royal \/ Acid Red \/ White \u00bb.<br \/>\nUn col rond bleu sobre et des inserts bleus sous les manches compl\u00e8tent le look avec les bandes blanches 3 sur les \u00e9paules.<\/p>","protected":false},"excerpt":{"rendered":"<p>Das dritte Fu\u00dfballtrikot von Adidas Juventus 2022-2023 pr\u00e4sentiert sich in einem knalligen Design in Pink und Blau, das von einem abstrakten grafischen Muster dominiert wird und sowohl wei\u00dfe (Adidas, Juventus) als auch blaue Logos (Jeep) aufweist.Die offizielle Farbgebung des dritten Juventus 22-23 Trikots ist &#8222;Collegiate Royal \/ Acid Red \/ White&#8220;. Ein schlichter blauer Rundhalskragen [&hellip;]<\/p>","protected":false},"featured_media":12549,"comment_status":"open","ping_status":"closed","template":"","meta":[],"product_brand":[],"product_cat":[59],"product_tag":[20,21,22,24,491,492,493],"class_list":{"0":"post-12504","1":"product","2":"type-product","3":"status-publish","4":"has-post-thumbnail","6":"product_cat-juventus","7":"product_tag-coole-fussballtrikots","8":"product_tag-fussballtrikot-fuer-herren","9":"product_tag-fussballtrikot-guenstig-kaufen","10":"product_tag-guenstiges-fussballtrikot","11":"product_tag-juventus-22-23-drittes-trikot","12":"product_tag-juventus-fussballtrikots-damen","13":"product_tag-juventus-trikot-fuer-damen","15":"first","16":"instock","17":"shipping-taxable","18":"purchasable","19":"product-type-variable"},"_links":{"self":[{"href":"https:\/\/www.billigtrikotde.com\/fr\/wp-json\/wp\/v2\/product\/12504","targetHints":{"allow":["GET"]}}],"collection":[{"href":"https:\/\/www.billigtrikotde.com\/fr\/wp-json\/wp\/v2\/product"}],"about":[{"href":"https:\/\/www.billigtrikotde.com\/fr\/wp-json\/wp\/v2\/types\/product"}],"replies":[{"embeddable":true,"href":"https:\/\/www.billigtrikotde.com\/fr\/wp-json\/wp\/v2\/comments?post=12504"}],"wp:featuredmedia":[{"embeddable":true,"href":"https:\/\/www.billigtrikotde.com\/fr\/wp-json\/wp\/v2\/media\/12549"}],"wp:attachment":[{"href":"https:\/\/www.billigtrikotde.com\/fr\/wp-json\/wp\/v2\/media?parent=12504"}],"wp:term":[{"taxonomy":"product_brand","embeddable":true,"href":"https:\/\/www.billigtrikotde.com\/fr\/wp-json\/wp\/v2\/product_brand?post=12504"},{"taxonomy":"product_cat","embeddable":true,"href":"https:\/\/www.billigtrikotde.com\/fr\/wp-json\/wp\/v2\/product_cat?post=12504"},{"taxonomy":"product_tag","embeddable":true,"href":"https:\/\/www.billigtrikotde.com\/fr\/wp-json\/wp\/v2\/product_tag?post=12504"}],"curies":[{"name":"wp","href":"https:\/\/api.w.org\/{rel}","templated":true}]}}