{"id":12498,"date":"2024-10-24T05:14:43","date_gmt":"2024-10-24T03:14:43","guid":{"rendered":"http:\/\/billigtrikots.com\/?post_type=product&#038;p=12498"},"modified":"2025-10-16T16:03:18","modified_gmt":"2025-10-16T14:03:18","slug":"herren-real-madrid-heimtrikot-2022-23-kurzarm-online-kaufen-eder-militao-3","status":"publish","type":"product","link":"https:\/\/www.billigtrikotde.com\/fr\/herren-real-madrid-heimtrikot-2022-23-kurzarm-online-kaufen-eder-militao-3\/","title":{"rendered":"Maillot domicile Real Madrid Homme 2022-23 manches courtes Acheter en ligne Eder Militao 3"},"content":{"rendered":"<p>Apr\u00e8s plus d'une d\u00e9cennie sans maillots domicile, le maillot Real Madrid Adidas 2022-23 associe la couleur blanche embl\u00e9matique du club au noir et au violet. Pour la saison 2022-2023, Adidas a choisi un accent violet p\u00e2le. Le logo Adidas et le logo du sponsor sont noirs, les trois bandes sont violet clair.<br \/>\nLe maillot Real Madrid 22-23 a un col \u00e0 boutons. Quelques blasons discrets du Real Madrid sont incrust\u00e9s dans le tissu.<\/p>\n<p>Pour parfaire le look \u00e9l\u00e9gant, le col polo classique du maillot domicile Real Madrid 2022-2023 est agr\u00e9ment\u00e9 d\u2019un galon violet et noir.<\/p>\n<p>Conseils pour l'impression : Si le nom et le num\u00e9ro figurant sur l'image correspondent exactement \u00e0 ce que vous souhaitez, vous ne devez pas les saisir \u00e0 nouveau. Si ce n'est pas le cas, vous devez saisir le nom et le num\u00e9ro que vous souhaitez.<\/p>\n<p>Conseils pour le lavage : Il est recommand\u00e9 de laver les maillots de football \u00e0 la main. Si vous souhaitez utiliser la machine \u00e0 laver, pensez \u00e0 retourner les maillots de football avant de les laver. Remplissez la machine avec de l'eau froide et utilisez un cycle de lavage d\u00e9licat pour mieux prot\u00e9ger les couleurs.<\/p>","protected":false},"excerpt":{"rendered":"<p>Nach mehr als einem Jahrzehnt ohne Heimtrikots kombiniert das Adidas Real Madrid 2022-23 Trikot die ikonische wei\u00dfe Farbe des Vereins mit Schwarz und Lila.F\u00fcr die Saison 2022-2023 hat sich Adidas f\u00fcr eine blasslila Akzentfarbe entschieden. Das Adidas-Logo und das Sponsorenlogo sind schwarz, die drei Streifen helllila. Das Real Madrid 22-23 Trikot hat einen gekn\u00f6pften Kragen. [&hellip;]<\/p>","protected":false},"featured_media":12541,"comment_status":"open","ping_status":"closed","template":"","meta":[],"product_brand":[],"product_cat":[45],"product_tag":[20,21,22,23,228,24,489,490,271,47,268],"class_list":{"0":"post-12498","1":"product","2":"type-product","3":"status-publish","4":"has-post-thumbnail","6":"product_cat-real-madrid","7":"product_tag-coole-fussballtrikots","8":"product_tag-fussballtrikot-fuer-herren","9":"product_tag-fussballtrikot-guenstig-kaufen","10":"product_tag-fussballtrikot-kurzarm","11":"product_tag-guenstige-fussballtrikot","12":"product_tag-guenstiges-fussballtrikot","13":"product_tag-real-madrid-fussballtrikot","14":"product_tag-real-madrid-trikot","15":"product_tag-real-madrid-trikot-herren-guenstig","16":"product_tag-real-madrid-trikots","17":"product_tag-real-madrid-trikots-22-23","19":"first","20":"instock","21":"shipping-taxable","22":"purchasable","23":"product-type-variable"},"_links":{"self":[{"href":"https:\/\/www.billigtrikotde.com\/fr\/wp-json\/wp\/v2\/product\/12498","targetHints":{"allow":["GET"]}}],"collection":[{"href":"https:\/\/www.billigtrikotde.com\/fr\/wp-json\/wp\/v2\/product"}],"about":[{"href":"https:\/\/www.billigtrikotde.com\/fr\/wp-json\/wp\/v2\/types\/product"}],"replies":[{"embeddable":true,"href":"https:\/\/www.billigtrikotde.com\/fr\/wp-json\/wp\/v2\/comments?post=12498"}],"wp:featuredmedia":[{"embeddable":true,"href":"https:\/\/www.billigtrikotde.com\/fr\/wp-json\/wp\/v2\/media\/12541"}],"wp:attachment":[{"href":"https:\/\/www.billigtrikotde.com\/fr\/wp-json\/wp\/v2\/media?parent=12498"}],"wp:term":[{"taxonomy":"product_brand","embeddable":true,"href":"https:\/\/www.billigtrikotde.com\/fr\/wp-json\/wp\/v2\/product_brand?post=12498"},{"taxonomy":"product_cat","embeddable":true,"href":"https:\/\/www.billigtrikotde.com\/fr\/wp-json\/wp\/v2\/product_cat?post=12498"},{"taxonomy":"product_tag","embeddable":true,"href":"https:\/\/www.billigtrikotde.com\/fr\/wp-json\/wp\/v2\/product_tag?post=12498"}],"curies":[{"name":"wp","href":"https:\/\/api.w.org\/{rel}","templated":true}]}}